{"id":105,"date":"2020-08-12T10:56:31","date_gmt":"2020-08-12T07:56:31","guid":{"rendered":"https:\/\/scanreal.fi\/etusivu\/"},"modified":"2024-03-22T08:51:43","modified_gmt":"2024-03-22T06:51:43","slug":"etusivu","status":"publish","type":"page","link":"https:\/\/scanreal.fi\/en\/","title":{"rendered":"Front page"},"content":{"rendered":"\n<div>\n\t<div id=\"hero-block_5f43dc3bb83f5\" class=\"wp-block block-hero image-text\">\n\t\t<div class=\"grid-container\">\n\t\t\t<div class=\"grid-x grid-padding-x align-center-middle\">\n\t\t\t\t\n\t\t\t\t\t\t\t\t\t<div class=\"cell medium-6 large-5 large-offset-1 text-content\">\n\t\t\t\t\t\t<h1>An easy way to acquire new <span style=\"color: #6cb9ff;\">business premises.<br \/>\n<\/span>Free of charge.<span style=\"color: #6cb9ff;\"><br \/>\n<\/span><\/h1>\n<p>We map out your needs and look for the best available business premises for your company. As the landlords pay for our services, this is free for your business.<\/p>\n\t\t\t\t\t\t\t\t\t\t\t<\/div>\n\t\t\t\t\n\t\t\t\t\t\t\t\t\t<div class=\"cell medium-6 large-6\">\n\t\t\t\t\t\t<div class=\"hero-image\" style=\"background-image: url(https:\/\/scanreal.fi\/wp-content\/uploads\/2024\/03\/klaffikuva_ENG_v2-1.png); background-size: cover; background-position: 65.37% 23.13%;\">\n\n\t\t\t\t\t\t<\/div>\n\t\t\t\t\t<\/div>\n\t\t\t\t\t\t\t<\/div>\n\t\t<\/div>\n\t\t<div class=\"hero-social flex-container align-center align-bottom\">\n\t\t\t\t\t<\/div>\n\t<\/div>\n\n\t\n<\/div>\n\n\n<div class=\"wp-block-columns are-vertically-aligned-center is-style-reverse-mobile is-layout-flex wp-container-core-columns-is-layout-8f761849 wp-block-columns-is-layout-flex\">\n<div class=\"wp-block-column is-vertically-aligned-center is-style-column-narrow is-layout-flow wp-block-column-is-layout-flow\">\n<figure class=\"wp-block-image size-large\"><img loading=\"lazy\" decoding=\"async\" width=\"1440\" height=\"956\" src=\"https:\/\/scanreal.fi\/wp-content\/uploads\/2021\/01\/ScanReal-team-2-1440x956.jpg\" alt=\"\" class=\"wp-image-256\" srcset=\"https:\/\/scanreal.fi\/wp-content\/uploads\/2021\/01\/ScanReal-team-2-1440x956.jpg 1440w, https:\/\/scanreal.fi\/wp-content\/uploads\/2021\/01\/ScanReal-team-2-720x478.jpg 720w, https:\/\/scanreal.fi\/wp-content\/uploads\/2021\/01\/ScanReal-team-2-768x510.jpg 768w, https:\/\/scanreal.fi\/wp-content\/uploads\/2021\/01\/ScanReal-team-2-1536x1020.jpg 1536w, https:\/\/scanreal.fi\/wp-content\/uploads\/2021\/01\/ScanReal-team-2-2048x1360.jpg 2048w\" sizes=\"auto, (max-width: 1440px) 100vw, 1440px\" \/><\/figure>\n<\/div>\n\n\n\n<div class=\"wp-block-column is-vertically-aligned-center is-style-column-wide is-layout-flow wp-block-column-is-layout-flow\">\n<h2 class=\"wp-block-heading\">The right kind of  premises for your company with one contact<\/h2>\n\n\n\n<p class=\"wp-block-paragraph\">ScanReal is an expert company that help finding suitable business premises with solid experience and professionalism. We operate mainly in the Helsinki metropolitan area and we offer office premises, commercial premises, warehouse premises and production facilities as well as plots across Finland.<\/p>\n<\/div>\n<\/div>\n\n\n\n<div id=\"featured-properties-block_5f4fc0f48a352\" class=\"wp-block block-featured-properties has--background-color\">\n\t\t<div class=\"grid-x grid-margin-x\">\n\t\t<div class=\"cell text-center\">\n\t\t\t<h2 class=\"block-title\">Examples<\/h2>\n\t\t<\/div>\n\t<\/div>\n\t\t<div class=\"grid-x grid-margin-x cards-container\">\n\t\t<div class=\"cell text-center\">\n\t\t\t<style>\n\t.vt-featured-premises-section {}\n\t.vt-featured-premises-wrap {\n\t\tposition: relative;\n\t\tdisplay: flex;\n\t\tdisplay: -webkit-flex;\n\t\tdisplay: -ms-flexbox;\n\t\tflex-flow: row wrap;\n\t\tjustify-content: flex-start;\n\t\twidth: 100%;\n\t}\n\t.vt-featured-premises-item {\n\t\tposition: relative;\n\t\tflex: 0 1 24%;\n\t\tflex-wrap: nowrap;\n\t\ttext-align: left;\n\t\tmargin-right: 1%;\n\t\tmargin-bottom: 30px;\n\t\tbackground: #fff;\n\t\tborder-bottom: 4px solid #0081c6;\n\t\tbox-shadow: 2px 8px 8px rgba(0,0,0,.1);\n\t\tmin-width: 300px;\n\t}\n\t.vt-featured-premises-item:first-child {\n\t\tmargin-left: 0;\n\t}\n\t.vt-featured-premises-item-thumbnail {\n\t\t\n\t}\n\t.vt-featured-premises-item-thumbnail a:after {\n\t\tcontent: \"\";\n\t\tposition: absolute;\n\t\tleft: 0;\n\t\ttop: 0;\n\t\tbottom: 0;\n\t\twidth: 0;\n\t\tbackground: rgba(255,255,255,.2);\n\t\ttransition: all .2s ease;\n\t\t-moz-transition: all .2s ease;\n\t\t-webkit-transition: all .2s ease;\n\t}\n\t.vt-featured-premises-item-thumbnail:hover a:after {\n\t\twidth: 100%;\n\t}\n\t.vt-featured-premises-item-excerpt {\n\t\tpadding: 20px;\n\t\tmargin-bottom: 50px;\n\t}\n\t.vt-featured-premises-item-excerpt h5 {\n\t\tfont-weight: 400;\n\t\tmargin-bottom: 15px;\n\t}\n\t.vt-featured-premises-item-excerpt h5 a {\n\t\tcolor: #444;\n\t}\n\t.vt-featured-premises-item-type {\n\t\tfont-size: 15px;\n\t\tcolor: #999;\n\t\tmargin-bottom: 10px;\n\t}\n\t.vt-featured-premises-item-type .fa {\n\t\tmargin-right: 10px;\n\t}\n\t.vt-featured-premises-item-read-more {\n\t\tpadding: 0 20px 20px;\n\t\ttext-align: right;\n\t\tposition: absolute;\n\t\tbottom: 0;\n\t\tright: 0;\n\t}\n\t.vt-featured-premises-item-read-more a {\n\t\tdisplay: inline-block;\n\t\tbackground: #0081c6;\n\t\tcolor: #fff;\n\t\tpadding: 0 15px;\n\t\tline-height: 38px;\n\t\ttext-align: center;\n\t\tfont-size: 16px;\n\t\tborder-radius: 1px;\n\t}\n\t.vt-featured-premises-item-deal-title {\n\t\tposition: absolute;\n\t\tz-index: 100;\n\t\tleft: 0;\n\t\ttop: 0;\n\t\tpadding: .5em 1em .1em;\n\t\t\n\t\tbackground: rgba(0, 129, 198, .8);\n\t\tbox-shadow: 1px 1px 1px rgba(0,0,0,.2);\n\t\tcolor: #fff;\n\t}\n\t\n\t@media screen and (max-width: 650px) {\n\t\t.vt-featured-premises-wrap {\n\t\t\tdisplay: block;\n\t\t}\n\t}\t\n<\/style>\n\n<script src=\"https:\/\/kit.fontawesome.com\/4be0d41c64.js\" crossorigin=\"anonymous\"><\/script>\n\n<section id=\"vt-featured-premises-section\" class=\"ht-section vt-featured-premises-section\">\n\t<div class=\"ht-container\">\n\t\t<div class=\"ht-section-title-tagline\">\n\t\t\t<h2 class=\"ht-section-title\">Latest<\/h2>\n\t\t<\/div>\n\t\t<div class=\"vt-featured-premises-wrap ht-clearfix\">\n<div class=\"vt-featured-premises-item ht-clearfix\">\r\n\t<div class=\"vt-featured-premises-item-thumbnail\">\r\n<a href=\"\/en\/premises\/object\/?object_id=10863833&#038;ref=featured_embed\" data-oid=\"10863833\">\r\n\t<img decoding=\"async\" src=\"https:\/\/www.toimitilat.fi\/objectmanager\/images\/object_images\/800px\/image_10863833-63184408.jpg\" alt=\"\">\r\n<\/a>\r\n\t<\/div>\r\n\t\r\n\t<div class=\"vt-featured-premises-item-excerpt\">\r\n\t\t<h5>\r\n\t\t\t<a href=\"\/en\/premises\/object\/?object_id=10863833&#038;ref=featured_embed\">\r\nAnnankatu 8, Helsinki\r\n\t\t\t<\/a>\r\n\t\t<\/h5>\r\n\t\t\r\n\t\t<div class=\"vt-featured-premises-item-type\">\r\n\t\t\t<i class=\"fa fa-building-o\" aria-hidden=\"true\"><\/i> retail\r\n\t\t<\/div>\r\n\t\t\r\nKivijalkaliiketila paraatipaikalla Punavuoressa \u2013 305 m\u00b2 valoa ja n\u00e4kyvyytt\u00e4\r\n\t<\/div>\r\n\r\n\t<div class=\"vt-featured-premises-item-read-more\">\r\n\t\t<a href=\"\/en\/premises\/object\/?object_id=10863833&#038;ref=featured_embed\">\r\nShow\r\n\t\t<\/a>\r\n\t<\/div>\r\n\r\n\t<div class=\"vt-featured-premises-item-deal-title\">\r\n\t\t<h5>For rent<\/h5>\r\n\t<\/div>\r\n<\/div><div class=\"vt-featured-premises-item ht-clearfix\">\r\n\t<div class=\"vt-featured-premises-item-thumbnail\">\r\n<a href=\"\/en\/premises\/object\/?object_id=10863270&#038;ref=featured_embed\" data-oid=\"10863270\">\r\n\t<img decoding=\"async\" src=\"https:\/\/www.toimitilat.fi\/objectmanager\/images\/object_images\/800px\/image_10863270-63020136.jpg\" alt=\"\">\r\n<\/a>\r\n\t<\/div>\r\n\t\r\n\t<div class=\"vt-featured-premises-item-excerpt\">\r\n\t\t<h5>\r\n\t\t\t<a href=\"\/en\/premises\/object\/?object_id=10863270&#038;ref=featured_embed\">\r\nMalminkatu 16, Helsinki\r\n\t\t\t<\/a>\r\n\t\t<\/h5>\r\n\t\t\r\n\t\t<div class=\"vt-featured-premises-item-type\">\r\n\t\t\t<i class=\"fa fa-building-o\" aria-hidden=\"true\"><\/i> office\r\n\t\t<\/div>\r\n\t\t\r\nCharmikas viidennen kerroksen 572 m\u00b2 toimisto loistavalla sijainnilla Helsingin keskustassa.\r\n\t<\/div>\r\n\r\n\t<div class=\"vt-featured-premises-item-read-more\">\r\n\t\t<a href=\"\/en\/premises\/object\/?object_id=10863270&#038;ref=featured_embed\">\r\nShow\r\n\t\t<\/a>\r\n\t<\/div>\r\n\r\n\t<div class=\"vt-featured-premises-item-deal-title\">\r\n\t\t<h5>For rent<\/h5>\r\n\t<\/div>\r\n<\/div><div class=\"vt-featured-premises-item ht-clearfix\">\r\n\t<div class=\"vt-featured-premises-item-thumbnail\">\r\n<a href=\"\/en\/premises\/object\/?object_id=10861736&#038;ref=featured_embed\" data-oid=\"10861736\">\r\n\t<img decoding=\"async\" src=\"https:\/\/www.toimitilat.fi\/objectmanager\/images\/object_images\/800px\/image_10861736-62616953.jpg\" alt=\"\">\r\n<\/a>\r\n\t<\/div>\r\n\t\r\n\t<div class=\"vt-featured-premises-item-excerpt\">\r\n\t\t<h5>\r\n\t\t\t<a href=\"\/en\/premises\/object\/?object_id=10861736&#038;ref=featured_embed\">\r\nEmalikatu 10, J\u00e4rvenp\u00e4\u00e4\r\n\t\t\t<\/a>\r\n\t\t<\/h5>\r\n\t\t\r\n\t\t<div class=\"vt-featured-premises-item-type\">\r\n\t\t\t<i class=\"fa fa-building-o\" aria-hidden=\"true\"><\/i> production\r\n\t\t<\/div>\r\n\t\t\r\nJ\u00e4rvenp\u00e4\u00e4n V\u00e4h\u00e4nummessa vapautuva 3860 m\u00b2 tuotantotila tarjoaa erinomaiset puitteet sujuvaan ja tehokkaaseen arkeen hyvien kulkuyhteyksien varrella\r\n\t<\/div>\r\n\r\n\t<div class=\"vt-featured-premises-item-read-more\">\r\n\t\t<a href=\"\/en\/premises\/object\/?object_id=10861736&#038;ref=featured_embed\">\r\nShow\r\n\t\t<\/a>\r\n\t<\/div>\r\n\r\n\t<div class=\"vt-featured-premises-item-deal-title\">\r\n\t\t<h5>For rent<\/h5>\r\n\t<\/div>\r\n<\/div>\n\t\t<\/div>\n\t<\/div>\n<\/section>\n\t\t<\/div>\n\t<\/div>\n\t\t<div class=\"grid-x grid-margin-x\">\n\t\t<div class=\"cell text-center\">\n\t\t\t<a class=\"button hollow\" href=\"http:\/\/scanreal.fi\/en\/premises-search\/\" target=\"\">Find premises<\/a>\n\t\t<\/div>\n\t<\/div>\n\t<\/div>\n\n\n<div id=\"featured-content-block_5f44ae4ae554f\" class=\"wp-block block-featured-content\">\n\t\t<div class=\"\">\n\t\t\t\t<div class=\"grid-x grid-margin-x align-middle content-row\">\n\t\t\t<div class=\"cell medium-6\">\n\t\t\t\t\t\t\t\t<div class=\"image\" style=\"background-image: url(https:\/\/scanreal.fi\/wp-content\/uploads\/2020\/08\/austin-distel-wawEfYdpkag-unsplash.jpg); background-size: cover; background-position: 20.98% 61.72%;\">\n\t\t\t\t<\/div>\n\t\t\t<\/div>\n\t\t\t<div class=\"cell medium-6 text-content\">\n\t\t\t\t<h3>Premises<\/h3>\n<p>ScanReal offer premises that meet the wishes and requirements of our customers. Through an extensive cooperation network, we can offer properties from all major property owners, quickly, easily and comprehensively.<\/p>\n\t\t\t\t\t\t\t\t<p class=\"cta\"><a href=\"http:\/\/scanreal.fi\/en\/toimitilat\/\" target=\"\">All spaces<\/a><\/p>\n\t\t\t<\/div>\n\t\t<\/div>\n\t\t\t\t<div class=\"grid-x grid-margin-x align-middle content-row\">\n\t\t\t<div class=\"cell medium-6\">\n\t\t\t\t\t\t\t\t<div class=\"image\" style=\"background-image: url(https:\/\/scanreal.fi\/wp-content\/uploads\/2020\/08\/tyler-franta-iusJ25iYu1c-unsplash.jpg); background-size: cover; background-position: 65.28% 38.62%;\">\n\t\t\t\t<\/div>\n\t\t\t<\/div>\n\t\t\t<div class=\"cell medium-6 text-content\">\n\t\t\t\t<h3>Solutions for your business<\/h3>\n<p>ScanReal is a reliable player who help you save time and money. We know the owners of the properties, which makes it easier to do business and negotiate with them. Thanks to our large cooperation network, we can offer solutions that suit your needs.<\/p>\n\t\t\t\t\t\t\t\t<p class=\"cta\"><a href=\"http:\/\/scanreal.fi\/en\/tietoa-meista\/\" target=\"\">About us<\/a><\/p>\n\t\t\t<\/div>\n\t\t<\/div>\n\t\t\t<\/div>\n\t<\/div>","protected":false},"excerpt":{"rendered":"<p>The right kind of premises for your company with one contact ScanReal is an expert company that help finding suitable business premises with solid experience and professionalism. We operate mainly in the Helsinki metropolitan area&hellip;<\/p>\n","protected":false},"author":4,"featured_media":0,"parent":0,"menu_order":0,"comment_status":"closed","ping_status":"closed","template":"","meta":{"_crdt_document":"","footnotes":""},"class_list":["post-105","page","type-page","status-publish","hentry"],"yoast_head":"<!-- This site is optimized with the Yoast SEO plugin v27.4 - https:\/\/yoast.com\/product\/yoast-seo-wordpress\/ -->\n<title>ScanReal - Premises for your company with one contact<\/title>\n<meta name=\"description\" content=\"We rent and sell business premises with solid experience and professionalism. We operate in the Helsinki metropolitan area and we offer office premises, commercial premises, warehouse premises and production facilities across Finland.\" \/>\n<meta name=\"robots\" content=\"index, follow, max-snippet:-1, max-image-preview:large, max-video-preview:-1\" \/>\n<link rel=\"canonical\" href=\"https:\/\/scanreal.fi\/en\/\" \/>\n<meta property=\"og:locale\" content=\"en_US\" \/>\n<meta property=\"og:type\" content=\"article\" \/>\n<meta property=\"og:title\" content=\"ScanReal - Premises for your company with one contact\" \/>\n<meta property=\"og:description\" content=\"We rent and sell business premises with solid experience and professionalism. We operate in the Helsinki metropolitan area and we offer office premises, commercial premises, warehouse premises and production facilities across Finland.\" \/>\n<meta property=\"og:url\" content=\"https:\/\/scanreal.fi\/en\/\" \/>\n<meta property=\"og:site_name\" content=\"ScanReal toimitilat\" \/>\n<meta property=\"article:publisher\" content=\"https:\/\/www.facebook.com\/scanreal\" \/>\n<meta property=\"article:modified_time\" content=\"2024-03-22T06:51:43+00:00\" \/>\n<meta property=\"og:image\" content=\"https:\/\/scanreal.fi\/wp-content\/uploads\/2024\/03\/klaffikuva_ENG.png\" \/>\n\t<meta property=\"og:image:width\" content=\"1356\" \/>\n\t<meta property=\"og:image:height\" content=\"1116\" \/>\n\t<meta property=\"og:image:type\" content=\"image\/png\" \/>\n<meta name=\"twitter:card\" content=\"summary_large_image\" \/>\n<meta name=\"twitter:image\" content=\"https:\/\/scanreal.fi\/wp-content\/uploads\/2024\/03\/klaffikuva_ENG.png\" \/>\n<meta name=\"twitter:label1\" content=\"Est. reading time\" \/>\n\t<meta name=\"twitter:data1\" content=\"1 minute\" \/>\n<script type=\"application\/ld+json\" class=\"yoast-schema-graph\">{\"@context\":\"https:\\\/\\\/schema.org\",\"@graph\":[{\"@type\":\"WebPage\",\"@id\":\"https:\\\/\\\/scanreal.fi\\\/en\\\/\",\"url\":\"https:\\\/\\\/scanreal.fi\\\/en\\\/\",\"name\":\"ScanReal - Premises for your company with one contact\",\"isPartOf\":{\"@id\":\"https:\\\/\\\/scanreal.fi\\\/#website\"},\"primaryImageOfPage\":{\"@id\":\"https:\\\/\\\/scanreal.fi\\\/en\\\/#primaryimage\"},\"image\":{\"@id\":\"https:\\\/\\\/scanreal.fi\\\/en\\\/#primaryimage\"},\"thumbnailUrl\":\"https:\\\/\\\/scanreal.fi\\\/wp-content\\\/uploads\\\/2021\\\/01\\\/ScanReal-team-2-1440x956.jpg\",\"datePublished\":\"2020-08-12T07:56:31+00:00\",\"dateModified\":\"2024-03-22T06:51:43+00:00\",\"description\":\"We rent and sell business premises with solid experience and professionalism. We operate in the Helsinki metropolitan area and we offer office premises, commercial premises, warehouse premises and production facilities across Finland.\",\"breadcrumb\":{\"@id\":\"https:\\\/\\\/scanreal.fi\\\/en\\\/#breadcrumb\"},\"inLanguage\":\"en-US\",\"potentialAction\":[{\"@type\":\"ReadAction\",\"target\":[\"https:\\\/\\\/scanreal.fi\\\/en\\\/\"]}]},{\"@type\":\"ImageObject\",\"inLanguage\":\"en-US\",\"@id\":\"https:\\\/\\\/scanreal.fi\\\/en\\\/#primaryimage\",\"url\":\"https:\\\/\\\/scanreal.fi\\\/wp-content\\\/uploads\\\/2021\\\/01\\\/ScanReal-team-2-1440x956.jpg\",\"contentUrl\":\"https:\\\/\\\/scanreal.fi\\\/wp-content\\\/uploads\\\/2021\\\/01\\\/ScanReal-team-2-1440x956.jpg\"},{\"@type\":\"BreadcrumbList\",\"@id\":\"https:\\\/\\\/scanreal.fi\\\/en\\\/#breadcrumb\",\"itemListElement\":[{\"@type\":\"ListItem\",\"position\":1,\"name\":\"Etusivu\",\"item\":\"https:\\\/\\\/scanreal.fi\\\/en\\\/\"},{\"@type\":\"ListItem\",\"position\":2,\"name\":\"Front page\"}]},{\"@type\":\"WebSite\",\"@id\":\"https:\\\/\\\/scanreal.fi\\\/#website\",\"url\":\"https:\\\/\\\/scanreal.fi\\\/\",\"name\":\"ScanReal\",\"description\":\"Oikeanlaiset toimitilat yrityksellesi yhdell\u00e4 yhteydenotolla\",\"publisher\":{\"@id\":\"https:\\\/\\\/scanreal.fi\\\/#organization\"},\"potentialAction\":[{\"@type\":\"SearchAction\",\"target\":{\"@type\":\"EntryPoint\",\"urlTemplate\":\"https:\\\/\\\/scanreal.fi\\\/?s={search_term_string}\"},\"query-input\":{\"@type\":\"PropertyValueSpecification\",\"valueRequired\":true,\"valueName\":\"search_term_string\"}}],\"inLanguage\":\"en-US\"},{\"@type\":\"Organization\",\"@id\":\"https:\\\/\\\/scanreal.fi\\\/#organization\",\"name\":\"ScanReal Oy\",\"url\":\"https:\\\/\\\/scanreal.fi\\\/\",\"logo\":{\"@type\":\"ImageObject\",\"inLanguage\":\"en-US\",\"@id\":\"https:\\\/\\\/scanreal.fi\\\/#\\\/schema\\\/logo\\\/image\\\/\",\"url\":\"https:\\\/\\\/scanreal.fi\\\/wp-content\\\/uploads\\\/2020\\\/09\\\/Logo-Scanreal-sin-pohja-iso.png\",\"contentUrl\":\"https:\\\/\\\/scanreal.fi\\\/wp-content\\\/uploads\\\/2020\\\/09\\\/Logo-Scanreal-sin-pohja-iso.png\",\"width\":119,\"height\":55,\"caption\":\"ScanReal Oy\"},\"image\":{\"@id\":\"https:\\\/\\\/scanreal.fi\\\/#\\\/schema\\\/logo\\\/image\\\/\"},\"sameAs\":[\"https:\\\/\\\/www.facebook.com\\\/scanreal\",\"https:\\\/\\\/www.linkedin.com\\\/company\\\/scanreal-oy\\\/\"]}]}<\/script>\n<!-- \/ Yoast SEO plugin. -->","yoast_head_json":{"title":"ScanReal - Premises for your company with one contact","description":"We rent and sell business premises with solid experience and professionalism. We operate in the Helsinki metropolitan area and we offer office premises, commercial premises, warehouse premises and production facilities across Finland.","robots":{"index":"index","follow":"follow","max-snippet":"max-snippet:-1","max-image-preview":"max-image-preview:large","max-video-preview":"max-video-preview:-1"},"canonical":"https:\/\/scanreal.fi\/en\/","og_locale":"en_US","og_type":"article","og_title":"ScanReal - Premises for your company with one contact","og_description":"We rent and sell business premises with solid experience and professionalism. We operate in the Helsinki metropolitan area and we offer office premises, commercial premises, warehouse premises and production facilities across Finland.","og_url":"https:\/\/scanreal.fi\/en\/","og_site_name":"ScanReal toimitilat","article_publisher":"https:\/\/www.facebook.com\/scanreal","article_modified_time":"2024-03-22T06:51:43+00:00","og_image":[{"width":1356,"height":1116,"url":"https:\/\/scanreal.fi\/wp-content\/uploads\/2024\/03\/klaffikuva_ENG.png","type":"image\/png"}],"twitter_card":"summary_large_image","twitter_image":"https:\/\/scanreal.fi\/wp-content\/uploads\/2024\/03\/klaffikuva_ENG.png","twitter_misc":{"Est. reading time":"1 minute"},"schema":{"@context":"https:\/\/schema.org","@graph":[{"@type":"WebPage","@id":"https:\/\/scanreal.fi\/en\/","url":"https:\/\/scanreal.fi\/en\/","name":"ScanReal - Premises for your company with one contact","isPartOf":{"@id":"https:\/\/scanreal.fi\/#website"},"primaryImageOfPage":{"@id":"https:\/\/scanreal.fi\/en\/#primaryimage"},"image":{"@id":"https:\/\/scanreal.fi\/en\/#primaryimage"},"thumbnailUrl":"https:\/\/scanreal.fi\/wp-content\/uploads\/2021\/01\/ScanReal-team-2-1440x956.jpg","datePublished":"2020-08-12T07:56:31+00:00","dateModified":"2024-03-22T06:51:43+00:00","description":"We rent and sell business premises with solid experience and professionalism. We operate in the Helsinki metropolitan area and we offer office premises, commercial premises, warehouse premises and production facilities across Finland.","breadcrumb":{"@id":"https:\/\/scanreal.fi\/en\/#breadcrumb"},"inLanguage":"en-US","potentialAction":[{"@type":"ReadAction","target":["https:\/\/scanreal.fi\/en\/"]}]},{"@type":"ImageObject","inLanguage":"en-US","@id":"https:\/\/scanreal.fi\/en\/#primaryimage","url":"https:\/\/scanreal.fi\/wp-content\/uploads\/2021\/01\/ScanReal-team-2-1440x956.jpg","contentUrl":"https:\/\/scanreal.fi\/wp-content\/uploads\/2021\/01\/ScanReal-team-2-1440x956.jpg"},{"@type":"BreadcrumbList","@id":"https:\/\/scanreal.fi\/en\/#breadcrumb","itemListElement":[{"@type":"ListItem","position":1,"name":"Etusivu","item":"https:\/\/scanreal.fi\/en\/"},{"@type":"ListItem","position":2,"name":"Front page"}]},{"@type":"WebSite","@id":"https:\/\/scanreal.fi\/#website","url":"https:\/\/scanreal.fi\/","name":"ScanReal","description":"Oikeanlaiset toimitilat yrityksellesi yhdell\u00e4 yhteydenotolla","publisher":{"@id":"https:\/\/scanreal.fi\/#organization"},"potentialAction":[{"@type":"SearchAction","target":{"@type":"EntryPoint","urlTemplate":"https:\/\/scanreal.fi\/?s={search_term_string}"},"query-input":{"@type":"PropertyValueSpecification","valueRequired":true,"valueName":"search_term_string"}}],"inLanguage":"en-US"},{"@type":"Organization","@id":"https:\/\/scanreal.fi\/#organization","name":"ScanReal Oy","url":"https:\/\/scanreal.fi\/","logo":{"@type":"ImageObject","inLanguage":"en-US","@id":"https:\/\/scanreal.fi\/#\/schema\/logo\/image\/","url":"https:\/\/scanreal.fi\/wp-content\/uploads\/2020\/09\/Logo-Scanreal-sin-pohja-iso.png","contentUrl":"https:\/\/scanreal.fi\/wp-content\/uploads\/2020\/09\/Logo-Scanreal-sin-pohja-iso.png","width":119,"height":55,"caption":"ScanReal Oy"},"image":{"@id":"https:\/\/scanreal.fi\/#\/schema\/logo\/image\/"},"sameAs":["https:\/\/www.facebook.com\/scanreal","https:\/\/www.linkedin.com\/company\/scanreal-oy\/"]}]}},"_links":{"self":[{"href":"https:\/\/scanreal.fi\/en\/wp-json\/wp\/v2\/pages\/105","targetHints":{"allow":["GET"]}}],"collection":[{"href":"https:\/\/scanreal.fi\/en\/wp-json\/wp\/v2\/pages"}],"about":[{"href":"https:\/\/scanreal.fi\/en\/wp-json\/wp\/v2\/types\/page"}],"author":[{"embeddable":true,"href":"https:\/\/scanreal.fi\/en\/wp-json\/wp\/v2\/users\/4"}],"replies":[{"embeddable":true,"href":"https:\/\/scanreal.fi\/en\/wp-json\/wp\/v2\/comments?post=105"}],"version-history":[{"count":0,"href":"https:\/\/scanreal.fi\/en\/wp-json\/wp\/v2\/pages\/105\/revisions"}],"wp:attachment":[{"href":"https:\/\/scanreal.fi\/en\/wp-json\/wp\/v2\/media?parent=105"}],"curies":[{"name":"wp","href":"https:\/\/api.w.org\/{rel}","templated":true}]}}