{"id":307,"date":"2021-08-25T09:32:53","date_gmt":"2021-08-25T06:32:53","guid":{"rendered":"https:\/\/scanreal.fi\/?page_id=307"},"modified":"2021-08-25T09:33:01","modified_gmt":"2021-08-25T06:33:01","slug":"case-carl_hansen","status":"publish","type":"page","link":"https:\/\/scanreal.fi\/en\/case-carl_hansen\/","title":{"rendered":"CASE Carl Hansen &#038; S\u00f8n"},"content":{"rendered":"\n<div>\n\t<div id=\"hero-block_5f46c9695746f\" class=\"wp-block block-hero image-text\">\n\t\t<div class=\"grid-container\">\n\t\t\t<div class=\"grid-x grid-padding-x align-center-middle\">\n\t\t\t\t\n\t\t\t\t\t\t\t\t\t<div class=\"cell medium-6 large-5 large-offset-1 text-content\">\n\t\t\t\t\t\t<h3><b>CASE<br \/>\n<span style=\"color: #6cb9ff;\">Carl Hansen &amp; S\u00f8n<\/span><\/b><br \/>\n<b>Flagship Store Helsinki<\/b><\/h3>\n<h4>The flagship store also has a positive impact on retailers<\/h4>\n<p><b><i>\u201d<\/i><\/b>Our flagship stores have proven to be a fantastic business initiative that not only generates growth, but which also has a positive knock-on effect on all the dealers who sell furniture from Carl Hansen &amp; S\u00f8n.<span class=\"Apple-converted-space\">\u00a0<\/span><b><i><\/i><\/b><b><i>\u201d<\/i><\/b><\/p>\n<p style=\"text-align: right;\"><b><i>CEO <\/i><\/b><b><i>Knud<\/i><\/b><b><i> Erik Hansen<\/i><\/b><\/p>\n\t\t\t\t\t\t\t\t\t\t\t<\/div>\n\t\t\t\t\n\t\t\t\t\t\t\t\t\t<div class=\"cell medium-6 large-6\">\n\t\t\t\t\t\t<div class=\"hero-image\" style=\"background-image: url(https:\/\/scanreal.fi\/wp-content\/uploads\/2021\/08\/fss_helsinki-1440x960.jpeg); background-size: cover; background-position: 54.56% 45.24%;\">\n\n\t\t\t\t\t\t<\/div>\n\t\t\t\t\t<\/div>\n\t\t\t\t\t\t\t<\/div>\n\t\t<\/div>\n\t\t<div class=\"hero-social flex-container align-center align-bottom\">\n\t\t\t\t\t<\/div>\n\t<\/div>\n\n\t\n<\/div>\n\n\n<div class=\"wp-block-columns are-vertically-aligned-center is-layout-flex wp-container-core-columns-is-layout-8f761849 wp-block-columns-is-layout-flex\">\n<div class=\"wp-block-column is-vertically-aligned-center is-style-column-narrow is-layout-flow wp-block-column-is-layout-flow\">\n<figure class=\"wp-block-image size-full\"><img loading=\"lazy\" decoding=\"async\" width=\"996\" height=\"663\" src=\"https:\/\/scanreal.fi\/wp-content\/uploads\/2021\/08\/helsinkifss004-web.jpg\" alt=\"Carl Hansen &amp; S\u00f8n Helsinki Flagship Store interior\" class=\"wp-image-318\" srcset=\"https:\/\/scanreal.fi\/wp-content\/uploads\/2021\/08\/helsinkifss004-web.jpg 996w, https:\/\/scanreal.fi\/wp-content\/uploads\/2021\/08\/helsinkifss004-web-720x479.jpg 720w, https:\/\/scanreal.fi\/wp-content\/uploads\/2021\/08\/helsinkifss004-web-768x511.jpg 768w\" sizes=\"auto, (max-width: 996px) 100vw, 996px\" \/><\/figure>\n\n\n\n<p class=\"wp-block-paragraph\"><\/p>\n<\/div>\n\n\n\n<div class=\"wp-block-column is-vertically-aligned-center is-style-column-wide is-layout-flow wp-block-column-is-layout-flow\">\n<p class=\"wp-block-paragraph\"><\/p>\n\n\n\n<p class=\"wp-block-paragraph\"><a href=\"https:\/\/www.carlhansen.com\/en\" target=\"_blank\" rel=\"noreferrer noopener\">Carl Hansen &amp; S\u00f8n<\/a> is a family-owned Danish furniture company based on the island of Funen. Carl Hansen &amp; S\u00f8n is the company behind many classical furniture designs by leading figures of the Danish modern movement but the company is also collaborating with contemporary designers.<\/p>\n\n\n\n<p class=\"wp-block-paragraph\">The development of Carl Hansen &amp; S\u00f8n has been deeply influenced by a long-term relationship with Hans J. Wegner, one of the greatest designers of all time, who became the driving force behind the international success of the Danish modern design movement. The most well-known names of the movement are Kaare Klint, Arne Jacobsen, Ole Wanscher, B\u00f8rge Mogensen and Poul Kj\u00e6rholm. The company also cooperates with new designers, which include e.g. Tadao Ando, EOOS, Naja Utzon Popov, Anker Bak and Brad Ascalon.<\/p>\n\n\n\n<p class=\"wp-block-paragraph\"><\/p>\n\n\n\n<p class=\"wp-block-paragraph\"><\/p>\n\n\n\n<p class=\"cta wp-block-paragraph\"><\/p>\n<\/div>\n<\/div>\n\n\n\n<h4 class=\"wp-block-heading\"><strong><strong>Best location in the middle of everything<\/strong><\/strong><\/h4>\n\n\n\n<div class=\"wp-block-columns is-layout-flex wp-container-core-columns-is-layout-8f761849 wp-block-columns-is-layout-flex\">\n<div class=\"wp-block-column is-layout-flow wp-block-column-is-layout-flow\">\n<p class=\"wp-block-paragraph\">The opening of a flagship store in Finland seemed self-evident, as we have a very similar taste in terms of design and materials &#8211; simple design and time-resistant natural materials. At the flagship store, in addition to offering a wider selection, we are able to experience and try out furniture in a home-like environment where they get even closer to the story behind the furniture, says  <strong>Martin Leth<\/strong>, Flagship Store Project Manager.<\/p>\n<\/div>\n\n\n\n<div class=\"wp-block-column is-layout-flow wp-block-column-is-layout-flow\">\n<figure class=\"wp-block-image size-full\"><img loading=\"lazy\" decoding=\"async\" width=\"518\" height=\"292\" src=\"https:\/\/scanreal.fi\/wp-content\/uploads\/2021\/08\/Martin-Leth.jpg\" alt=\"Martin Leth\" class=\"wp-image-324\"\/><\/figure>\n<\/div>\n<\/div>\n\n\n\n<p class=\"wp-block-paragraph\"><meta charset=\"utf-8\">As in other cities, we wanted to open a flagship store in the heart of Helsinki in a central and high-quality location. We set out to map a suitable store space at the beginning of 2021, and ScanReal was recommended as a business premises broker. They immediately impressed us with their professional touch and asking the right questions. They were able to propose several retail premises in the heart of Helsinki that met our needs, and it didn&#8217;t take long to find a retail space in Girs\u00e9n&#8217;s house on the corner of Etel\u00e4esplanadi and Erottajankatu, which met all the requirements for a flagship store, adds Martin Leth.<\/p>\n\n\n\n<h4 class=\"wp-block-heading\"><strong><strong>We spoke the same language<\/strong><\/strong><\/h4>\n\n\n\n<p class=\"wp-block-paragraph\">The collaboration with ScanReal went great, as a joint melody was immediately created with our contact <meta charset=\"utf-8\"><strong><a href=\"https:\/\/scanreal.fi\/en\/contact-information\/\">Jan Nyberg<\/a><\/strong>. He understood the criteria of the flagship concept in terms of location and Business Space, and that\u2019s why things progressed at a rapid pace. Jan is a typical Finn in the eyes of a Dane, things are progressing according to the agreed schedule and what is promised will be done. In addition, when the retail space was also renovated at a rapid pace in just three weeks, we were able to celebrate the opening in June 2021. commented Martin Leth. <\/p>\n\n\n\n<p class=\"is-style-default has-white-color has-dark-blue-background-color has-text-color has-background wp-block-paragraph\"><strong><span style=\"color: #6cb9ff;\">CASE Carl Hansen &amp; S\u00f8n Flagship Store Helsinki<\/span><\/strong> <br><br>CHALLENGE<br>To find a space that meets the requirements for a flagship store in the best location in town.<br><br>SOLUTION<br>Suitable premises were found in Girs\u00e9n&#8217;s house on the corner of Etel\u00e4esplanadi and Erottajankatu. The premises were renovated in accordance with the customer&#8217;s flagship store concept.<br><br>SIZE OF THE SPACE<br>279 m\u00b2 (+ storage 38 m\u00b2)<br><br>SPACE TYPE<br>Retail store<\/p>\n\n\n\n<p class=\"wp-block-paragraph\"><\/p>\n\n\n\n<p class=\"wp-block-paragraph\"><\/p>\n","protected":false},"excerpt":{"rendered":"<p>Carl Hansen &amp; S\u00f8n is a family-owned Danish furniture company based on the island of Funen. Carl Hansen &amp; S\u00f8n is the company behind many classical furniture designs by leading figures of the Danish modern&hellip;<\/p>\n","protected":false},"author":4,"featured_media":0,"parent":0,"menu_order":0,"comment_status":"closed","ping_status":"closed","template":"","meta":{"_crdt_document":"","footnotes":""},"class_list":["post-307","page","type-page","status-publish","hentry"],"yoast_head":"<!-- This site is optimized with the Yoast SEO plugin v27.5 - https:\/\/yoast.com\/product\/yoast-seo-wordpress\/ -->\n<title>CASE Carl Hansen &amp; S\u00f8n - ScanReal toimitilat<\/title>\n<meta name=\"description\" content=\"With the help of ScanReal, Carl Hansen &amp; S\u00f8n found new premises for the Helsinki flagship store on the corner of Erottaja and Etel\u00e4esplanadi. Carl Hansen &amp; S\u00f8n is a family-owned Danish furniture company with roots on the island of Funen.\" \/>\n<meta name=\"robots\" content=\"index, follow, max-snippet:-1, max-image-preview:large, max-video-preview:-1\" \/>\n<link rel=\"canonical\" href=\"https:\/\/scanreal.fi\/en\/case-carl_hansen\/\" \/>\n<meta property=\"og:locale\" content=\"en_US\" \/>\n<meta property=\"og:type\" content=\"article\" \/>\n<meta property=\"og:title\" content=\"CASE Carl Hansen &amp; S\u00f8n - ScanReal toimitilat\" \/>\n<meta property=\"og:description\" content=\"With the help of ScanReal, Carl Hansen &amp; S\u00f8n found new premises for the Helsinki flagship store on the corner of Erottaja and Etel\u00e4esplanadi. Carl Hansen &amp; S\u00f8n is a family-owned Danish furniture company with roots on the island of Funen.\" \/>\n<meta property=\"og:url\" content=\"https:\/\/scanreal.fi\/en\/case-carl_hansen\/\" \/>\n<meta property=\"og:site_name\" content=\"ScanReal toimitilat\" \/>\n<meta property=\"article:publisher\" content=\"https:\/\/www.facebook.com\/scanreal\" \/>\n<meta property=\"article:modified_time\" content=\"2021-08-25T06:33:01+00:00\" \/>\n<meta property=\"og:image\" content=\"https:\/\/scanreal.fi\/wp-content\/uploads\/2021\/08\/helsinkifss004-web.jpg\" \/>\n<meta name=\"twitter:card\" content=\"summary_large_image\" \/>\n<meta name=\"twitter:label1\" content=\"Est. reading time\" \/>\n\t<meta name=\"twitter:data1\" content=\"3 minutes\" \/>\n<script type=\"application\/ld+json\" class=\"yoast-schema-graph\">{\"@context\":\"https:\\\/\\\/schema.org\",\"@graph\":[{\"@type\":\"WebPage\",\"@id\":\"https:\\\/\\\/scanreal.fi\\\/en\\\/case-carl_hansen\\\/\",\"url\":\"https:\\\/\\\/scanreal.fi\\\/en\\\/case-carl_hansen\\\/\",\"name\":\"CASE Carl Hansen & S\u00f8n - ScanReal toimitilat\",\"isPartOf\":{\"@id\":\"https:\\\/\\\/scanreal.fi\\\/#website\"},\"primaryImageOfPage\":{\"@id\":\"https:\\\/\\\/scanreal.fi\\\/en\\\/case-carl_hansen\\\/#primaryimage\"},\"image\":{\"@id\":\"https:\\\/\\\/scanreal.fi\\\/en\\\/case-carl_hansen\\\/#primaryimage\"},\"thumbnailUrl\":\"https:\\\/\\\/scanreal.fi\\\/wp-content\\\/uploads\\\/2021\\\/08\\\/helsinkifss004-web.jpg\",\"datePublished\":\"2021-08-25T06:32:53+00:00\",\"dateModified\":\"2021-08-25T06:33:01+00:00\",\"description\":\"With the help of ScanReal, Carl Hansen & S\u00f8n found new premises for the Helsinki flagship store on the corner of Erottaja and Etel\u00e4esplanadi. Carl Hansen & S\u00f8n is a family-owned Danish furniture company with roots on the island of Funen.\",\"breadcrumb\":{\"@id\":\"https:\\\/\\\/scanreal.fi\\\/en\\\/case-carl_hansen\\\/#breadcrumb\"},\"inLanguage\":\"en-US\",\"potentialAction\":[{\"@type\":\"ReadAction\",\"target\":[\"https:\\\/\\\/scanreal.fi\\\/en\\\/case-carl_hansen\\\/\"]}]},{\"@type\":\"ImageObject\",\"inLanguage\":\"en-US\",\"@id\":\"https:\\\/\\\/scanreal.fi\\\/en\\\/case-carl_hansen\\\/#primaryimage\",\"url\":\"https:\\\/\\\/scanreal.fi\\\/wp-content\\\/uploads\\\/2021\\\/08\\\/helsinkifss004-web.jpg\",\"contentUrl\":\"https:\\\/\\\/scanreal.fi\\\/wp-content\\\/uploads\\\/2021\\\/08\\\/helsinkifss004-web.jpg\"},{\"@type\":\"BreadcrumbList\",\"@id\":\"https:\\\/\\\/scanreal.fi\\\/en\\\/case-carl_hansen\\\/#breadcrumb\",\"itemListElement\":[{\"@type\":\"ListItem\",\"position\":1,\"name\":\"Etusivu\",\"item\":\"https:\\\/\\\/scanreal.fi\\\/en\\\/\"},{\"@type\":\"ListItem\",\"position\":2,\"name\":\"CASE Carl Hansen &#038; S\u00f8n\"}]},{\"@type\":\"WebSite\",\"@id\":\"https:\\\/\\\/scanreal.fi\\\/#website\",\"url\":\"https:\\\/\\\/scanreal.fi\\\/\",\"name\":\"ScanReal\",\"description\":\"Oikeanlaiset toimitilat yrityksellesi yhdell\u00e4 yhteydenotolla\",\"publisher\":{\"@id\":\"https:\\\/\\\/scanreal.fi\\\/#organization\"},\"potentialAction\":[{\"@type\":\"SearchAction\",\"target\":{\"@type\":\"EntryPoint\",\"urlTemplate\":\"https:\\\/\\\/scanreal.fi\\\/?s={search_term_string}\"},\"query-input\":{\"@type\":\"PropertyValueSpecification\",\"valueRequired\":true,\"valueName\":\"search_term_string\"}}],\"inLanguage\":\"en-US\"},{\"@type\":\"Organization\",\"@id\":\"https:\\\/\\\/scanreal.fi\\\/#organization\",\"name\":\"ScanReal Oy\",\"url\":\"https:\\\/\\\/scanreal.fi\\\/\",\"logo\":{\"@type\":\"ImageObject\",\"inLanguage\":\"en-US\",\"@id\":\"https:\\\/\\\/scanreal.fi\\\/#\\\/schema\\\/logo\\\/image\\\/\",\"url\":\"https:\\\/\\\/scanreal.fi\\\/wp-content\\\/uploads\\\/2020\\\/09\\\/Logo-Scanreal-sin-pohja-iso.png\",\"contentUrl\":\"https:\\\/\\\/scanreal.fi\\\/wp-content\\\/uploads\\\/2020\\\/09\\\/Logo-Scanreal-sin-pohja-iso.png\",\"width\":119,\"height\":55,\"caption\":\"ScanReal Oy\"},\"image\":{\"@id\":\"https:\\\/\\\/scanreal.fi\\\/#\\\/schema\\\/logo\\\/image\\\/\"},\"sameAs\":[\"https:\\\/\\\/www.facebook.com\\\/scanreal\",\"https:\\\/\\\/www.linkedin.com\\\/company\\\/scanreal-oy\\\/\"]}]}<\/script>\n<!-- \/ Yoast SEO plugin. -->","yoast_head_json":{"title":"CASE Carl Hansen & S\u00f8n - ScanReal toimitilat","description":"With the help of ScanReal, Carl Hansen & S\u00f8n found new premises for the Helsinki flagship store on the corner of Erottaja and Etel\u00e4esplanadi. Carl Hansen & S\u00f8n is a family-owned Danish furniture company with roots on the island of Funen.","robots":{"index":"index","follow":"follow","max-snippet":"max-snippet:-1","max-image-preview":"max-image-preview:large","max-video-preview":"max-video-preview:-1"},"canonical":"https:\/\/scanreal.fi\/en\/case-carl_hansen\/","og_locale":"en_US","og_type":"article","og_title":"CASE Carl Hansen & S\u00f8n - ScanReal toimitilat","og_description":"With the help of ScanReal, Carl Hansen & S\u00f8n found new premises for the Helsinki flagship store on the corner of Erottaja and Etel\u00e4esplanadi. Carl Hansen & S\u00f8n is a family-owned Danish furniture company with roots on the island of Funen.","og_url":"https:\/\/scanreal.fi\/en\/case-carl_hansen\/","og_site_name":"ScanReal toimitilat","article_publisher":"https:\/\/www.facebook.com\/scanreal","article_modified_time":"2021-08-25T06:33:01+00:00","og_image":[{"url":"https:\/\/scanreal.fi\/wp-content\/uploads\/2021\/08\/helsinkifss004-web.jpg","type":"","width":"","height":""}],"twitter_card":"summary_large_image","twitter_misc":{"Est. reading time":"3 minutes"},"schema":{"@context":"https:\/\/schema.org","@graph":[{"@type":"WebPage","@id":"https:\/\/scanreal.fi\/en\/case-carl_hansen\/","url":"https:\/\/scanreal.fi\/en\/case-carl_hansen\/","name":"CASE Carl Hansen & S\u00f8n - ScanReal toimitilat","isPartOf":{"@id":"https:\/\/scanreal.fi\/#website"},"primaryImageOfPage":{"@id":"https:\/\/scanreal.fi\/en\/case-carl_hansen\/#primaryimage"},"image":{"@id":"https:\/\/scanreal.fi\/en\/case-carl_hansen\/#primaryimage"},"thumbnailUrl":"https:\/\/scanreal.fi\/wp-content\/uploads\/2021\/08\/helsinkifss004-web.jpg","datePublished":"2021-08-25T06:32:53+00:00","dateModified":"2021-08-25T06:33:01+00:00","description":"With the help of ScanReal, Carl Hansen & S\u00f8n found new premises for the Helsinki flagship store on the corner of Erottaja and Etel\u00e4esplanadi. Carl Hansen & S\u00f8n is a family-owned Danish furniture company with roots on the island of Funen.","breadcrumb":{"@id":"https:\/\/scanreal.fi\/en\/case-carl_hansen\/#breadcrumb"},"inLanguage":"en-US","potentialAction":[{"@type":"ReadAction","target":["https:\/\/scanreal.fi\/en\/case-carl_hansen\/"]}]},{"@type":"ImageObject","inLanguage":"en-US","@id":"https:\/\/scanreal.fi\/en\/case-carl_hansen\/#primaryimage","url":"https:\/\/scanreal.fi\/wp-content\/uploads\/2021\/08\/helsinkifss004-web.jpg","contentUrl":"https:\/\/scanreal.fi\/wp-content\/uploads\/2021\/08\/helsinkifss004-web.jpg"},{"@type":"BreadcrumbList","@id":"https:\/\/scanreal.fi\/en\/case-carl_hansen\/#breadcrumb","itemListElement":[{"@type":"ListItem","position":1,"name":"Etusivu","item":"https:\/\/scanreal.fi\/en\/"},{"@type":"ListItem","position":2,"name":"CASE Carl Hansen &#038; S\u00f8n"}]},{"@type":"WebSite","@id":"https:\/\/scanreal.fi\/#website","url":"https:\/\/scanreal.fi\/","name":"ScanReal","description":"Oikeanlaiset toimitilat yrityksellesi yhdell\u00e4 yhteydenotolla","publisher":{"@id":"https:\/\/scanreal.fi\/#organization"},"potentialAction":[{"@type":"SearchAction","target":{"@type":"EntryPoint","urlTemplate":"https:\/\/scanreal.fi\/?s={search_term_string}"},"query-input":{"@type":"PropertyValueSpecification","valueRequired":true,"valueName":"search_term_string"}}],"inLanguage":"en-US"},{"@type":"Organization","@id":"https:\/\/scanreal.fi\/#organization","name":"ScanReal Oy","url":"https:\/\/scanreal.fi\/","logo":{"@type":"ImageObject","inLanguage":"en-US","@id":"https:\/\/scanreal.fi\/#\/schema\/logo\/image\/","url":"https:\/\/scanreal.fi\/wp-content\/uploads\/2020\/09\/Logo-Scanreal-sin-pohja-iso.png","contentUrl":"https:\/\/scanreal.fi\/wp-content\/uploads\/2020\/09\/Logo-Scanreal-sin-pohja-iso.png","width":119,"height":55,"caption":"ScanReal Oy"},"image":{"@id":"https:\/\/scanreal.fi\/#\/schema\/logo\/image\/"},"sameAs":["https:\/\/www.facebook.com\/scanreal","https:\/\/www.linkedin.com\/company\/scanreal-oy\/"]}]}},"_links":{"self":[{"href":"https:\/\/scanreal.fi\/en\/wp-json\/wp\/v2\/pages\/307","targetHints":{"allow":["GET"]}}],"collection":[{"href":"https:\/\/scanreal.fi\/en\/wp-json\/wp\/v2\/pages"}],"about":[{"href":"https:\/\/scanreal.fi\/en\/wp-json\/wp\/v2\/types\/page"}],"author":[{"embeddable":true,"href":"https:\/\/scanreal.fi\/en\/wp-json\/wp\/v2\/users\/4"}],"replies":[{"embeddable":true,"href":"https:\/\/scanreal.fi\/en\/wp-json\/wp\/v2\/comments?post=307"}],"version-history":[{"count":0,"href":"https:\/\/scanreal.fi\/en\/wp-json\/wp\/v2\/pages\/307\/revisions"}],"wp:attachment":[{"href":"https:\/\/scanreal.fi\/en\/wp-json\/wp\/v2\/media?parent=307"}],"curies":[{"name":"wp","href":"https:\/\/api.w.org\/{rel}","templated":true}]}}