{"id":441,"date":"2023-02-24T22:14:27","date_gmt":"2023-02-24T20:14:27","guid":{"rendered":"https:\/\/scanreal.fi\/?page_id=441"},"modified":"2023-02-24T22:16:27","modified_gmt":"2023-02-24T20:16:27","slug":"case-lofbergs","status":"publish","type":"page","link":"https:\/\/scanreal.fi\/en\/case-lofbergs\/","title":{"rendered":"Case L\u00f6fbergs"},"content":{"rendered":"\n<div>\n\t<div id=\"hero-block_5f46c9695746f\" class=\"wp-block block-hero image-text\">\n\t\t<div class=\"grid-container\">\n\t\t\t<div class=\"grid-x grid-padding-x align-center-middle\">\n\t\t\t\t\n\t\t\t\t\t\t\t\t\t<div class=\"cell medium-6 large-5 large-offset-1 text-content\">\n\t\t\t\t\t\t<h3><b>CASE<br \/>\n<span style=\"color: #6cb9ff;\">L\u00f6fbergs<\/span><br \/>\n<b>Vantaa<\/b><\/b><\/h3>\n<p><b><i>\u201dWe want to act as an active interpreter between landlord and tenant right up to the moment of signing<\/i><\/b><b><i>\u201d<\/i><\/b><\/p>\n<p style=\"text-align: right;\"><b><i><strong>Jan Nyberg<\/strong><br \/>\nPartner, Certified Broker<br \/>\nScanReal Oy<\/i><\/b><\/p>\n\t\t\t\t\t\t\t\t\t\t\t<\/div>\n\t\t\t\t\n\t\t\t\t\t\t\t\t\t<div class=\"cell medium-6 large-6\">\n\t\t\t\t\t\t<div class=\"hero-image\" style=\"background-image: url(https:\/\/scanreal.fi\/wp-content\/uploads\/2022\/05\/RMT34.jpg); background-size: cover; background-position: 36.73% 61.82%;\">\n\n\t\t\t\t\t\t<\/div>\n\t\t\t\t\t<\/div>\n\t\t\t\t\t\t\t<\/div>\n\t\t<\/div>\n\t\t<div class=\"hero-social flex-container align-center align-bottom\">\n\t\t\t\t\t<\/div>\n\t<\/div>\n\n\t\n<\/div>\n\n\n<div class=\"wp-block-columns are-vertically-aligned-center is-layout-flex wp-container-core-columns-is-layout-8f761849 wp-block-columns-is-layout-flex\">\n<div class=\"wp-block-column is-vertically-aligned-center is-style-column-narrow is-layout-flow wp-block-column-is-layout-flow\">\n<figure class=\"wp-block-image size-large\"><img loading=\"lazy\" decoding=\"async\" width=\"1440\" height=\"1392\" src=\"https:\/\/scanreal.fi\/wp-content\/uploads\/2022\/05\/RMT35-1440x1392.jpg\" alt=\"\" class=\"wp-image-450\" srcset=\"https:\/\/scanreal.fi\/wp-content\/uploads\/2022\/05\/RMT35-1440x1392.jpg 1440w, https:\/\/scanreal.fi\/wp-content\/uploads\/2022\/05\/RMT35-720x696.jpg 720w, https:\/\/scanreal.fi\/wp-content\/uploads\/2022\/05\/RMT35-768x742.jpg 768w, https:\/\/scanreal.fi\/wp-content\/uploads\/2022\/05\/RMT35-1536x1485.jpg 1536w, https:\/\/scanreal.fi\/wp-content\/uploads\/2022\/05\/RMT35-2048x1980.jpg 2048w\" sizes=\"auto, (max-width: 1440px) 100vw, 1440px\" \/><\/figure>\n\n\n\n<p class=\"wp-block-paragraph\"><\/p>\n<\/div>\n\n\n\n<div class=\"wp-block-column is-vertically-aligned-center is-style-column-wide is-layout-flow wp-block-column-is-layout-flow\">\n<p class=\"wp-block-paragraph\"><\/p>\n\n\n\n<p class=\"wp-block-paragraph\"><a href=\"https:\/\/www.lofbergs.fi\/\">L\u00f6fbergs<\/a> was founded in 1906 in Karlstad, Sweden. Today, it is one of the largest coffee roasters in the Nordic countries and is still a family business, currently managed by the third and fourth generations. The company has increased its sales in Finland during the last few years and has become known in the market especially for its dark roasted coffees. Although the coffee market has been very stable in Finland, sales of dark roasted coffee have increased by around 30 percent annually. The subsidiary L\u00f6fbergs Finland Oy is responsible for operations in Finland.<\/p>\n<\/div>\n<\/div>\n\n\n\n<h4 class=\"wp-block-heading\" id=\"as-the-number-of-staff-grew-and-life-situations-changed-the-location-in-the-city-center-was-no-longer-the-thing\">The goal was to find diverse facilities along good transport links<\/h4>\n\n\n\n<div class=\"wp-block-columns is-layout-flex wp-container-core-columns-is-layout-8f761849 wp-block-columns-is-layout-flex\">\n<div class=\"wp-block-column is-layout-flow wp-block-column-is-layout-flow\">\n<p class=\"wp-block-paragraph\">We received the assignment in a situation where L\u00f6fbergs wanted to find suitable premises near the airport, along Ring III, with good traffic connections, due to the expansion of operations and staff growth. Due to the delays caused by the pandemic, the search for facilities that started in the fall of 2020 was moved forward a year to the fall of 2021.<\/p>\n\n\n\n<p class=\"wp-block-paragraph\">L\u00f6fbergs had very precisely defined his requirements for the future head office in Finland. The facilities were wanted to be located within a radius of approx. 5 km from the airport. In addition to office spaces and conference rooms, we wanted spaces for the &#8220;kaffeskolan&#8221;, i.e. a teaching kitchen, exhibition spaces for product presentations and storage space in connection with the property. The exact specs posed their own challenges for finding suitable spaces, but on the other hand, such precisely defined wishes made the search easier, because it was easier to narrow down the space candidates.<\/p>\n<\/div>\n\n\n\n<div class=\"wp-block-column is-layout-flow wp-block-column-is-layout-flow\">\n<figure class=\"wp-block-image size-large\"><img loading=\"lazy\" decoding=\"async\" width=\"1440\" height=\"1080\" src=\"https:\/\/scanreal.fi\/wp-content\/uploads\/2022\/05\/IMG_9001-1440x1080.jpg\" alt=\"Riihi\" class=\"wp-image-453\" srcset=\"https:\/\/scanreal.fi\/wp-content\/uploads\/2022\/05\/IMG_9001-1440x1080.jpg 1440w, https:\/\/scanreal.fi\/wp-content\/uploads\/2022\/05\/IMG_9001-720x540.jpg 720w, https:\/\/scanreal.fi\/wp-content\/uploads\/2022\/05\/IMG_9001-768x576.jpg 768w, https:\/\/scanreal.fi\/wp-content\/uploads\/2022\/05\/IMG_9001-1536x1152.jpg 1536w, https:\/\/scanreal.fi\/wp-content\/uploads\/2022\/05\/IMG_9001.jpg 2016w\" sizes=\"auto, (max-width: 1440px) 100vw, 1440px\" \/><\/figure>\n<\/div>\n<\/div>\n\n\n\n<p class=\"wp-block-paragraph\">The mapping of the first spaces was about finding a common understanding and vision. In addition to squares and location, it is also a matter of feeling, what kind of spaces resonate not only with the customer&#8217;s rational wishes, but also with an emotional feeling.<\/p>\n\n\n\n<p class=\"wp-block-paragraph\">With the pandemic abating in the fall of 2021, it was wanted to quickly start mapping the premises in August, and the first vacant premises could already be viewed within the following months.<\/p>\n\n\n\n<h4 class=\"wp-block-heading\" id=\"the-staff-were-allowed-to-vote-for-their-favorites\">The long-term search for facilities is starting to bear fruit<\/h4>\n\n\n\n<p class=\"wp-block-paragraph\">All in all, on both sides of the turn of the year, twenty sites were mapped along Ring III in Helsinki and Vantaa, 15 of which were visited on site. Of course, some of these didn&#8217;t completely fit the specifications, but you can&#8217;t always know if there are always spaces that meet all the customer&#8217;s specifications, but when some are filled, it&#8217;s better to at least visit the spaces. Nine of the objects viewed on site met the customer&#8217;s criteria. In March 2021, three sites were selected from these for the shortlist for a more detailed offer.<\/p>\n\n\n\n<p class=\"wp-block-paragraph\">None of these three were ready as such, but each would need some modifications, such as the construction of a teaching kitchen or modifications to storage areas, etc.<\/p>\n\n\n\n<p class=\"wp-block-paragraph\">The final choice fell on a location in Varisto, Vantaa at Riihimiehentie 3, , owned by <\/p>\n\n\n\n<p class=\"wp-block-paragraph\">All in all, on both sides of the turn of the year, twenty sites were mapped along Ring III in Helsinki and Vantaa, 15 of which were visited on site. Of course, some of these didn&#8217;t completely fit the specifications, but you can&#8217;t always know if there are always spaces that meet all the customer&#8217;s specifications, but when some are filled, it&#8217;s better to at least visit the spaces. Nine of the objects viewed on site met the customer&#8217;s criteria. In March 2021, three sites were selected from these for the shortlist for a more detailed offer.<\/p>\n\n\n\n<p class=\"wp-block-paragraph\">None of these three were ready as such, but each would need some modifications, such as the construction of a teaching kitchen or modifications to storage areas, etc.<\/p>\n\n\n\n<p class=\"wp-block-paragraph\">The final choice fell on alocation in Varisto, Vantaa at Riihimiehentie 3, owned by Nurmi Kiinteist\u00f6t, where there were ready-made office premises, which could be adapted into a teaching kitchen according to the L\u00f6fbergs&#8217; wishes, and storage facilities could conveniently be found in the adjacent building.<\/p>\n\n\n\n<p class=\"wp-block-paragraph\">There is plenty of parking available in the property and there are several lunch restaurants nearby. The contract was made by Swedish persons in the name of a Finnish company, so it was good to go through the rights and obligations between the parties in more detail than usual in order to avoid possible misunderstandings.<\/p>\n\n\n\n<p class=\"wp-block-paragraph\">L\u00f6fbergs was able to move into the new premises renovated according to their wishes on August 1, 2022.<\/p>\n\n\n\n<p class=\"wp-block-paragraph\">The activity of Sini Ekman, who was in charge of the negotiations on behalf of Nurmi Kiinteist\u00f6t, played a major role in enabling the creation of the agreement.<\/p>\n\n\n\n<h4 class=\"wp-block-heading\">ScanReal wants to act as an active interpreter between the parties<\/h4>\n\n\n\n<p class=\"wp-block-paragraph\">In the real estate rental industry, a broker usually acts as a negotiator between the owner of the property and prospective tenants, when the owner and tenant agree on matters. ScanReal&#8217;s mission is to act as an active interpreter between landlords and tenants until the signing of the contract to ensure mutual satisfaction.<\/p>\n\n\n\n<p class=\"is-style-default has-white-color has-dark-blue-background-color has-text-color has-background wp-block-paragraph\"><strong><span style=\"color: #6cb9ff;\">CASE <\/span><\/strong><span style=\"color: #6cb9ff;\"><strong>L\u00f6fbergs, Vantaa <\/strong><\/span><br><br>CHALLENGE<br>To find multifunctional business premises near the airport along Ring III<br><br>SOLUTION<br>Riihimiehentie 3, Vantaa. An office property located in Vantaa in the Varisto business area, in the immediate vicinity of Ring III<br><br>SIZE OF THE SPACE<br>Office 353 m\u00b2 + warehouse 114 m\u00b2 in the house next door.<\/p>\n\n\n\n<p class=\"wp-block-paragraph\"><\/p>\n\n\n\n<p class=\"wp-block-paragraph\"><\/p>\n","protected":false},"excerpt":{"rendered":"<p>L\u00f6fbergs was founded in 1906 in Karlstad, Sweden. Today, it is one of the largest coffee roasters in the Nordic countries and is still a family business, currently managed by the third and fourth generations.&hellip;<\/p>\n","protected":false},"author":4,"featured_media":0,"parent":0,"menu_order":0,"comment_status":"closed","ping_status":"closed","template":"","meta":{"_crdt_document":"","footnotes":""},"class_list":["post-441","page","type-page","status-publish","hentry"],"yoast_head":"<!-- This site is optimized with the Yoast SEO plugin v27.4 - https:\/\/yoast.com\/product\/yoast-seo-wordpress\/ -->\n<title>Case L\u00f6fbergs - ScanReal toimitilat<\/title>\n<meta name=\"description\" content=\"Using ScanReal, L\u00f6fbergs found new premises in Varisto, Vantaa. With the expansion of operations in Finland and the growth of staff, L\u00f6fbergs wanted to find suitable premises near the airport, along Ring III, with good transport connections.\" \/>\n<meta name=\"robots\" content=\"index, follow, max-snippet:-1, max-image-preview:large, max-video-preview:-1\" \/>\n<link rel=\"canonical\" href=\"https:\/\/scanreal.fi\/en\/case-lofbergs\/\" \/>\n<meta property=\"og:locale\" content=\"en_US\" \/>\n<meta property=\"og:type\" content=\"article\" \/>\n<meta property=\"og:title\" content=\"Case L\u00f6fbergs - ScanReal toimitilat\" \/>\n<meta property=\"og:description\" content=\"Using ScanReal, L\u00f6fbergs found new premises in Varisto, Vantaa. With the expansion of operations in Finland and the growth of staff, L\u00f6fbergs wanted to find suitable premises near the airport, along Ring III, with good transport connections.\" \/>\n<meta property=\"og:url\" content=\"https:\/\/scanreal.fi\/en\/case-lofbergs\/\" \/>\n<meta property=\"og:site_name\" content=\"ScanReal toimitilat\" \/>\n<meta property=\"article:publisher\" content=\"https:\/\/www.facebook.com\/scanreal\" \/>\n<meta property=\"article:modified_time\" content=\"2023-02-24T20:16:27+00:00\" \/>\n<meta property=\"og:image\" content=\"https:\/\/scanreal.fi\/wp-content\/uploads\/2022\/05\/RMT35-1440x1392.jpg\" \/>\n<meta name=\"twitter:card\" content=\"summary_large_image\" \/>\n<meta name=\"twitter:label1\" content=\"Est. reading time\" \/>\n\t<meta name=\"twitter:data1\" content=\"6 minutes\" \/>\n<script type=\"application\/ld+json\" class=\"yoast-schema-graph\">{\"@context\":\"https:\\\/\\\/schema.org\",\"@graph\":[{\"@type\":\"WebPage\",\"@id\":\"https:\\\/\\\/scanreal.fi\\\/en\\\/case-lofbergs\\\/\",\"url\":\"https:\\\/\\\/scanreal.fi\\\/en\\\/case-lofbergs\\\/\",\"name\":\"Case L\u00f6fbergs - ScanReal toimitilat\",\"isPartOf\":{\"@id\":\"https:\\\/\\\/scanreal.fi\\\/#website\"},\"primaryImageOfPage\":{\"@id\":\"https:\\\/\\\/scanreal.fi\\\/en\\\/case-lofbergs\\\/#primaryimage\"},\"image\":{\"@id\":\"https:\\\/\\\/scanreal.fi\\\/en\\\/case-lofbergs\\\/#primaryimage\"},\"thumbnailUrl\":\"https:\\\/\\\/scanreal.fi\\\/wp-content\\\/uploads\\\/2022\\\/05\\\/RMT35-1440x1392.jpg\",\"datePublished\":\"2023-02-24T20:14:27+00:00\",\"dateModified\":\"2023-02-24T20:16:27+00:00\",\"description\":\"Using ScanReal, L\u00f6fbergs found new premises in Varisto, Vantaa. With the expansion of operations in Finland and the growth of staff, L\u00f6fbergs wanted to find suitable premises near the airport, along Ring III, with good transport connections.\",\"breadcrumb\":{\"@id\":\"https:\\\/\\\/scanreal.fi\\\/en\\\/case-lofbergs\\\/#breadcrumb\"},\"inLanguage\":\"en-US\",\"potentialAction\":[{\"@type\":\"ReadAction\",\"target\":[\"https:\\\/\\\/scanreal.fi\\\/en\\\/case-lofbergs\\\/\"]}]},{\"@type\":\"ImageObject\",\"inLanguage\":\"en-US\",\"@id\":\"https:\\\/\\\/scanreal.fi\\\/en\\\/case-lofbergs\\\/#primaryimage\",\"url\":\"https:\\\/\\\/scanreal.fi\\\/wp-content\\\/uploads\\\/2022\\\/05\\\/RMT35-1440x1392.jpg\",\"contentUrl\":\"https:\\\/\\\/scanreal.fi\\\/wp-content\\\/uploads\\\/2022\\\/05\\\/RMT35-1440x1392.jpg\"},{\"@type\":\"BreadcrumbList\",\"@id\":\"https:\\\/\\\/scanreal.fi\\\/en\\\/case-lofbergs\\\/#breadcrumb\",\"itemListElement\":[{\"@type\":\"ListItem\",\"position\":1,\"name\":\"Etusivu\",\"item\":\"https:\\\/\\\/scanreal.fi\\\/en\\\/\"},{\"@type\":\"ListItem\",\"position\":2,\"name\":\"Case L\u00f6fbergs\"}]},{\"@type\":\"WebSite\",\"@id\":\"https:\\\/\\\/scanreal.fi\\\/#website\",\"url\":\"https:\\\/\\\/scanreal.fi\\\/\",\"name\":\"ScanReal\",\"description\":\"Oikeanlaiset toimitilat yrityksellesi yhdell\u00e4 yhteydenotolla\",\"publisher\":{\"@id\":\"https:\\\/\\\/scanreal.fi\\\/#organization\"},\"potentialAction\":[{\"@type\":\"SearchAction\",\"target\":{\"@type\":\"EntryPoint\",\"urlTemplate\":\"https:\\\/\\\/scanreal.fi\\\/?s={search_term_string}\"},\"query-input\":{\"@type\":\"PropertyValueSpecification\",\"valueRequired\":true,\"valueName\":\"search_term_string\"}}],\"inLanguage\":\"en-US\"},{\"@type\":\"Organization\",\"@id\":\"https:\\\/\\\/scanreal.fi\\\/#organization\",\"name\":\"ScanReal Oy\",\"url\":\"https:\\\/\\\/scanreal.fi\\\/\",\"logo\":{\"@type\":\"ImageObject\",\"inLanguage\":\"en-US\",\"@id\":\"https:\\\/\\\/scanreal.fi\\\/#\\\/schema\\\/logo\\\/image\\\/\",\"url\":\"https:\\\/\\\/scanreal.fi\\\/wp-content\\\/uploads\\\/2020\\\/09\\\/Logo-Scanreal-sin-pohja-iso.png\",\"contentUrl\":\"https:\\\/\\\/scanreal.fi\\\/wp-content\\\/uploads\\\/2020\\\/09\\\/Logo-Scanreal-sin-pohja-iso.png\",\"width\":119,\"height\":55,\"caption\":\"ScanReal Oy\"},\"image\":{\"@id\":\"https:\\\/\\\/scanreal.fi\\\/#\\\/schema\\\/logo\\\/image\\\/\"},\"sameAs\":[\"https:\\\/\\\/www.facebook.com\\\/scanreal\",\"https:\\\/\\\/www.linkedin.com\\\/company\\\/scanreal-oy\\\/\"]}]}<\/script>\n<!-- \/ Yoast SEO plugin. -->","yoast_head_json":{"title":"Case L\u00f6fbergs - ScanReal toimitilat","description":"Using ScanReal, L\u00f6fbergs found new premises in Varisto, Vantaa. With the expansion of operations in Finland and the growth of staff, L\u00f6fbergs wanted to find suitable premises near the airport, along Ring III, with good transport connections.","robots":{"index":"index","follow":"follow","max-snippet":"max-snippet:-1","max-image-preview":"max-image-preview:large","max-video-preview":"max-video-preview:-1"},"canonical":"https:\/\/scanreal.fi\/en\/case-lofbergs\/","og_locale":"en_US","og_type":"article","og_title":"Case L\u00f6fbergs - ScanReal toimitilat","og_description":"Using ScanReal, L\u00f6fbergs found new premises in Varisto, Vantaa. With the expansion of operations in Finland and the growth of staff, L\u00f6fbergs wanted to find suitable premises near the airport, along Ring III, with good transport connections.","og_url":"https:\/\/scanreal.fi\/en\/case-lofbergs\/","og_site_name":"ScanReal toimitilat","article_publisher":"https:\/\/www.facebook.com\/scanreal","article_modified_time":"2023-02-24T20:16:27+00:00","og_image":[{"url":"https:\/\/scanreal.fi\/wp-content\/uploads\/2022\/05\/RMT35-1440x1392.jpg","type":"","width":"","height":""}],"twitter_card":"summary_large_image","twitter_misc":{"Est. reading time":"6 minutes"},"schema":{"@context":"https:\/\/schema.org","@graph":[{"@type":"WebPage","@id":"https:\/\/scanreal.fi\/en\/case-lofbergs\/","url":"https:\/\/scanreal.fi\/en\/case-lofbergs\/","name":"Case L\u00f6fbergs - ScanReal toimitilat","isPartOf":{"@id":"https:\/\/scanreal.fi\/#website"},"primaryImageOfPage":{"@id":"https:\/\/scanreal.fi\/en\/case-lofbergs\/#primaryimage"},"image":{"@id":"https:\/\/scanreal.fi\/en\/case-lofbergs\/#primaryimage"},"thumbnailUrl":"https:\/\/scanreal.fi\/wp-content\/uploads\/2022\/05\/RMT35-1440x1392.jpg","datePublished":"2023-02-24T20:14:27+00:00","dateModified":"2023-02-24T20:16:27+00:00","description":"Using ScanReal, L\u00f6fbergs found new premises in Varisto, Vantaa. With the expansion of operations in Finland and the growth of staff, L\u00f6fbergs wanted to find suitable premises near the airport, along Ring III, with good transport connections.","breadcrumb":{"@id":"https:\/\/scanreal.fi\/en\/case-lofbergs\/#breadcrumb"},"inLanguage":"en-US","potentialAction":[{"@type":"ReadAction","target":["https:\/\/scanreal.fi\/en\/case-lofbergs\/"]}]},{"@type":"ImageObject","inLanguage":"en-US","@id":"https:\/\/scanreal.fi\/en\/case-lofbergs\/#primaryimage","url":"https:\/\/scanreal.fi\/wp-content\/uploads\/2022\/05\/RMT35-1440x1392.jpg","contentUrl":"https:\/\/scanreal.fi\/wp-content\/uploads\/2022\/05\/RMT35-1440x1392.jpg"},{"@type":"BreadcrumbList","@id":"https:\/\/scanreal.fi\/en\/case-lofbergs\/#breadcrumb","itemListElement":[{"@type":"ListItem","position":1,"name":"Etusivu","item":"https:\/\/scanreal.fi\/en\/"},{"@type":"ListItem","position":2,"name":"Case L\u00f6fbergs"}]},{"@type":"WebSite","@id":"https:\/\/scanreal.fi\/#website","url":"https:\/\/scanreal.fi\/","name":"ScanReal","description":"Oikeanlaiset toimitilat yrityksellesi yhdell\u00e4 yhteydenotolla","publisher":{"@id":"https:\/\/scanreal.fi\/#organization"},"potentialAction":[{"@type":"SearchAction","target":{"@type":"EntryPoint","urlTemplate":"https:\/\/scanreal.fi\/?s={search_term_string}"},"query-input":{"@type":"PropertyValueSpecification","valueRequired":true,"valueName":"search_term_string"}}],"inLanguage":"en-US"},{"@type":"Organization","@id":"https:\/\/scanreal.fi\/#organization","name":"ScanReal Oy","url":"https:\/\/scanreal.fi\/","logo":{"@type":"ImageObject","inLanguage":"en-US","@id":"https:\/\/scanreal.fi\/#\/schema\/logo\/image\/","url":"https:\/\/scanreal.fi\/wp-content\/uploads\/2020\/09\/Logo-Scanreal-sin-pohja-iso.png","contentUrl":"https:\/\/scanreal.fi\/wp-content\/uploads\/2020\/09\/Logo-Scanreal-sin-pohja-iso.png","width":119,"height":55,"caption":"ScanReal Oy"},"image":{"@id":"https:\/\/scanreal.fi\/#\/schema\/logo\/image\/"},"sameAs":["https:\/\/www.facebook.com\/scanreal","https:\/\/www.linkedin.com\/company\/scanreal-oy\/"]}]}},"_links":{"self":[{"href":"https:\/\/scanreal.fi\/en\/wp-json\/wp\/v2\/pages\/441","targetHints":{"allow":["GET"]}}],"collection":[{"href":"https:\/\/scanreal.fi\/en\/wp-json\/wp\/v2\/pages"}],"about":[{"href":"https:\/\/scanreal.fi\/en\/wp-json\/wp\/v2\/types\/page"}],"author":[{"embeddable":true,"href":"https:\/\/scanreal.fi\/en\/wp-json\/wp\/v2\/users\/4"}],"replies":[{"embeddable":true,"href":"https:\/\/scanreal.fi\/en\/wp-json\/wp\/v2\/comments?post=441"}],"version-history":[{"count":0,"href":"https:\/\/scanreal.fi\/en\/wp-json\/wp\/v2\/pages\/441\/revisions"}],"wp:attachment":[{"href":"https:\/\/scanreal.fi\/en\/wp-json\/wp\/v2\/media?parent=441"}],"curies":[{"name":"wp","href":"https:\/\/api.w.org\/{rel}","templated":true}]}}