{"id":518,"date":"2023-02-24T14:49:57","date_gmt":"2023-02-24T12:49:57","guid":{"rendered":"https:\/\/scanreal.fi\/?page_id=518"},"modified":"2023-02-24T14:49:58","modified_gmt":"2023-02-24T12:49:58","slug":"case-geomatikk","status":"publish","type":"page","link":"https:\/\/scanreal.fi\/en\/case-geomatikk\/","title":{"rendered":"Case Geomatikk"},"content":{"rendered":"\n<div>\n\t<div id=\"hero-block_5f46c9695746f\" class=\"wp-block block-hero image-text\">\n\t\t<div class=\"grid-container\">\n\t\t\t<div class=\"grid-x grid-padding-x align-center-middle\">\n\t\t\t\t\n\t\t\t\t\t\t\t\t\t<div class=\"cell medium-6 large-5 large-offset-1 text-content\">\n\t\t\t\t\t\t<h3><b>CASE<br \/>\n<span style=\"color: #6cb9ff;\">Geomatikk<\/span><br \/>\n<b>Helsinki<\/b><\/b><\/h3>\n<p><b><i>\u201dThe schedule was really tight and synchronizing the calendars of the different parties resembled rocket science.<\/i><\/b><b><i>\u201d<\/i><\/b><\/p>\n<p style=\"text-align: right;\"><b><i><strong>Sami Kuosmanen<\/strong><br \/>\n<\/i><\/b><i>Vehicle and equipment manager<\/i><b><i><br \/>\nGeomatikk Finland Oy<\/i><\/b><\/p>\n\t\t\t\t\t\t\t\t\t\t\t<\/div>\n\t\t\t\t\n\t\t\t\t\t\t\t\t\t<div class=\"cell medium-6 large-6\">\n\t\t\t\t\t\t<div class=\"hero-image\" style=\"background-image: url(https:\/\/scanreal.fi\/wp-content\/uploads\/2023\/02\/DSC04987-1-1440x960.jpg); background-size: cover; background-position: 62.14% 46.69%;\">\n\n\t\t\t\t\t\t<\/div>\n\t\t\t\t\t<\/div>\n\t\t\t\t\t\t\t<\/div>\n\t\t<\/div>\n\t\t<div class=\"hero-social flex-container align-center align-bottom\">\n\t\t\t\t\t<\/div>\n\t<\/div>\n\n\t\n<\/div>\n\n\n<div class=\"wp-block-columns are-vertically-aligned-center is-layout-flex wp-container-core-columns-is-layout-8f761849 wp-block-columns-is-layout-flex\">\n<div class=\"wp-block-column is-vertically-aligned-center is-style-column-narrow is-layout-flow wp-block-column-is-layout-flow\">\n<figure class=\"wp-block-image size-large\"><img loading=\"lazy\" decoding=\"async\" width=\"961\" height=\"1440\" src=\"https:\/\/scanreal.fi\/wp-content\/uploads\/2023\/02\/geomatikk2017_webb-8006684-961x1440.jpg\" alt=\"\" class=\"wp-image-527\" srcset=\"https:\/\/scanreal.fi\/wp-content\/uploads\/2023\/02\/geomatikk2017_webb-8006684-961x1440.jpg 961w, https:\/\/scanreal.fi\/wp-content\/uploads\/2023\/02\/geomatikk2017_webb-8006684-481x720.jpg 481w, https:\/\/scanreal.fi\/wp-content\/uploads\/2023\/02\/geomatikk2017_webb-8006684-768x1150.jpg 768w, https:\/\/scanreal.fi\/wp-content\/uploads\/2023\/02\/geomatikk2017_webb-8006684-1025x1536.jpg 1025w, https:\/\/scanreal.fi\/wp-content\/uploads\/2023\/02\/geomatikk2017_webb-8006684-1367x2048.jpg 1367w, https:\/\/scanreal.fi\/wp-content\/uploads\/2023\/02\/geomatikk2017_webb-8006684.jpg 1709w\" sizes=\"auto, (max-width: 961px) 100vw, 961px\" \/><\/figure>\n\n\n\n<p class=\"wp-block-paragraph\"><\/p>\n<\/div>\n\n\n\n<div class=\"wp-block-column is-vertically-aligned-center is-style-column-wide is-layout-flow wp-block-column-is-layout-flow\">\n<p class=\"wp-block-paragraph\"><\/p>\n\n\n\n<p class=\"wp-block-paragraph\">What do we do at Geomatikk? From the point of view of society&#8217;s functioning, it is important that the excavation contractors ask us about the location of the underground cables before starting earthworks. At Geomatikk, we handle several tens of thousands of such inquiries every year.<\/p>\n\n\n\n<p class=\"wp-block-paragraph\">Geomatikk Finland Oy is part of the international Geomatikk Group, which is the market leader of cable display in Finland, Norway and Sweden. There are already more than 800 of us in total. Our turnover for 2021 was 97 million euros. In Finland, Geomatikk Group serves diggers with Online Verification and Digging Permit services. Our clients are e.g. Telia, Caruna, Loiste, Kaisanet, MPY, Elenia, Lounea, Valoo and Valokuitunen as well as Eltel Networks and Voimatel. <\/p>\n\n\n\n<p class=\"wp-block-paragraph\">You can find us at <a href=\"http:\/\/www.geomatikk.com\">www.geomatikk.com<\/a>.<\/p>\n\n\n\n<p class=\"wp-block-paragraph\"><\/p>\n\n\n\n<p class=\"cta wp-block-paragraph\"><\/p>\n<\/div>\n<\/div>\n\n\n\n<h4 class=\"wp-block-heading\" id=\"as-the-number-of-staff-grew-and-life-situations-changed-the-location-in-the-city-center-was-no-longer-the-thing\">We had half a year to find new premises and move<\/h4>\n\n\n\n<div class=\"wp-block-columns is-layout-flex wp-container-core-columns-is-layout-8f761849 wp-block-columns-is-layout-flex\">\n<div class=\"wp-block-column is-layout-flow wp-block-column-is-layout-flow\">\n<p class=\"wp-block-paragraph\">Geomatikk had been operating in Pit\u00e4j\u00e4nm\u00e4ki at Takkatie for a long time, but we were faced with a new situation at the end of March 2022 when the owner of the property announced that the building would undergo a major renovation. In practice, this meant that we should look for new facilities that meet our needs in six months, says <strong>Sami Kuosmanen<\/strong> from Geomatikk.<\/p>\n\n\n\n<p class=\"wp-block-paragraph\">I received an assignment from the company&#8217;s management to map suitable premises in the capital region that would meet the requirements we set for the premises. The &#8220;wish list&#8221; was marked with e.g. accessibility by different means of transport, proximity to services, parking spaces. Our sister company Keypro Oy, which offers online information systems, was also moving to the same premises with us, so the location near technology companies was considered important.<\/p>\n<\/div>\n\n\n\n<div class=\"wp-block-column is-layout-flow wp-block-column-is-layout-flow\">\n<figure class=\"wp-block-image size-large\"><img loading=\"lazy\" decoding=\"async\" width=\"1440\" height=\"960\" src=\"https:\/\/scanreal.fi\/wp-content\/uploads\/2023\/02\/MaxEmanuelson_DSC04790-Edit-1440x960.jpg\" alt=\"\" class=\"wp-image-524\" srcset=\"https:\/\/scanreal.fi\/wp-content\/uploads\/2023\/02\/MaxEmanuelson_DSC04790-Edit-1440x960.jpg 1440w, https:\/\/scanreal.fi\/wp-content\/uploads\/2023\/02\/MaxEmanuelson_DSC04790-Edit-720x480.jpg 720w, https:\/\/scanreal.fi\/wp-content\/uploads\/2023\/02\/MaxEmanuelson_DSC04790-Edit-768x512.jpg 768w, https:\/\/scanreal.fi\/wp-content\/uploads\/2023\/02\/MaxEmanuelson_DSC04790-Edit-1536x1024.jpg 1536w, https:\/\/scanreal.fi\/wp-content\/uploads\/2023\/02\/MaxEmanuelson_DSC04790-Edit-2048x1366.jpg 2048w\" sizes=\"auto, (max-width: 1440px) 100vw, 1440px\" \/><\/figure>\n<\/div>\n<\/div>\n\n\n\n<p class=\"wp-block-paragraph\">I started looking for objects suitable for frames on the internet and after searching for some time, I came across an interesting office, which was rented by <a href=\"https:\/\/scanreal.fi\/en\/contact-information\/\">ScanReal&#8217;s Jan Nyberg<\/a>. This premises did not meet our expectations, but Jan promised to look for more suitable premises for us. It didn&#8217;t take long before Jan had twenty different spaces to offer us, from Keilaniemi to K\u00e4pyl\u00e4. Trying to find free time in the management team&#8217;s calendars to get to know the properties brought its own challenge, as well as the summer months, when both the people of my own company and the property managers spent their summer vacations.<\/p>\n\n\n\n<h4 class=\"wp-block-heading\" id=\"the-staff-were-allowed-to-vote-for-their-favorites\">Suitable premises were found in Ruoholahti<\/h4>\n\n\n\n<p class=\"wp-block-paragraph\">In September, exploring numerous destinations was finally rewarded. We found premises that meet all the most important criteria &#8211; a 350 m\u00b2 open office close to L\u00e4nsiv\u00e4yl\u00e4 in Technopolis in Ruoholahti, Helsinki. The choice was also made easier by the knowledge that Technopolis uses 100% renewable electricity on the Ruoholahti campus and that all campus buildings have a LEED certificate as proof of environmental performance. In addition, Technopolis is only 10 minutes away from the center, and has excellent metro and bus connections.<\/p>\n\n\n\n<p class=\"wp-block-paragraph\">The premises were ready to move into, but the challenge was that the premises would not be available for our use until January 2023, but luckily Technopolis was able to arrange temporary premises for us between September and January. The valuable work done by Jan Nyberg to find the premises can only be admired. The schedule for finding suitable premises in six months was really tight and matching the calendars of the different parties required Jan&#8217;s nerves and was almost like rocket science, Sami Kuosmanen summarizes last year&#8217;s events.<\/p>\n\n\n\n<p class=\"is-style-default has-white-color has-dark-blue-background-color has-text-color has-background wp-block-paragraph\"><strong><span style=\"color: #6cb9ff;\">CASE <\/span><\/strong><span style=\"color: #6cb9ff;\"><strong>Geomatikk, Helsinki<\/strong><\/span><br><br>CHALLENGE<br>Find new business premises in the capital region within six months<br><br>SOLUTION<br>Ready-to-move-in open office on one level in Ruoholahti. Technopolis Ruoholahti 1, Hiilikatu 3.<br><br>SIZE OF THE SPACE<br>Office 375 m\u00b2 + storage 28 m\u00b2<\/p>\n\n\n\n<p class=\"wp-block-paragraph\"><\/p>\n\n\n\n<p class=\"wp-block-paragraph\"><\/p>\n","protected":false},"excerpt":{"rendered":"<p>What do we do at Geomatikk? From the point of view of society&#8217;s functioning, it is important that the excavation contractors ask us about the location of the underground cables before starting earthworks. At Geomatikk,&hellip;<\/p>\n","protected":false},"author":4,"featured_media":0,"parent":0,"menu_order":0,"comment_status":"closed","ping_status":"closed","template":"","meta":{"_crdt_document":"","footnotes":""},"class_list":["post-518","page","type-page","status-publish","hentry"],"yoast_head":"<!-- This site is optimized with the Yoast SEO plugin v27.2 - https:\/\/yoast.com\/product\/yoast-seo-wordpress\/ -->\n<title>Case Geomatikk - ScanReal toimitilat<\/title>\n<meta name=\"description\" content=\"With the help of ScanReal, Geomatikk found new premises in Ruoholahti, Helsinki. Geomatikk had half a year to find a suitable new office in the capital region that would meet the requirements set for Geomatikki&#039;s office. The wish list included e.g. accessibility by different means of transport, proximity to services, parking spaces.\" \/>\n<meta name=\"robots\" content=\"index, follow, max-snippet:-1, max-image-preview:large, max-video-preview:-1\" \/>\n<link rel=\"canonical\" href=\"https:\/\/scanreal.fi\/en\/case-geomatikk\/\" \/>\n<meta property=\"og:locale\" content=\"en_US\" \/>\n<meta property=\"og:type\" content=\"article\" \/>\n<meta property=\"og:title\" content=\"Case Geomatikk - ScanReal toimitilat\" \/>\n<meta property=\"og:description\" content=\"With the help of ScanReal, Geomatikk found new premises in Ruoholahti, Helsinki. Geomatikk had half a year to find a suitable new office in the capital region that would meet the requirements set for Geomatikki&#039;s office. The wish list included e.g. accessibility by different means of transport, proximity to services, parking spaces.\" \/>\n<meta property=\"og:url\" content=\"https:\/\/scanreal.fi\/en\/case-geomatikk\/\" \/>\n<meta property=\"og:site_name\" content=\"ScanReal toimitilat\" \/>\n<meta property=\"article:publisher\" content=\"https:\/\/www.facebook.com\/scanreal\" \/>\n<meta property=\"article:modified_time\" content=\"2023-02-24T12:49:58+00:00\" \/>\n<meta property=\"og:image\" content=\"https:\/\/scanreal.fi\/wp-content\/uploads\/2023\/02\/geomatikk2017_webb-8006684-961x1440.jpg\" \/>\n<meta name=\"twitter:card\" content=\"summary_large_image\" \/>\n<meta name=\"twitter:label1\" content=\"Est. reading time\" \/>\n\t<meta name=\"twitter:data1\" content=\"5 minutes\" \/>\n<script type=\"application\/ld+json\" class=\"yoast-schema-graph\">{\"@context\":\"https:\/\/schema.org\",\"@graph\":[{\"@type\":\"WebPage\",\"@id\":\"https:\/\/scanreal.fi\/en\/case-geomatikk\/\",\"url\":\"https:\/\/scanreal.fi\/en\/case-geomatikk\/\",\"name\":\"Case Geomatikk - ScanReal toimitilat\",\"isPartOf\":{\"@id\":\"https:\/\/scanreal.fi\/#website\"},\"primaryImageOfPage\":{\"@id\":\"https:\/\/scanreal.fi\/en\/case-geomatikk\/#primaryimage\"},\"image\":{\"@id\":\"https:\/\/scanreal.fi\/en\/case-geomatikk\/#primaryimage\"},\"thumbnailUrl\":\"https:\/\/scanreal.fi\/wp-content\/uploads\/2023\/02\/geomatikk2017_webb-8006684-961x1440.jpg\",\"datePublished\":\"2023-02-24T12:49:57+00:00\",\"dateModified\":\"2023-02-24T12:49:58+00:00\",\"description\":\"With the help of ScanReal, Geomatikk found new premises in Ruoholahti, Helsinki. Geomatikk had half a year to find a suitable new office in the capital region that would meet the requirements set for Geomatikki's office. The wish list included e.g. accessibility by different means of transport, proximity to services, parking spaces.\",\"breadcrumb\":{\"@id\":\"https:\/\/scanreal.fi\/en\/case-geomatikk\/#breadcrumb\"},\"inLanguage\":\"en-US\",\"potentialAction\":[{\"@type\":\"ReadAction\",\"target\":[\"https:\/\/scanreal.fi\/en\/case-geomatikk\/\"]}]},{\"@type\":\"ImageObject\",\"inLanguage\":\"en-US\",\"@id\":\"https:\/\/scanreal.fi\/en\/case-geomatikk\/#primaryimage\",\"url\":\"https:\/\/scanreal.fi\/wp-content\/uploads\/2023\/02\/geomatikk2017_webb-8006684-961x1440.jpg\",\"contentUrl\":\"https:\/\/scanreal.fi\/wp-content\/uploads\/2023\/02\/geomatikk2017_webb-8006684-961x1440.jpg\"},{\"@type\":\"BreadcrumbList\",\"@id\":\"https:\/\/scanreal.fi\/en\/case-geomatikk\/#breadcrumb\",\"itemListElement\":[{\"@type\":\"ListItem\",\"position\":1,\"name\":\"Etusivu\",\"item\":\"https:\/\/scanreal.fi\/en\/\"},{\"@type\":\"ListItem\",\"position\":2,\"name\":\"Case Geomatikk\"}]},{\"@type\":\"WebSite\",\"@id\":\"https:\/\/scanreal.fi\/#website\",\"url\":\"https:\/\/scanreal.fi\/\",\"name\":\"ScanReal\",\"description\":\"Oikeanlaiset toimitilat yrityksellesi yhdell\u00e4 yhteydenotolla\",\"publisher\":{\"@id\":\"https:\/\/scanreal.fi\/#organization\"},\"potentialAction\":[{\"@type\":\"SearchAction\",\"target\":{\"@type\":\"EntryPoint\",\"urlTemplate\":\"https:\/\/scanreal.fi\/?s={search_term_string}\"},\"query-input\":{\"@type\":\"PropertyValueSpecification\",\"valueRequired\":true,\"valueName\":\"search_term_string\"}}],\"inLanguage\":\"en-US\"},{\"@type\":\"Organization\",\"@id\":\"https:\/\/scanreal.fi\/#organization\",\"name\":\"ScanReal Oy\",\"url\":\"https:\/\/scanreal.fi\/\",\"logo\":{\"@type\":\"ImageObject\",\"inLanguage\":\"en-US\",\"@id\":\"https:\/\/scanreal.fi\/#\/schema\/logo\/image\/\",\"url\":\"https:\/\/scanreal.fi\/wp-content\/uploads\/2020\/09\/Logo-Scanreal-sin-pohja-iso.png\",\"contentUrl\":\"https:\/\/scanreal.fi\/wp-content\/uploads\/2020\/09\/Logo-Scanreal-sin-pohja-iso.png\",\"width\":119,\"height\":55,\"caption\":\"ScanReal Oy\"},\"image\":{\"@id\":\"https:\/\/scanreal.fi\/#\/schema\/logo\/image\/\"},\"sameAs\":[\"https:\/\/www.facebook.com\/scanreal\",\"https:\/\/www.linkedin.com\/company\/scanreal-oy\/\"]}]}<\/script>\n<!-- \/ Yoast SEO plugin. -->","yoast_head_json":{"title":"Case Geomatikk - ScanReal toimitilat","description":"With the help of ScanReal, Geomatikk found new premises in Ruoholahti, Helsinki. Geomatikk had half a year to find a suitable new office in the capital region that would meet the requirements set for Geomatikki's office. The wish list included e.g. accessibility by different means of transport, proximity to services, parking spaces.","robots":{"index":"index","follow":"follow","max-snippet":"max-snippet:-1","max-image-preview":"max-image-preview:large","max-video-preview":"max-video-preview:-1"},"canonical":"https:\/\/scanreal.fi\/en\/case-geomatikk\/","og_locale":"en_US","og_type":"article","og_title":"Case Geomatikk - ScanReal toimitilat","og_description":"With the help of ScanReal, Geomatikk found new premises in Ruoholahti, Helsinki. Geomatikk had half a year to find a suitable new office in the capital region that would meet the requirements set for Geomatikki's office. The wish list included e.g. accessibility by different means of transport, proximity to services, parking spaces.","og_url":"https:\/\/scanreal.fi\/en\/case-geomatikk\/","og_site_name":"ScanReal toimitilat","article_publisher":"https:\/\/www.facebook.com\/scanreal","article_modified_time":"2023-02-24T12:49:58+00:00","og_image":[{"url":"https:\/\/scanreal.fi\/wp-content\/uploads\/2023\/02\/geomatikk2017_webb-8006684-961x1440.jpg","type":"","width":"","height":""}],"twitter_card":"summary_large_image","twitter_misc":{"Est. reading time":"5 minutes"},"schema":{"@context":"https:\/\/schema.org","@graph":[{"@type":"WebPage","@id":"https:\/\/scanreal.fi\/en\/case-geomatikk\/","url":"https:\/\/scanreal.fi\/en\/case-geomatikk\/","name":"Case Geomatikk - ScanReal toimitilat","isPartOf":{"@id":"https:\/\/scanreal.fi\/#website"},"primaryImageOfPage":{"@id":"https:\/\/scanreal.fi\/en\/case-geomatikk\/#primaryimage"},"image":{"@id":"https:\/\/scanreal.fi\/en\/case-geomatikk\/#primaryimage"},"thumbnailUrl":"https:\/\/scanreal.fi\/wp-content\/uploads\/2023\/02\/geomatikk2017_webb-8006684-961x1440.jpg","datePublished":"2023-02-24T12:49:57+00:00","dateModified":"2023-02-24T12:49:58+00:00","description":"With the help of ScanReal, Geomatikk found new premises in Ruoholahti, Helsinki. Geomatikk had half a year to find a suitable new office in the capital region that would meet the requirements set for Geomatikki's office. The wish list included e.g. accessibility by different means of transport, proximity to services, parking spaces.","breadcrumb":{"@id":"https:\/\/scanreal.fi\/en\/case-geomatikk\/#breadcrumb"},"inLanguage":"en-US","potentialAction":[{"@type":"ReadAction","target":["https:\/\/scanreal.fi\/en\/case-geomatikk\/"]}]},{"@type":"ImageObject","inLanguage":"en-US","@id":"https:\/\/scanreal.fi\/en\/case-geomatikk\/#primaryimage","url":"https:\/\/scanreal.fi\/wp-content\/uploads\/2023\/02\/geomatikk2017_webb-8006684-961x1440.jpg","contentUrl":"https:\/\/scanreal.fi\/wp-content\/uploads\/2023\/02\/geomatikk2017_webb-8006684-961x1440.jpg"},{"@type":"BreadcrumbList","@id":"https:\/\/scanreal.fi\/en\/case-geomatikk\/#breadcrumb","itemListElement":[{"@type":"ListItem","position":1,"name":"Etusivu","item":"https:\/\/scanreal.fi\/en\/"},{"@type":"ListItem","position":2,"name":"Case Geomatikk"}]},{"@type":"WebSite","@id":"https:\/\/scanreal.fi\/#website","url":"https:\/\/scanreal.fi\/","name":"ScanReal","description":"Oikeanlaiset toimitilat yrityksellesi yhdell\u00e4 yhteydenotolla","publisher":{"@id":"https:\/\/scanreal.fi\/#organization"},"potentialAction":[{"@type":"SearchAction","target":{"@type":"EntryPoint","urlTemplate":"https:\/\/scanreal.fi\/?s={search_term_string}"},"query-input":{"@type":"PropertyValueSpecification","valueRequired":true,"valueName":"search_term_string"}}],"inLanguage":"en-US"},{"@type":"Organization","@id":"https:\/\/scanreal.fi\/#organization","name":"ScanReal Oy","url":"https:\/\/scanreal.fi\/","logo":{"@type":"ImageObject","inLanguage":"en-US","@id":"https:\/\/scanreal.fi\/#\/schema\/logo\/image\/","url":"https:\/\/scanreal.fi\/wp-content\/uploads\/2020\/09\/Logo-Scanreal-sin-pohja-iso.png","contentUrl":"https:\/\/scanreal.fi\/wp-content\/uploads\/2020\/09\/Logo-Scanreal-sin-pohja-iso.png","width":119,"height":55,"caption":"ScanReal Oy"},"image":{"@id":"https:\/\/scanreal.fi\/#\/schema\/logo\/image\/"},"sameAs":["https:\/\/www.facebook.com\/scanreal","https:\/\/www.linkedin.com\/company\/scanreal-oy\/"]}]}},"_links":{"self":[{"href":"https:\/\/scanreal.fi\/en\/wp-json\/wp\/v2\/pages\/518","targetHints":{"allow":["GET"]}}],"collection":[{"href":"https:\/\/scanreal.fi\/en\/wp-json\/wp\/v2\/pages"}],"about":[{"href":"https:\/\/scanreal.fi\/en\/wp-json\/wp\/v2\/types\/page"}],"author":[{"embeddable":true,"href":"https:\/\/scanreal.fi\/en\/wp-json\/wp\/v2\/users\/4"}],"replies":[{"embeddable":true,"href":"https:\/\/scanreal.fi\/en\/wp-json\/wp\/v2\/comments?post=518"}],"version-history":[{"count":0,"href":"https:\/\/scanreal.fi\/en\/wp-json\/wp\/v2\/pages\/518\/revisions"}],"wp:attachment":[{"href":"https:\/\/scanreal.fi\/en\/wp-json\/wp\/v2\/media?parent=518"}],"curies":[{"name":"wp","href":"https:\/\/api.w.org\/{rel}","templated":true}]}}