{"id":107,"date":"2020-08-12T10:56:31","date_gmt":"2020-08-12T07:56:31","guid":{"rendered":"https:\/\/scanreal.fi\/etusivu\/"},"modified":"2024-03-22T08:54:25","modified_gmt":"2024-03-22T06:54:25","slug":"etusivu","status":"publish","type":"page","link":"https:\/\/scanreal.fi\/sv\/","title":{"rendered":"Framsida"},"content":{"rendered":"\n<div>\n\t<div id=\"hero-block_5f43dc3bb83f5\" class=\"wp-block block-hero image-text\">\n\t\t<div class=\"grid-container\">\n\t\t\t<div class=\"grid-x grid-padding-x align-center-middle\">\n\t\t\t\t\n\t\t\t\t\t\t\t\t\t<div class=\"cell medium-6 large-5 large-offset-1 text-content\">\n\t\t\t\t\t\t<h1><b>Ett enkelt s\u00e4tt att skaffa nya <span style=\"color: #6cb9ff;\">lokaler.<\/span> Kostnadsfritt.<\/b><\/h1>\n<p>Vi kartl\u00e4gger dina behov och letar efter de b\u00e4sta tillg\u00e4ngliga aff\u00e4rslokalerna f\u00f6r ditt f\u00f6retag. Eftersom hyresv\u00e4rdarna betalar f\u00f6r v\u00e5ra tj\u00e4nster \u00e4r detta gratis f\u00f6r ditt f\u00f6retag.<\/p>\n\t\t\t\t\t\t\t\t\t\t\t<\/div>\n\t\t\t\t\n\t\t\t\t\t\t\t\t\t<div class=\"cell medium-6 large-6\">\n\t\t\t\t\t\t<div class=\"hero-image\" style=\"background-image: url(https:\/\/scanreal.fi\/wp-content\/uploads\/2024\/02\/klaffikuva_sve.jpg); background-size: cover; background-position: 52.84% 54.67%;\">\n\n\t\t\t\t\t\t<\/div>\n\t\t\t\t\t<\/div>\n\t\t\t\t\t\t\t<\/div>\n\t\t<\/div>\n\t\t<div class=\"hero-social flex-container align-center align-bottom\">\n\t\t\t\t\t<\/div>\n\t<\/div>\n\n\t\n<\/div>\n\n\n<div class=\"wp-block-columns are-vertically-aligned-center is-style-reverse-mobile is-layout-flex wp-container-core-columns-is-layout-8f761849 wp-block-columns-is-layout-flex\">\n<div class=\"wp-block-column is-vertically-aligned-center is-style-column-narrow is-layout-flow wp-block-column-is-layout-flow\">\n<figure class=\"wp-block-image size-large\"><img loading=\"lazy\" decoding=\"async\" width=\"1440\" height=\"956\" src=\"https:\/\/scanreal.fi\/wp-content\/uploads\/2021\/01\/ScanReal-team-2-1440x956.jpg\" alt=\"\" class=\"wp-image-257\" srcset=\"https:\/\/scanreal.fi\/wp-content\/uploads\/2021\/01\/ScanReal-team-2-1440x956.jpg 1440w, https:\/\/scanreal.fi\/wp-content\/uploads\/2021\/01\/ScanReal-team-2-720x478.jpg 720w, https:\/\/scanreal.fi\/wp-content\/uploads\/2021\/01\/ScanReal-team-2-768x510.jpg 768w, https:\/\/scanreal.fi\/wp-content\/uploads\/2021\/01\/ScanReal-team-2-1536x1020.jpg 1536w, https:\/\/scanreal.fi\/wp-content\/uploads\/2021\/01\/ScanReal-team-2-2048x1360.jpg 2048w\" sizes=\"auto, (max-width: 1440px) 100vw, 1440px\" \/><\/figure>\n<\/div>\n\n\n\n<div class=\"wp-block-column is-vertically-aligned-center is-style-column-wide is-layout-flow wp-block-column-is-layout-flow\">\n<h2 class=\"wp-block-heading\">R\u00e4tt typ av lokaler f\u00f6r ditt f\u00f6retag med en kontakt<\/h2>\n\n\n\n<p class=\"wp-block-paragraph\">ScanReal \u00e4r ett f\u00f6retag som hj\u00e4lper till att hitta och hyra l\u00e4mpliga aff\u00e4rslokaler med gedigen erfarenhet professionellt. Vi verkar fr\u00e4mst inom huvudstadsregionen och v\u00e5ra objekt \u00e4r kontor, butikslokaler, produktions-, lager- och logistiklokaler samt tomter.<\/p>\n<\/div>\n<\/div>\n\n\n\n<div id=\"featured-properties-block_5f4fc0f48a352\" class=\"wp-block block-featured-properties has--background-color\">\n\t\t<div class=\"grid-x grid-margin-x\">\n\t\t<div class=\"cell text-center\">\n\t\t\t<h2 class=\"block-title\">Exempel<\/h2>\n\t\t<\/div>\n\t<\/div>\n\t\t<div class=\"grid-x grid-margin-x cards-container\">\n\t\t<div class=\"cell text-center\">\n\t\t\t<style>\n\t.vt-featured-premises-section {}\n\t.vt-featured-premises-wrap {\n\t\tposition: relative;\n\t\tdisplay: flex;\n\t\tdisplay: -webkit-flex;\n\t\tdisplay: -ms-flexbox;\n\t\tflex-flow: row wrap;\n\t\tjustify-content: flex-start;\n\t\twidth: 100%;\n\t}\n\t.vt-featured-premises-item {\n\t\tposition: relative;\n\t\tflex: 0 1 24%;\n\t\tflex-wrap: nowrap;\n\t\ttext-align: left;\n\t\tmargin-right: 1%;\n\t\tmargin-bottom: 30px;\n\t\tbackground: #fff;\n\t\tborder-bottom: 4px solid #0081c6;\n\t\tbox-shadow: 2px 8px 8px rgba(0,0,0,.1);\n\t\tmin-width: 300px;\n\t}\n\t.vt-featured-premises-item:first-child {\n\t\tmargin-left: 0;\n\t}\n\t.vt-featured-premises-item-thumbnail {\n\t\t\n\t}\n\t.vt-featured-premises-item-thumbnail a:after {\n\t\tcontent: \"\";\n\t\tposition: absolute;\n\t\tleft: 0;\n\t\ttop: 0;\n\t\tbottom: 0;\n\t\twidth: 0;\n\t\tbackground: rgba(255,255,255,.2);\n\t\ttransition: all .2s ease;\n\t\t-moz-transition: all .2s ease;\n\t\t-webkit-transition: all .2s ease;\n\t}\n\t.vt-featured-premises-item-thumbnail:hover a:after {\n\t\twidth: 100%;\n\t}\n\t.vt-featured-premises-item-excerpt {\n\t\tpadding: 20px;\n\t\tmargin-bottom: 50px;\n\t}\n\t.vt-featured-premises-item-excerpt h5 {\n\t\tfont-weight: 400;\n\t\tmargin-bottom: 15px;\n\t}\n\t.vt-featured-premises-item-excerpt h5 a {\n\t\tcolor: #444;\n\t}\n\t.vt-featured-premises-item-type {\n\t\tfont-size: 15px;\n\t\tcolor: #999;\n\t\tmargin-bottom: 10px;\n\t}\n\t.vt-featured-premises-item-type .fa {\n\t\tmargin-right: 10px;\n\t}\n\t.vt-featured-premises-item-read-more {\n\t\tpadding: 0 20px 20px;\n\t\ttext-align: right;\n\t\tposition: absolute;\n\t\tbottom: 0;\n\t\tright: 0;\n\t}\n\t.vt-featured-premises-item-read-more a {\n\t\tdisplay: inline-block;\n\t\tbackground: #0081c6;\n\t\tcolor: #fff;\n\t\tpadding: 0 15px;\n\t\tline-height: 38px;\n\t\ttext-align: center;\n\t\tfont-size: 16px;\n\t\tborder-radius: 1px;\n\t}\n\t.vt-featured-premises-item-deal-title {\n\t\tposition: absolute;\n\t\tz-index: 100;\n\t\tleft: 0;\n\t\ttop: 0;\n\t\tpadding: .5em 1em .1em;\n\t\t\n\t\tbackground: rgba(0, 129, 198, .8);\n\t\tbox-shadow: 1px 1px 1px rgba(0,0,0,.2);\n\t\tcolor: #fff;\n\t}\n\t\n\t@media screen and (max-width: 650px) {\n\t\t.vt-featured-premises-wrap {\n\t\t\tdisplay: block;\n\t\t}\n\t}\t\n<\/style>\n\n<script src=\"https:\/\/kit.fontawesome.com\/4be0d41c64.js\" crossorigin=\"anonymous\"><\/script>\n\n<section id=\"vt-featured-premises-section\" class=\"ht-section vt-featured-premises-section\">\n\t<div class=\"ht-container\">\n\t\t<div class=\"ht-section-title-tagline\">\n\t\t\t<h2 class=\"ht-section-title\">Senaste objekt<\/h2>\n\t\t<\/div>\n\t\t<div class=\"vt-featured-premises-wrap ht-clearfix\">\n<div class=\"vt-featured-premises-item ht-clearfix\">\r\n\t<div class=\"vt-featured-premises-item-thumbnail\">\r\n<a href=\"\/sv\/lediga-lokaler\/lokal\/?object_id=10863833&#038;ref=featured_embed\" data-oid=\"10863833\">\r\n\t<img decoding=\"async\" src=\"https:\/\/www.toimitilat.fi\/objectmanager\/images\/object_images\/800px\/image_10863833-63184408.jpg\" alt=\"\">\r\n<\/a>\r\n\t<\/div>\r\n\t\r\n\t<div class=\"vt-featured-premises-item-excerpt\">\r\n\t\t<h5>\r\n\t\t\t<a href=\"\/sv\/lediga-lokaler\/lokal\/?object_id=10863833&#038;ref=featured_embed\">\r\nAnnankatu 8, Helsinki\r\n\t\t\t<\/a>\r\n\t\t<\/h5>\r\n\t\t\r\n\t\t<div class=\"vt-featured-premises-item-type\">\r\n\t\t\t<i class=\"fa fa-building-o\" aria-hidden=\"true\"><\/i> butik\r\n\t\t<\/div>\r\n\t\t\r\nKivijalkaliiketila paraatipaikalla Punavuoressa \u2013 305 m\u00b2 valoa ja n\u00e4kyvyytt\u00e4\r\n\t<\/div>\r\n\r\n\t<div class=\"vt-featured-premises-item-read-more\">\r\n\t\t<a href=\"\/sv\/lediga-lokaler\/lokal\/?object_id=10863833&#038;ref=featured_embed\">\r\nVisa\r\n\t\t<\/a>\r\n\t<\/div>\r\n\r\n\t<div class=\"vt-featured-premises-item-deal-title\">\r\n\t\t<h5>Uthyres<\/h5>\r\n\t<\/div>\r\n<\/div><div class=\"vt-featured-premises-item ht-clearfix\">\r\n\t<div class=\"vt-featured-premises-item-thumbnail\">\r\n<a href=\"\/sv\/lediga-lokaler\/lokal\/?object_id=10863270&#038;ref=featured_embed\" data-oid=\"10863270\">\r\n\t<img decoding=\"async\" src=\"https:\/\/www.toimitilat.fi\/objectmanager\/images\/object_images\/800px\/image_10863270-63020136.jpg\" alt=\"\">\r\n<\/a>\r\n\t<\/div>\r\n\t\r\n\t<div class=\"vt-featured-premises-item-excerpt\">\r\n\t\t<h5>\r\n\t\t\t<a href=\"\/sv\/lediga-lokaler\/lokal\/?object_id=10863270&#038;ref=featured_embed\">\r\nMalminkatu 16, Helsinki\r\n\t\t\t<\/a>\r\n\t\t<\/h5>\r\n\t\t\r\n\t\t<div class=\"vt-featured-premises-item-type\">\r\n\t\t\t<i class=\"fa fa-building-o\" aria-hidden=\"true\"><\/i> kontor\r\n\t\t<\/div>\r\n\t\t\r\nCharmikas viidennen kerroksen 572 m\u00b2 toimisto loistavalla sijainnilla Helsingin keskustassa.\r\n\t<\/div>\r\n\r\n\t<div class=\"vt-featured-premises-item-read-more\">\r\n\t\t<a href=\"\/sv\/lediga-lokaler\/lokal\/?object_id=10863270&#038;ref=featured_embed\">\r\nVisa\r\n\t\t<\/a>\r\n\t<\/div>\r\n\r\n\t<div class=\"vt-featured-premises-item-deal-title\">\r\n\t\t<h5>Uthyres<\/h5>\r\n\t<\/div>\r\n<\/div><div class=\"vt-featured-premises-item ht-clearfix\">\r\n\t<div class=\"vt-featured-premises-item-thumbnail\">\r\n<a href=\"\/sv\/lediga-lokaler\/lokal\/?object_id=10861736&#038;ref=featured_embed\" data-oid=\"10861736\">\r\n\t<img decoding=\"async\" src=\"https:\/\/www.toimitilat.fi\/objectmanager\/images\/object_images\/800px\/image_10861736-62616953.jpg\" alt=\"\">\r\n<\/a>\r\n\t<\/div>\r\n\t\r\n\t<div class=\"vt-featured-premises-item-excerpt\">\r\n\t\t<h5>\r\n\t\t\t<a href=\"\/sv\/lediga-lokaler\/lokal\/?object_id=10861736&#038;ref=featured_embed\">\r\nEmalikatu 10, J\u00e4rvenp\u00e4\u00e4\r\n\t\t\t<\/a>\r\n\t\t<\/h5>\r\n\t\t\r\n\t\t<div class=\"vt-featured-premises-item-type\">\r\n\t\t\t<i class=\"fa fa-building-o\" aria-hidden=\"true\"><\/i> produktion\r\n\t\t<\/div>\r\n\t\t\r\nJ\u00e4rvenp\u00e4\u00e4n V\u00e4h\u00e4nummessa vapautuva 3860 m\u00b2 tuotantotila tarjoaa erinomaiset puitteet sujuvaan ja tehokkaaseen arkeen hyvien kulkuyhteyksien varrella\r\n\t<\/div>\r\n\r\n\t<div class=\"vt-featured-premises-item-read-more\">\r\n\t\t<a href=\"\/sv\/lediga-lokaler\/lokal\/?object_id=10861736&#038;ref=featured_embed\">\r\nVisa\r\n\t\t<\/a>\r\n\t<\/div>\r\n\r\n\t<div class=\"vt-featured-premises-item-deal-title\">\r\n\t\t<h5>Uthyres<\/h5>\r\n\t<\/div>\r\n<\/div>\n\t\t<\/div>\n\t<\/div>\n<\/section>\n\t\t<\/div>\n\t<\/div>\n\t\t<div class=\"grid-x grid-margin-x\">\n\t\t<div class=\"cell text-center\">\n\t\t\t<a class=\"button hollow\" href=\"http:\/\/scanreal.wpengine.com\/sv\/toimitilahaku\/\" target=\"\">Alla lokaler<\/a>\n\t\t<\/div>\n\t<\/div>\n\t<\/div>\n\n\n<div id=\"featured-content-block_5f44ae4ae554f\" class=\"wp-block block-featured-content\">\n\t\t<div class=\"\">\n\t\t\t\t<div class=\"grid-x grid-margin-x align-middle content-row\">\n\t\t\t<div class=\"cell medium-6\">\n\t\t\t\t\t\t\t\t<div class=\"image\" style=\"background-image: url(https:\/\/scanreal.fi\/wp-content\/uploads\/2020\/08\/austin-distel-wawEfYdpkag-unsplash.jpg); background-size: cover; background-position: 20.98% 61.72%;\">\n\t\t\t\t<\/div>\n\t\t\t<\/div>\n\t\t\t<div class=\"cell medium-6 text-content\">\n\t\t\t\t<h3><strong>Lediga lokaler<\/strong><\/h3>\n<p>ScanReal erbjuder lokaler som uppfyller kundernas \u00f6nskem\u00e5l och krav. Genom ett omfattande samarbetsn\u00e4tverk, kan vi erbjuda fastigheter fr\u00e5n alla st\u00f6rre fastighets\u00e4gare, snabbt, enkelt och omfattande.<\/p>\n\t\t\t\t\t\t\t\t<p class=\"cta\"><a href=\"http:\/\/scanreal.wpengine.com\/sv\/lokaler\/\" target=\"\">Alla lokaler<\/a><\/p>\n\t\t\t<\/div>\n\t\t<\/div>\n\t\t\t\t<div class=\"grid-x grid-margin-x align-middle content-row\">\n\t\t\t<div class=\"cell medium-6\">\n\t\t\t\t\t\t\t\t<div class=\"image\" style=\"background-image: url(https:\/\/scanreal.fi\/wp-content\/uploads\/2020\/08\/tyler-franta-iusJ25iYu1c-unsplash.jpg); background-size: cover; background-position: 65.28% 38.62%;\">\n\t\t\t\t<\/div>\n\t\t\t<\/div>\n\t\t\t<div class=\"cell medium-6 text-content\">\n\t\t\t\t<h3>R\u00e4tta l\u00f6sningar f\u00f6r ditt f\u00f6retag<\/h3>\n<p>ScanReal \u00e4r en p\u00e5litlig akt\u00f6r som sparar er tid och pengar. Vi k\u00e4nner fastighets\u00e4garna, vilket g\u00f6r det l\u00e4ttare att g\u00f6ra aff\u00e4rer och f\u00f6rhandla med dem. Tack vare v\u00e5rt stora samarbetsn\u00e4tverk kan vi erbjuda l\u00f6sningar som passar dina behov.<\/p>\n\t\t\t\t\t\t\t\t<p class=\"cta\"><a href=\"http:\/\/scanreal.wpengine.com\/sv\/om-oss\/\" target=\"\">L\u00e4r k\u00e4nna oss<\/a><\/p>\n\t\t\t<\/div>\n\t\t<\/div>\n\t\t\t<\/div>\n\t<\/div>","protected":false},"excerpt":{"rendered":"<p>R\u00e4tt typ av lokaler f\u00f6r ditt f\u00f6retag med en kontakt ScanReal \u00e4r ett f\u00f6retag som hj\u00e4lper till att hitta och hyra l\u00e4mpliga aff\u00e4rslokaler med gedigen erfarenhet professionellt. Vi verkar fr\u00e4mst inom huvudstadsregionen och v\u00e5ra objekt&hellip;<\/p>\n","protected":false},"author":4,"featured_media":0,"parent":0,"menu_order":0,"comment_status":"closed","ping_status":"closed","template":"","meta":{"_crdt_document":"","footnotes":""},"class_list":["post-107","page","type-page","status-publish","hentry"],"yoast_head":"<!-- This site is optimized with the Yoast SEO plugin v27.4 - https:\/\/yoast.com\/product\/yoast-seo-wordpress\/ -->\n<title>ScanReal - Lokaler f\u00f6r ditt f\u00f6retag med en kontakt!<\/title>\n<meta name=\"description\" content=\"Vi f\u00f6rmedlar aff\u00e4rslokaler med gedigen erfarenhet professionellt. Vi verkar fr\u00e4mst inom huvudstadsregionen och v\u00e5ra objekt \u00e4r kontor, butikslokaler, lager- och logistiklokaler,\" \/>\n<meta name=\"robots\" content=\"index, follow, max-snippet:-1, max-image-preview:large, max-video-preview:-1\" \/>\n<link rel=\"canonical\" href=\"https:\/\/scanreal.fi\/sv\/\" \/>\n<meta property=\"og:locale\" content=\"sv_SE\" \/>\n<meta property=\"og:type\" content=\"article\" \/>\n<meta property=\"og:title\" content=\"ScanReal - Lokaler f\u00f6r ditt f\u00f6retag med en kontakt!\" \/>\n<meta property=\"og:description\" content=\"Vi f\u00f6rmedlar aff\u00e4rslokaler med gedigen erfarenhet professionellt. Vi verkar fr\u00e4mst inom huvudstadsregionen och v\u00e5ra objekt \u00e4r kontor, butikslokaler, lager- och logistiklokaler,\" \/>\n<meta property=\"og:url\" content=\"https:\/\/scanreal.fi\/sv\/\" \/>\n<meta property=\"og:site_name\" content=\"ScanReal toimitilat\" \/>\n<meta property=\"article:publisher\" content=\"https:\/\/www.facebook.com\/scanreal\" \/>\n<meta property=\"article:modified_time\" content=\"2024-03-22T06:54:25+00:00\" \/>\n<meta property=\"og:image\" content=\"https:\/\/scanreal.fi\/wp-content\/uploads\/2024\/02\/klaffikuva_sve.jpg\" \/>\n\t<meta property=\"og:image:width\" content=\"1356\" \/>\n\t<meta property=\"og:image:height\" content=\"1116\" \/>\n\t<meta property=\"og:image:type\" content=\"image\/jpeg\" \/>\n<meta name=\"twitter:card\" content=\"summary_large_image\" \/>\n<meta name=\"twitter:image\" content=\"https:\/\/scanreal.fi\/wp-content\/uploads\/2024\/02\/klaffikuva_sve.jpg\" \/>\n<meta name=\"twitter:label1\" content=\"Ber\u00e4knad l\u00e4stid\" \/>\n\t<meta name=\"twitter:data1\" content=\"1 minut\" \/>\n<script type=\"application\/ld+json\" class=\"yoast-schema-graph\">{\"@context\":\"https:\\\/\\\/schema.org\",\"@graph\":[{\"@type\":\"WebPage\",\"@id\":\"https:\\\/\\\/scanreal.fi\\\/sv\\\/\",\"url\":\"https:\\\/\\\/scanreal.fi\\\/sv\\\/\",\"name\":\"ScanReal - Lokaler f\u00f6r ditt f\u00f6retag med en kontakt!\",\"isPartOf\":{\"@id\":\"https:\\\/\\\/scanreal.fi\\\/#website\"},\"primaryImageOfPage\":{\"@id\":\"https:\\\/\\\/scanreal.fi\\\/sv\\\/#primaryimage\"},\"image\":{\"@id\":\"https:\\\/\\\/scanreal.fi\\\/sv\\\/#primaryimage\"},\"thumbnailUrl\":\"https:\\\/\\\/scanreal.fi\\\/wp-content\\\/uploads\\\/2021\\\/01\\\/ScanReal-team-2-1440x956.jpg\",\"datePublished\":\"2020-08-12T07:56:31+00:00\",\"dateModified\":\"2024-03-22T06:54:25+00:00\",\"description\":\"Vi f\u00f6rmedlar aff\u00e4rslokaler med gedigen erfarenhet professionellt. Vi verkar fr\u00e4mst inom huvudstadsregionen och v\u00e5ra objekt \u00e4r kontor, butikslokaler, lager- och logistiklokaler,\",\"breadcrumb\":{\"@id\":\"https:\\\/\\\/scanreal.fi\\\/sv\\\/#breadcrumb\"},\"inLanguage\":\"sv-SE\",\"potentialAction\":[{\"@type\":\"ReadAction\",\"target\":[\"https:\\\/\\\/scanreal.fi\\\/sv\\\/\"]}]},{\"@type\":\"ImageObject\",\"inLanguage\":\"sv-SE\",\"@id\":\"https:\\\/\\\/scanreal.fi\\\/sv\\\/#primaryimage\",\"url\":\"https:\\\/\\\/scanreal.fi\\\/wp-content\\\/uploads\\\/2021\\\/01\\\/ScanReal-team-2-1440x956.jpg\",\"contentUrl\":\"https:\\\/\\\/scanreal.fi\\\/wp-content\\\/uploads\\\/2021\\\/01\\\/ScanReal-team-2-1440x956.jpg\"},{\"@type\":\"BreadcrumbList\",\"@id\":\"https:\\\/\\\/scanreal.fi\\\/sv\\\/#breadcrumb\",\"itemListElement\":[{\"@type\":\"ListItem\",\"position\":1,\"name\":\"Etusivu\",\"item\":\"https:\\\/\\\/scanreal.fi\\\/sv\\\/\"},{\"@type\":\"ListItem\",\"position\":2,\"name\":\"Framsida\"}]},{\"@type\":\"WebSite\",\"@id\":\"https:\\\/\\\/scanreal.fi\\\/#website\",\"url\":\"https:\\\/\\\/scanreal.fi\\\/\",\"name\":\"ScanReal\",\"description\":\"Oikeanlaiset toimitilat yrityksellesi yhdell\u00e4 yhteydenotolla\",\"publisher\":{\"@id\":\"https:\\\/\\\/scanreal.fi\\\/#organization\"},\"potentialAction\":[{\"@type\":\"SearchAction\",\"target\":{\"@type\":\"EntryPoint\",\"urlTemplate\":\"https:\\\/\\\/scanreal.fi\\\/?s={search_term_string}\"},\"query-input\":{\"@type\":\"PropertyValueSpecification\",\"valueRequired\":true,\"valueName\":\"search_term_string\"}}],\"inLanguage\":\"sv-SE\"},{\"@type\":\"Organization\",\"@id\":\"https:\\\/\\\/scanreal.fi\\\/#organization\",\"name\":\"ScanReal Oy\",\"url\":\"https:\\\/\\\/scanreal.fi\\\/\",\"logo\":{\"@type\":\"ImageObject\",\"inLanguage\":\"sv-SE\",\"@id\":\"https:\\\/\\\/scanreal.fi\\\/#\\\/schema\\\/logo\\\/image\\\/\",\"url\":\"https:\\\/\\\/scanreal.fi\\\/wp-content\\\/uploads\\\/2020\\\/09\\\/Logo-Scanreal-sin-pohja-iso.png\",\"contentUrl\":\"https:\\\/\\\/scanreal.fi\\\/wp-content\\\/uploads\\\/2020\\\/09\\\/Logo-Scanreal-sin-pohja-iso.png\",\"width\":119,\"height\":55,\"caption\":\"ScanReal Oy\"},\"image\":{\"@id\":\"https:\\\/\\\/scanreal.fi\\\/#\\\/schema\\\/logo\\\/image\\\/\"},\"sameAs\":[\"https:\\\/\\\/www.facebook.com\\\/scanreal\",\"https:\\\/\\\/www.linkedin.com\\\/company\\\/scanreal-oy\\\/\"]}]}<\/script>\n<!-- \/ Yoast SEO plugin. -->","yoast_head_json":{"title":"ScanReal - Lokaler f\u00f6r ditt f\u00f6retag med en kontakt!","description":"Vi f\u00f6rmedlar aff\u00e4rslokaler med gedigen erfarenhet professionellt. Vi verkar fr\u00e4mst inom huvudstadsregionen och v\u00e5ra objekt \u00e4r kontor, butikslokaler, lager- och logistiklokaler,","robots":{"index":"index","follow":"follow","max-snippet":"max-snippet:-1","max-image-preview":"max-image-preview:large","max-video-preview":"max-video-preview:-1"},"canonical":"https:\/\/scanreal.fi\/sv\/","og_locale":"sv_SE","og_type":"article","og_title":"ScanReal - Lokaler f\u00f6r ditt f\u00f6retag med en kontakt!","og_description":"Vi f\u00f6rmedlar aff\u00e4rslokaler med gedigen erfarenhet professionellt. Vi verkar fr\u00e4mst inom huvudstadsregionen och v\u00e5ra objekt \u00e4r kontor, butikslokaler, lager- och logistiklokaler,","og_url":"https:\/\/scanreal.fi\/sv\/","og_site_name":"ScanReal toimitilat","article_publisher":"https:\/\/www.facebook.com\/scanreal","article_modified_time":"2024-03-22T06:54:25+00:00","og_image":[{"width":1356,"height":1116,"url":"https:\/\/scanreal.fi\/wp-content\/uploads\/2024\/02\/klaffikuva_sve.jpg","type":"image\/jpeg"}],"twitter_card":"summary_large_image","twitter_image":"https:\/\/scanreal.fi\/wp-content\/uploads\/2024\/02\/klaffikuva_sve.jpg","twitter_misc":{"Ber\u00e4knad l\u00e4stid":"1 minut"},"schema":{"@context":"https:\/\/schema.org","@graph":[{"@type":"WebPage","@id":"https:\/\/scanreal.fi\/sv\/","url":"https:\/\/scanreal.fi\/sv\/","name":"ScanReal - Lokaler f\u00f6r ditt f\u00f6retag med en kontakt!","isPartOf":{"@id":"https:\/\/scanreal.fi\/#website"},"primaryImageOfPage":{"@id":"https:\/\/scanreal.fi\/sv\/#primaryimage"},"image":{"@id":"https:\/\/scanreal.fi\/sv\/#primaryimage"},"thumbnailUrl":"https:\/\/scanreal.fi\/wp-content\/uploads\/2021\/01\/ScanReal-team-2-1440x956.jpg","datePublished":"2020-08-12T07:56:31+00:00","dateModified":"2024-03-22T06:54:25+00:00","description":"Vi f\u00f6rmedlar aff\u00e4rslokaler med gedigen erfarenhet professionellt. Vi verkar fr\u00e4mst inom huvudstadsregionen och v\u00e5ra objekt \u00e4r kontor, butikslokaler, lager- och logistiklokaler,","breadcrumb":{"@id":"https:\/\/scanreal.fi\/sv\/#breadcrumb"},"inLanguage":"sv-SE","potentialAction":[{"@type":"ReadAction","target":["https:\/\/scanreal.fi\/sv\/"]}]},{"@type":"ImageObject","inLanguage":"sv-SE","@id":"https:\/\/scanreal.fi\/sv\/#primaryimage","url":"https:\/\/scanreal.fi\/wp-content\/uploads\/2021\/01\/ScanReal-team-2-1440x956.jpg","contentUrl":"https:\/\/scanreal.fi\/wp-content\/uploads\/2021\/01\/ScanReal-team-2-1440x956.jpg"},{"@type":"BreadcrumbList","@id":"https:\/\/scanreal.fi\/sv\/#breadcrumb","itemListElement":[{"@type":"ListItem","position":1,"name":"Etusivu","item":"https:\/\/scanreal.fi\/sv\/"},{"@type":"ListItem","position":2,"name":"Framsida"}]},{"@type":"WebSite","@id":"https:\/\/scanreal.fi\/#website","url":"https:\/\/scanreal.fi\/","name":"ScanReal","description":"Oikeanlaiset toimitilat yrityksellesi yhdell\u00e4 yhteydenotolla","publisher":{"@id":"https:\/\/scanreal.fi\/#organization"},"potentialAction":[{"@type":"SearchAction","target":{"@type":"EntryPoint","urlTemplate":"https:\/\/scanreal.fi\/?s={search_term_string}"},"query-input":{"@type":"PropertyValueSpecification","valueRequired":true,"valueName":"search_term_string"}}],"inLanguage":"sv-SE"},{"@type":"Organization","@id":"https:\/\/scanreal.fi\/#organization","name":"ScanReal Oy","url":"https:\/\/scanreal.fi\/","logo":{"@type":"ImageObject","inLanguage":"sv-SE","@id":"https:\/\/scanreal.fi\/#\/schema\/logo\/image\/","url":"https:\/\/scanreal.fi\/wp-content\/uploads\/2020\/09\/Logo-Scanreal-sin-pohja-iso.png","contentUrl":"https:\/\/scanreal.fi\/wp-content\/uploads\/2020\/09\/Logo-Scanreal-sin-pohja-iso.png","width":119,"height":55,"caption":"ScanReal Oy"},"image":{"@id":"https:\/\/scanreal.fi\/#\/schema\/logo\/image\/"},"sameAs":["https:\/\/www.facebook.com\/scanreal","https:\/\/www.linkedin.com\/company\/scanreal-oy\/"]}]}},"_links":{"self":[{"href":"https:\/\/scanreal.fi\/sv\/wp-json\/wp\/v2\/pages\/107","targetHints":{"allow":["GET"]}}],"collection":[{"href":"https:\/\/scanreal.fi\/sv\/wp-json\/wp\/v2\/pages"}],"about":[{"href":"https:\/\/scanreal.fi\/sv\/wp-json\/wp\/v2\/types\/page"}],"author":[{"embeddable":true,"href":"https:\/\/scanreal.fi\/sv\/wp-json\/wp\/v2\/users\/4"}],"replies":[{"embeddable":true,"href":"https:\/\/scanreal.fi\/sv\/wp-json\/wp\/v2\/comments?post=107"}],"version-history":[{"count":0,"href":"https:\/\/scanreal.fi\/sv\/wp-json\/wp\/v2\/pages\/107\/revisions"}],"wp:attachment":[{"href":"https:\/\/scanreal.fi\/sv\/wp-json\/wp\/v2\/media?parent=107"}],"curies":[{"name":"wp","href":"https:\/\/api.w.org\/{rel}","templated":true}]}}