{"id":117,"date":"2020-08-23T17:34:17","date_gmt":"2020-08-23T14:34:17","guid":{"rendered":"https:\/\/scanreal.fi\/kiinteiston-omistajat\/"},"modified":"2020-09-10T11:15:29","modified_gmt":"2020-09-10T08:15:29","slug":"fastighetsagare","status":"publish","type":"page","link":"https:\/\/scanreal.fi\/sv\/fastighetsagare\/","title":{"rendered":"Fastighets\u00e4gare"},"content":{"rendered":"\n<div>\n\t<div id=\"hero-block_5f4564e2d9722\" class=\"wp-block block-hero image-text\">\n\t\t<div class=\"grid-container\">\n\t\t\t<div class=\"grid-x grid-padding-x align-center-middle\">\n\t\t\t\t\n\t\t\t\t\t\t\t\t\t<div class=\"cell medium-6 large-5 large-offset-1 text-content\">\n\t\t\t\t\t\t<h1>V\u00e5ra tj\u00e4nster f\u00f6r fastighets\u00e4gare<\/h1>\n<p>Vi erbjuder en p\u00e5litlig fastighetsm\u00e4klartj\u00e4nst \u00e5t inhemska och internationella fastighets\u00e4gare samt fastighetsinvesterare. V\u00e5rt \u00f6verl\u00e4gsna kontaktn\u00e4t s\u00e4kerst\u00e4ller att du enkelt kan hitta en l\u00e4mplig hyresg\u00e4st.<\/p>\n\t\t\t\t\t\t\t\t\t\t\t<\/div>\n\t\t\t\t\n\t\t\t\t\t\t\t\t\t<div class=\"cell medium-6 large-6\">\n\t\t\t\t\t\t<div class=\"hero-image\" style=\"background-image: url(https:\/\/scanreal.fi\/wp-content\/uploads\/2020\/08\/GettyImages-1168019993.jpg); background-size: cover; background-position: 59.13% 28.88%;\">\n\n\t\t\t\t\t\t<\/div>\n\t\t\t\t\t<\/div>\n\t\t\t\t\t\t\t<\/div>\n\t\t<\/div>\n\t\t<div class=\"hero-social flex-container align-center align-bottom\">\n\t\t\t\t\t<\/div>\n\t<\/div>\n\n\t\n<\/div>\n\n\n<div class=\"wp-block-columns are-vertically-aligned-center is-layout-flex wp-container-core-columns-is-layout-8f761849 wp-block-columns-is-layout-flex\">\n<div class=\"wp-block-column is-vertically-aligned-center is-style-column-narrow is-layout-flow wp-block-column-is-layout-flow\">\n<figure class=\"wp-block-image size-large\"><img loading=\"lazy\" decoding=\"async\" width=\"1280\" height=\"1200\" src=\"https:\/\/scanreal.fi\/wp-content\/uploads\/2020\/08\/GettyImages-1211594428.jpg\" alt=\"\" class=\"wp-image-76\" srcset=\"https:\/\/scanreal.fi\/wp-content\/uploads\/2020\/08\/GettyImages-1211594428.jpg 1280w, https:\/\/scanreal.fi\/wp-content\/uploads\/2020\/08\/GettyImages-1211594428-720x675.jpg 720w, https:\/\/scanreal.fi\/wp-content\/uploads\/2020\/08\/GettyImages-1211594428-768x720.jpg 768w\" sizes=\"auto, (max-width: 1280px) 100vw, 1280px\" \/><\/figure>\n<\/div>\n\n\n\n<div class=\"wp-block-column is-vertically-aligned-center is-style-column-wide is-layout-flow wp-block-column-is-layout-flow\">\n<h2 class=\"wp-block-heading\">Beh\u00f6ver du en hyresg\u00e4st?<\/h2>\n\n\n\n<p class=\"wp-block-paragraph\">Vi sk\u00f6ter m\u00e4klartj\u00e4nster professionellt och frig\u00f6r dina egna resurser f\u00f6r din k\u00e4rnverksamhet. Kontakta oss &#8211; och starta kassafl\u00f6det f\u00f6r din fastighet snabbt.<\/p>\n\n\n\n<p class=\"cta wp-block-paragraph\"><a href=\"https:\/\/scanreal.fi\/sv\/kontakt\/\">L\u00e4mna en kontaktbeg\u00e4ran<\/a><\/p>\n<\/div>\n<\/div>\n","protected":false},"excerpt":{"rendered":"<p>Beh\u00f6ver du en hyresg\u00e4st? Vi sk\u00f6ter m\u00e4klartj\u00e4nster professionellt och frig\u00f6r dina egna resurser f\u00f6r din k\u00e4rnverksamhet. Kontakta oss &#8211; och starta kassafl\u00f6det f\u00f6r din fastighet snabbt. L\u00e4mna en kontaktbeg\u00e4ran<\/p>\n","protected":false},"author":4,"featured_media":0,"parent":0,"menu_order":0,"comment_status":"closed","ping_status":"closed","template":"","meta":{"_crdt_document":"","footnotes":""},"class_list":["post-117","page","type-page","status-publish","hentry"],"yoast_head":"<!-- This site is optimized with the Yoast SEO plugin v27.2 - https:\/\/yoast.com\/product\/yoast-seo-wordpress\/ -->\n<title>Fastighets\u00e4gare - ScanReal toimitilat<\/title>\n<meta name=\"description\" content=\"Vi erbjuder en p\u00e5litlig fastighetsm\u00e4klartj\u00e4nst \u00e5t inhemska och internationella fastighets\u00e4gare samt fastighetsinvesterare. V\u00e5rt \u00f6verl\u00e4gsna kontaktn\u00e4t s\u00e4kerst\u00e4ller att du enkelt kan hitta en l\u00e4mplig hyresg\u00e4st.\" \/>\n<meta name=\"robots\" content=\"index, follow, max-snippet:-1, max-image-preview:large, max-video-preview:-1\" \/>\n<link rel=\"canonical\" href=\"https:\/\/scanreal.fi\/sv\/fastighetsagare\/\" \/>\n<meta property=\"og:locale\" content=\"sv_SE\" \/>\n<meta property=\"og:type\" content=\"article\" \/>\n<meta property=\"og:title\" content=\"Fastighets\u00e4gare - ScanReal toimitilat\" \/>\n<meta property=\"og:description\" content=\"Vi erbjuder en p\u00e5litlig fastighetsm\u00e4klartj\u00e4nst \u00e5t inhemska och internationella fastighets\u00e4gare samt fastighetsinvesterare. V\u00e5rt \u00f6verl\u00e4gsna kontaktn\u00e4t s\u00e4kerst\u00e4ller att du enkelt kan hitta en l\u00e4mplig hyresg\u00e4st.\" \/>\n<meta property=\"og:url\" content=\"https:\/\/scanreal.fi\/sv\/fastighetsagare\/\" \/>\n<meta property=\"og:site_name\" content=\"ScanReal toimitilat\" \/>\n<meta property=\"article:publisher\" content=\"https:\/\/www.facebook.com\/scanreal\" \/>\n<meta property=\"article:modified_time\" content=\"2020-09-10T08:15:29+00:00\" \/>\n<meta property=\"og:image\" content=\"https:\/\/scanreal.fi\/wp-content\/uploads\/2020\/08\/GettyImages-1211594428.jpg\" \/>\n<meta name=\"twitter:card\" content=\"summary_large_image\" \/>\n<script type=\"application\/ld+json\" class=\"yoast-schema-graph\">{\"@context\":\"https:\/\/schema.org\",\"@graph\":[{\"@type\":\"WebPage\",\"@id\":\"https:\/\/scanreal.fi\/sv\/fastighetsagare\/\",\"url\":\"https:\/\/scanreal.fi\/sv\/fastighetsagare\/\",\"name\":\"Fastighets\u00e4gare - ScanReal toimitilat\",\"isPartOf\":{\"@id\":\"https:\/\/scanreal.fi\/#website\"},\"primaryImageOfPage\":{\"@id\":\"https:\/\/scanreal.fi\/sv\/fastighetsagare\/#primaryimage\"},\"image\":{\"@id\":\"https:\/\/scanreal.fi\/sv\/fastighetsagare\/#primaryimage\"},\"thumbnailUrl\":\"https:\/\/scanreal.fi\/wp-content\/uploads\/2020\/08\/GettyImages-1211594428.jpg\",\"datePublished\":\"2020-08-23T14:34:17+00:00\",\"dateModified\":\"2020-09-10T08:15:29+00:00\",\"description\":\"Vi erbjuder en p\u00e5litlig fastighetsm\u00e4klartj\u00e4nst \u00e5t inhemska och internationella fastighets\u00e4gare samt fastighetsinvesterare. V\u00e5rt \u00f6verl\u00e4gsna kontaktn\u00e4t s\u00e4kerst\u00e4ller att du enkelt kan hitta en l\u00e4mplig hyresg\u00e4st.\",\"breadcrumb\":{\"@id\":\"https:\/\/scanreal.fi\/sv\/fastighetsagare\/#breadcrumb\"},\"inLanguage\":\"sv-SE\",\"potentialAction\":[{\"@type\":\"ReadAction\",\"target\":[\"https:\/\/scanreal.fi\/sv\/fastighetsagare\/\"]}]},{\"@type\":\"ImageObject\",\"inLanguage\":\"sv-SE\",\"@id\":\"https:\/\/scanreal.fi\/sv\/fastighetsagare\/#primaryimage\",\"url\":\"https:\/\/scanreal.fi\/wp-content\/uploads\/2020\/08\/GettyImages-1211594428.jpg\",\"contentUrl\":\"https:\/\/scanreal.fi\/wp-content\/uploads\/2020\/08\/GettyImages-1211594428.jpg\"},{\"@type\":\"BreadcrumbList\",\"@id\":\"https:\/\/scanreal.fi\/sv\/fastighetsagare\/#breadcrumb\",\"itemListElement\":[{\"@type\":\"ListItem\",\"position\":1,\"name\":\"Etusivu\",\"item\":\"https:\/\/scanreal.fi\/sv\/\"},{\"@type\":\"ListItem\",\"position\":2,\"name\":\"Fastighets\u00e4gare\"}]},{\"@type\":\"WebSite\",\"@id\":\"https:\/\/scanreal.fi\/#website\",\"url\":\"https:\/\/scanreal.fi\/\",\"name\":\"ScanReal\",\"description\":\"Oikeanlaiset toimitilat yrityksellesi yhdell\u00e4 yhteydenotolla\",\"publisher\":{\"@id\":\"https:\/\/scanreal.fi\/#organization\"},\"potentialAction\":[{\"@type\":\"SearchAction\",\"target\":{\"@type\":\"EntryPoint\",\"urlTemplate\":\"https:\/\/scanreal.fi\/?s={search_term_string}\"},\"query-input\":{\"@type\":\"PropertyValueSpecification\",\"valueRequired\":true,\"valueName\":\"search_term_string\"}}],\"inLanguage\":\"sv-SE\"},{\"@type\":\"Organization\",\"@id\":\"https:\/\/scanreal.fi\/#organization\",\"name\":\"ScanReal Oy\",\"url\":\"https:\/\/scanreal.fi\/\",\"logo\":{\"@type\":\"ImageObject\",\"inLanguage\":\"sv-SE\",\"@id\":\"https:\/\/scanreal.fi\/#\/schema\/logo\/image\/\",\"url\":\"https:\/\/scanreal.fi\/wp-content\/uploads\/2020\/09\/Logo-Scanreal-sin-pohja-iso.png\",\"contentUrl\":\"https:\/\/scanreal.fi\/wp-content\/uploads\/2020\/09\/Logo-Scanreal-sin-pohja-iso.png\",\"width\":119,\"height\":55,\"caption\":\"ScanReal Oy\"},\"image\":{\"@id\":\"https:\/\/scanreal.fi\/#\/schema\/logo\/image\/\"},\"sameAs\":[\"https:\/\/www.facebook.com\/scanreal\",\"https:\/\/www.linkedin.com\/company\/scanreal-oy\/\"]}]}<\/script>\n<!-- \/ Yoast SEO plugin. -->","yoast_head_json":{"title":"Fastighets\u00e4gare - ScanReal toimitilat","description":"Vi erbjuder en p\u00e5litlig fastighetsm\u00e4klartj\u00e4nst \u00e5t inhemska och internationella fastighets\u00e4gare samt fastighetsinvesterare. V\u00e5rt \u00f6verl\u00e4gsna kontaktn\u00e4t s\u00e4kerst\u00e4ller att du enkelt kan hitta en l\u00e4mplig hyresg\u00e4st.","robots":{"index":"index","follow":"follow","max-snippet":"max-snippet:-1","max-image-preview":"max-image-preview:large","max-video-preview":"max-video-preview:-1"},"canonical":"https:\/\/scanreal.fi\/sv\/fastighetsagare\/","og_locale":"sv_SE","og_type":"article","og_title":"Fastighets\u00e4gare - ScanReal toimitilat","og_description":"Vi erbjuder en p\u00e5litlig fastighetsm\u00e4klartj\u00e4nst \u00e5t inhemska och internationella fastighets\u00e4gare samt fastighetsinvesterare. V\u00e5rt \u00f6verl\u00e4gsna kontaktn\u00e4t s\u00e4kerst\u00e4ller att du enkelt kan hitta en l\u00e4mplig hyresg\u00e4st.","og_url":"https:\/\/scanreal.fi\/sv\/fastighetsagare\/","og_site_name":"ScanReal toimitilat","article_publisher":"https:\/\/www.facebook.com\/scanreal","article_modified_time":"2020-09-10T08:15:29+00:00","og_image":[{"url":"https:\/\/scanreal.fi\/wp-content\/uploads\/2020\/08\/GettyImages-1211594428.jpg","type":"","width":"","height":""}],"twitter_card":"summary_large_image","schema":{"@context":"https:\/\/schema.org","@graph":[{"@type":"WebPage","@id":"https:\/\/scanreal.fi\/sv\/fastighetsagare\/","url":"https:\/\/scanreal.fi\/sv\/fastighetsagare\/","name":"Fastighets\u00e4gare - ScanReal toimitilat","isPartOf":{"@id":"https:\/\/scanreal.fi\/#website"},"primaryImageOfPage":{"@id":"https:\/\/scanreal.fi\/sv\/fastighetsagare\/#primaryimage"},"image":{"@id":"https:\/\/scanreal.fi\/sv\/fastighetsagare\/#primaryimage"},"thumbnailUrl":"https:\/\/scanreal.fi\/wp-content\/uploads\/2020\/08\/GettyImages-1211594428.jpg","datePublished":"2020-08-23T14:34:17+00:00","dateModified":"2020-09-10T08:15:29+00:00","description":"Vi erbjuder en p\u00e5litlig fastighetsm\u00e4klartj\u00e4nst \u00e5t inhemska och internationella fastighets\u00e4gare samt fastighetsinvesterare. V\u00e5rt \u00f6verl\u00e4gsna kontaktn\u00e4t s\u00e4kerst\u00e4ller att du enkelt kan hitta en l\u00e4mplig hyresg\u00e4st.","breadcrumb":{"@id":"https:\/\/scanreal.fi\/sv\/fastighetsagare\/#breadcrumb"},"inLanguage":"sv-SE","potentialAction":[{"@type":"ReadAction","target":["https:\/\/scanreal.fi\/sv\/fastighetsagare\/"]}]},{"@type":"ImageObject","inLanguage":"sv-SE","@id":"https:\/\/scanreal.fi\/sv\/fastighetsagare\/#primaryimage","url":"https:\/\/scanreal.fi\/wp-content\/uploads\/2020\/08\/GettyImages-1211594428.jpg","contentUrl":"https:\/\/scanreal.fi\/wp-content\/uploads\/2020\/08\/GettyImages-1211594428.jpg"},{"@type":"BreadcrumbList","@id":"https:\/\/scanreal.fi\/sv\/fastighetsagare\/#breadcrumb","itemListElement":[{"@type":"ListItem","position":1,"name":"Etusivu","item":"https:\/\/scanreal.fi\/sv\/"},{"@type":"ListItem","position":2,"name":"Fastighets\u00e4gare"}]},{"@type":"WebSite","@id":"https:\/\/scanreal.fi\/#website","url":"https:\/\/scanreal.fi\/","name":"ScanReal","description":"Oikeanlaiset toimitilat yrityksellesi yhdell\u00e4 yhteydenotolla","publisher":{"@id":"https:\/\/scanreal.fi\/#organization"},"potentialAction":[{"@type":"SearchAction","target":{"@type":"EntryPoint","urlTemplate":"https:\/\/scanreal.fi\/?s={search_term_string}"},"query-input":{"@type":"PropertyValueSpecification","valueRequired":true,"valueName":"search_term_string"}}],"inLanguage":"sv-SE"},{"@type":"Organization","@id":"https:\/\/scanreal.fi\/#organization","name":"ScanReal Oy","url":"https:\/\/scanreal.fi\/","logo":{"@type":"ImageObject","inLanguage":"sv-SE","@id":"https:\/\/scanreal.fi\/#\/schema\/logo\/image\/","url":"https:\/\/scanreal.fi\/wp-content\/uploads\/2020\/09\/Logo-Scanreal-sin-pohja-iso.png","contentUrl":"https:\/\/scanreal.fi\/wp-content\/uploads\/2020\/09\/Logo-Scanreal-sin-pohja-iso.png","width":119,"height":55,"caption":"ScanReal Oy"},"image":{"@id":"https:\/\/scanreal.fi\/#\/schema\/logo\/image\/"},"sameAs":["https:\/\/www.facebook.com\/scanreal","https:\/\/www.linkedin.com\/company\/scanreal-oy\/"]}]}},"_links":{"self":[{"href":"https:\/\/scanreal.fi\/sv\/wp-json\/wp\/v2\/pages\/117","targetHints":{"allow":["GET"]}}],"collection":[{"href":"https:\/\/scanreal.fi\/sv\/wp-json\/wp\/v2\/pages"}],"about":[{"href":"https:\/\/scanreal.fi\/sv\/wp-json\/wp\/v2\/types\/page"}],"author":[{"embeddable":true,"href":"https:\/\/scanreal.fi\/sv\/wp-json\/wp\/v2\/users\/4"}],"replies":[{"embeddable":true,"href":"https:\/\/scanreal.fi\/sv\/wp-json\/wp\/v2\/comments?post=117"}],"version-history":[{"count":0,"href":"https:\/\/scanreal.fi\/sv\/wp-json\/wp\/v2\/pages\/117\/revisions"}],"wp:attachment":[{"href":"https:\/\/scanreal.fi\/sv\/wp-json\/wp\/v2\/media?parent=117"}],"curies":[{"name":"wp","href":"https:\/\/api.w.org\/{rel}","templated":true}]}}