{"id":120,"date":"2020-08-25T12:35:50","date_gmt":"2020-08-25T09:35:50","guid":{"rendered":"https:\/\/scanreal.fi\/ota-yhteytta\/"},"modified":"2020-09-10T09:14:25","modified_gmt":"2020-09-10T06:14:25","slug":"kontakt","status":"publish","type":"page","link":"https:\/\/scanreal.fi\/sv\/kontakt\/","title":{"rendered":"Kontakta oss"},"content":{"rendered":"\n<div class=\"wp-block-columns is-layout-flex wp-container-core-columns-is-layout-8f761849 wp-block-columns-is-layout-flex\">\n<div class=\"wp-block-column align-center is-style-default is-layout-flow wp-block-column-is-layout-flow\" style=\"flex-basis:65%\">\n<h2 class=\"wp-block-heading\">Din partner f\u00f6r framg\u00e5ngsrika aff\u00e4rslokalsl\u00f6sningar<\/h2>\n\n\n\n<p class=\"wp-block-paragraph\">Vi f\u00f6rmedlar och hittar l\u00e4mpliga l\u00f6sningar, oavsett om det g\u00e4ller ett litet kontor eller en hel byggnad. Om du vill hyra, k\u00f6pa eller s\u00e4lja f\u00e5r du den hj\u00e4lp du beh\u00f6ver fr\u00e5n oss. L\u00e4mna en kontaktbeg\u00e4ran s\u00e5 kontaktar vi dig snart.<\/p>\n<\/div>\n<\/div>\n\n\n\n\t\t<form method=\"post\" class=\"ooaf_form contact_form flex-container align-center-middle\" id=\"ooaf_468e55baf7db581567202b94ccbc1777\">\n\n\t\t\t<div class=\"grid-container\">\n\t\t\t\t\n\t\t\t\t<div class=\"grid-x grid-margin-x align-center\">\n\t\t\t\t\t<div class=\"small-12 cell text-center\">\n\t\t\t\t\t\t<h3 class=\"h4\">Kontakta oss<\/h3>\n\t\t\t\t\t<\/div>\n\t\t\t\t<\/div>\n\t\t\t\t\n\t\t\t\t<div class=\"grid-x grid-margin-x align-center\">\n\t\t\t\t\t<div class=\"small-12 large-10 cell\">\n\t\t\t\t\t\t<label class=\"\" for=\"name\">Namn <span class=\"required\">*<\/span><\/label>\n\t\t\t\t\t\t<input type=\"text\" name=\"name\" id=\"name\" placeholder=\"\" required>\n\t\t\t\t\t<\/div>\n\t\t\t\t<\/div>\n\n\t\t\t\t<div class=\"grid-x grid-margin-x align-center\">\n\t\t\t\t\t<div class=\"small-12 large-10 cell\">\n\t\t\t\t\t\t<label class=\"\" for=\"company\">F\u00f6retag <span class=\"required\">*<\/span><\/label>\n\t\t\t\t\t\t<input type=\"text\" name=\"company\" id=\"company\" placeholder=\"\" required>\n\t\t\t\t\t<\/div>\n\t\t\t\t<\/div>\n\n\t\t\t\t<div class=\"grid-x grid-margin-x align-center\">\n\t\t\t\t\t<div class=\"small-12 large-10 cell\">\n\t\t\t\t\t\t<label class=\"\" for=\"tel\">Telefonnummer<\/label>\n\t\t\t\t\t\t<input type=\"text\" name=\"tel\" id=\"tel\" placeholder=\"\">\n\t\t\t\t\t<\/div>\n\t\t\t\t<\/div>\n\n\t\t\t\t<div class=\"grid-x grid-margin-x align-center\">\n\t\t\t\t\t<div class=\"small-12 large-10 cell\">\n\t\t\t\t\t\t<label class=\"\" for=\"email\">Epost <span class=\"required\">*<\/span><\/label>\n\t\t\t\t\t\t<input type=\"email\" name=\"email\" id=\"email\" placeholder=\"\" required>\n\t\t\t\t\t<\/div>\n\t\t\t\t<\/div>\n\n\t\t\t\t<div class=\"grid-x grid-margin-x align-center\">\n\t\t\t\t\t<div class=\"small-12 large-10 cell\">\n\t\t\t\t\t\t<label class=\"\" for=\"message\">Beskriv era behov <br> (storlek, region, f\u00f6retagsbransch, budget) <span class=\"required\">*<\/span><\/label>\n\t\t\t\t\t\t<textarea name=\"message\" id=\"message\" cols=\"30\" rows=\"10\"><\/textarea>\n\t\t\t\t\t<\/div>\n\t\t\t\t<\/div>\n\n\t\t\t\t<div class=\"grid-x grid-margin-x align-center\">\n\t\t\t\t\t<div class=\"small-12 large-10 cell\">\n\t\t\t\t\t\t<label class=\"\">Jag \u00f6nskar bli kontaktad<\/label>\n\t\t\t\t\t<\/div>\n\t\t\t\t\t<div class=\"small-12 large-10 cell\">\n\t\t\t\t\t\t<div class=\"grid-x grid-margin-x full\">\n\t\t\t\t\t\t\t<div class=\"small-12 large-6 cell\">\n\t\t\t\t\t\t\t\t<label class=\"radio\" for=\"contact_type_email\">\n\t\t\t\t\t\t\t\t\t<input type=\"radio\" id=\"contact_type_email\" name=\"contact_type\" value=\"S\u00e4hk\u00f6posti\">Per Epost\t\t\t\t\t\t\t\t\t<span><\/span>\n\t\t\t\t\t\t\t\t<\/label>\n\t\t\t\t\t\t\t<\/div>\n\t\t\t\t\t\t\t<div class=\"small-12 large-6 cell\">\n\t\t\t\t\t\t\t\t<label class=\"radio\" for=\"contact_type_phone\">\n\t\t\t\t\t\t\t\t\t<input type=\"radio\" id=\"contact_type_phone\" name=\"contact_type\" value=\"Puhelin\">Per telefon\t\t\t\t\t\t\t\t\t<span><\/span>\n\t\t\t\t\t\t\t\t<\/label>\n\t\t\t\t\t\t\t<\/div>\n\t\t\t\t\t\t<\/div>\n\t\t\t\t\t<\/div>\n\t\t\t\t<\/div>\n\n\t\t\t\t<div class=\"grid-x grid-margin-x align-center\">\n\t\t\t\t\t<div class=\"small-12 large-10 cell\">\n\t\t\t\t\t\t<input type=\"text\" name=\"hpot\" class=\"hpot\" \/>\n\t\t\t\t\t\t<input type=\"hidden\" name=\"action\" value=\"contact_form_submit\" \/>\n\t\t\t\t\t\t<input type=\"hidden\" id=\"security\" name=\"security\" value=\"f8f4b9bb5c\" \/><input type=\"hidden\" name=\"_wp_http_referer\" value=\"\/sv\/wp-json\/wp\/v2\/pages\/120\" \/>\t\t\t\t\t\t\t\t\t\t\t\t<input type=\"submit\" id=\"contact_form_submit\" class=\"\" value=\"Skicka\">\n\t\t\t\t\t\t<img decoding=\"async\" src=\"https:\/\/scanreal.fi\/wp-content\/plugins\/oo-ajax-forms\/img\/loading.svg\" alt=\"L\u00e4hetet\u00e4\u00e4n\" class=\"loading\" style=\"display: none;\">\n\t\t\t\t\t<\/div>\n\t\t\t\t<\/div>\n\n\t\t\t<\/div>\n\n\t\t<\/form>\n\n\t\t\n","protected":false},"excerpt":{"rendered":"<p>Din partner f\u00f6r framg\u00e5ngsrika aff\u00e4rslokalsl\u00f6sningar Vi f\u00f6rmedlar och hittar l\u00e4mpliga l\u00f6sningar, oavsett om det g\u00e4ller ett litet kontor eller en hel byggnad. Om du vill hyra, k\u00f6pa eller s\u00e4lja f\u00e5r du den hj\u00e4lp du beh\u00f6ver&hellip;<\/p>\n","protected":false},"author":4,"featured_media":0,"parent":0,"menu_order":0,"comment_status":"closed","ping_status":"closed","template":"page-no-hero.php","meta":{"_crdt_document":"","footnotes":""},"class_list":["post-120","page","type-page","status-publish","hentry"],"yoast_head":"<!-- This site is optimized with the Yoast SEO plugin v27.4 - https:\/\/yoast.com\/product\/yoast-seo-wordpress\/ -->\n<title>Kontakta oss - ScanReal toimitilat<\/title>\n<meta name=\"robots\" content=\"index, follow, max-snippet:-1, max-image-preview:large, max-video-preview:-1\" \/>\n<link rel=\"canonical\" href=\"https:\/\/scanreal.fi\/sv\/kontakt\/\" \/>\n<meta property=\"og:locale\" content=\"sv_SE\" \/>\n<meta property=\"og:type\" content=\"article\" \/>\n<meta property=\"og:title\" content=\"Kontakta oss - ScanReal toimitilat\" \/>\n<meta property=\"og:description\" content=\"Din partner f\u00f6r framg\u00e5ngsrika aff\u00e4rslokalsl\u00f6sningar Vi f\u00f6rmedlar och hittar l\u00e4mpliga l\u00f6sningar, oavsett om det g\u00e4ller ett litet kontor eller en hel byggnad. Om du vill hyra, k\u00f6pa eller s\u00e4lja f\u00e5r du den hj\u00e4lp du beh\u00f6ver&hellip;\" \/>\n<meta property=\"og:url\" content=\"https:\/\/scanreal.fi\/sv\/kontakt\/\" \/>\n<meta property=\"og:site_name\" content=\"ScanReal toimitilat\" \/>\n<meta property=\"article:publisher\" content=\"https:\/\/www.facebook.com\/scanreal\" \/>\n<meta property=\"article:modified_time\" content=\"2020-09-10T06:14:25+00:00\" \/>\n<meta name=\"twitter:card\" content=\"summary_large_image\" \/>\n<script type=\"application\/ld+json\" class=\"yoast-schema-graph\">{\"@context\":\"https:\\\/\\\/schema.org\",\"@graph\":[{\"@type\":\"WebPage\",\"@id\":\"https:\\\/\\\/scanreal.fi\\\/sv\\\/kontakt\\\/\",\"url\":\"https:\\\/\\\/scanreal.fi\\\/sv\\\/kontakt\\\/\",\"name\":\"Kontakta oss - ScanReal toimitilat\",\"isPartOf\":{\"@id\":\"https:\\\/\\\/scanreal.fi\\\/#website\"},\"datePublished\":\"2020-08-25T09:35:50+00:00\",\"dateModified\":\"2020-09-10T06:14:25+00:00\",\"breadcrumb\":{\"@id\":\"https:\\\/\\\/scanreal.fi\\\/sv\\\/kontakt\\\/#breadcrumb\"},\"inLanguage\":\"sv-SE\",\"potentialAction\":[{\"@type\":\"ReadAction\",\"target\":[\"https:\\\/\\\/scanreal.fi\\\/sv\\\/kontakt\\\/\"]}]},{\"@type\":\"BreadcrumbList\",\"@id\":\"https:\\\/\\\/scanreal.fi\\\/sv\\\/kontakt\\\/#breadcrumb\",\"itemListElement\":[{\"@type\":\"ListItem\",\"position\":1,\"name\":\"Etusivu\",\"item\":\"https:\\\/\\\/scanreal.fi\\\/sv\\\/\"},{\"@type\":\"ListItem\",\"position\":2,\"name\":\"Kontakta oss\"}]},{\"@type\":\"WebSite\",\"@id\":\"https:\\\/\\\/scanreal.fi\\\/#website\",\"url\":\"https:\\\/\\\/scanreal.fi\\\/\",\"name\":\"ScanReal\",\"description\":\"Oikeanlaiset toimitilat yrityksellesi yhdell\u00e4 yhteydenotolla\",\"publisher\":{\"@id\":\"https:\\\/\\\/scanreal.fi\\\/#organization\"},\"potentialAction\":[{\"@type\":\"SearchAction\",\"target\":{\"@type\":\"EntryPoint\",\"urlTemplate\":\"https:\\\/\\\/scanreal.fi\\\/?s={search_term_string}\"},\"query-input\":{\"@type\":\"PropertyValueSpecification\",\"valueRequired\":true,\"valueName\":\"search_term_string\"}}],\"inLanguage\":\"sv-SE\"},{\"@type\":\"Organization\",\"@id\":\"https:\\\/\\\/scanreal.fi\\\/#organization\",\"name\":\"ScanReal Oy\",\"url\":\"https:\\\/\\\/scanreal.fi\\\/\",\"logo\":{\"@type\":\"ImageObject\",\"inLanguage\":\"sv-SE\",\"@id\":\"https:\\\/\\\/scanreal.fi\\\/#\\\/schema\\\/logo\\\/image\\\/\",\"url\":\"https:\\\/\\\/scanreal.fi\\\/wp-content\\\/uploads\\\/2020\\\/09\\\/Logo-Scanreal-sin-pohja-iso.png\",\"contentUrl\":\"https:\\\/\\\/scanreal.fi\\\/wp-content\\\/uploads\\\/2020\\\/09\\\/Logo-Scanreal-sin-pohja-iso.png\",\"width\":119,\"height\":55,\"caption\":\"ScanReal Oy\"},\"image\":{\"@id\":\"https:\\\/\\\/scanreal.fi\\\/#\\\/schema\\\/logo\\\/image\\\/\"},\"sameAs\":[\"https:\\\/\\\/www.facebook.com\\\/scanreal\",\"https:\\\/\\\/www.linkedin.com\\\/company\\\/scanreal-oy\\\/\"]}]}<\/script>\n<!-- \/ Yoast SEO plugin. -->","yoast_head_json":{"title":"Kontakta oss - ScanReal toimitilat","robots":{"index":"index","follow":"follow","max-snippet":"max-snippet:-1","max-image-preview":"max-image-preview:large","max-video-preview":"max-video-preview:-1"},"canonical":"https:\/\/scanreal.fi\/sv\/kontakt\/","og_locale":"sv_SE","og_type":"article","og_title":"Kontakta oss - ScanReal toimitilat","og_description":"Din partner f\u00f6r framg\u00e5ngsrika aff\u00e4rslokalsl\u00f6sningar Vi f\u00f6rmedlar och hittar l\u00e4mpliga l\u00f6sningar, oavsett om det g\u00e4ller ett litet kontor eller en hel byggnad. Om du vill hyra, k\u00f6pa eller s\u00e4lja f\u00e5r du den hj\u00e4lp du beh\u00f6ver&hellip;","og_url":"https:\/\/scanreal.fi\/sv\/kontakt\/","og_site_name":"ScanReal toimitilat","article_publisher":"https:\/\/www.facebook.com\/scanreal","article_modified_time":"2020-09-10T06:14:25+00:00","twitter_card":"summary_large_image","schema":{"@context":"https:\/\/schema.org","@graph":[{"@type":"WebPage","@id":"https:\/\/scanreal.fi\/sv\/kontakt\/","url":"https:\/\/scanreal.fi\/sv\/kontakt\/","name":"Kontakta oss - ScanReal toimitilat","isPartOf":{"@id":"https:\/\/scanreal.fi\/#website"},"datePublished":"2020-08-25T09:35:50+00:00","dateModified":"2020-09-10T06:14:25+00:00","breadcrumb":{"@id":"https:\/\/scanreal.fi\/sv\/kontakt\/#breadcrumb"},"inLanguage":"sv-SE","potentialAction":[{"@type":"ReadAction","target":["https:\/\/scanreal.fi\/sv\/kontakt\/"]}]},{"@type":"BreadcrumbList","@id":"https:\/\/scanreal.fi\/sv\/kontakt\/#breadcrumb","itemListElement":[{"@type":"ListItem","position":1,"name":"Etusivu","item":"https:\/\/scanreal.fi\/sv\/"},{"@type":"ListItem","position":2,"name":"Kontakta oss"}]},{"@type":"WebSite","@id":"https:\/\/scanreal.fi\/#website","url":"https:\/\/scanreal.fi\/","name":"ScanReal","description":"Oikeanlaiset toimitilat yrityksellesi yhdell\u00e4 yhteydenotolla","publisher":{"@id":"https:\/\/scanreal.fi\/#organization"},"potentialAction":[{"@type":"SearchAction","target":{"@type":"EntryPoint","urlTemplate":"https:\/\/scanreal.fi\/?s={search_term_string}"},"query-input":{"@type":"PropertyValueSpecification","valueRequired":true,"valueName":"search_term_string"}}],"inLanguage":"sv-SE"},{"@type":"Organization","@id":"https:\/\/scanreal.fi\/#organization","name":"ScanReal Oy","url":"https:\/\/scanreal.fi\/","logo":{"@type":"ImageObject","inLanguage":"sv-SE","@id":"https:\/\/scanreal.fi\/#\/schema\/logo\/image\/","url":"https:\/\/scanreal.fi\/wp-content\/uploads\/2020\/09\/Logo-Scanreal-sin-pohja-iso.png","contentUrl":"https:\/\/scanreal.fi\/wp-content\/uploads\/2020\/09\/Logo-Scanreal-sin-pohja-iso.png","width":119,"height":55,"caption":"ScanReal Oy"},"image":{"@id":"https:\/\/scanreal.fi\/#\/schema\/logo\/image\/"},"sameAs":["https:\/\/www.facebook.com\/scanreal","https:\/\/www.linkedin.com\/company\/scanreal-oy\/"]}]}},"_links":{"self":[{"href":"https:\/\/scanreal.fi\/sv\/wp-json\/wp\/v2\/pages\/120","targetHints":{"allow":["GET"]}}],"collection":[{"href":"https:\/\/scanreal.fi\/sv\/wp-json\/wp\/v2\/pages"}],"about":[{"href":"https:\/\/scanreal.fi\/sv\/wp-json\/wp\/v2\/types\/page"}],"author":[{"embeddable":true,"href":"https:\/\/scanreal.fi\/sv\/wp-json\/wp\/v2\/users\/4"}],"replies":[{"embeddable":true,"href":"https:\/\/scanreal.fi\/sv\/wp-json\/wp\/v2\/comments?post=120"}],"version-history":[{"count":0,"href":"https:\/\/scanreal.fi\/sv\/wp-json\/wp\/v2\/pages\/120\/revisions"}],"wp:attachment":[{"href":"https:\/\/scanreal.fi\/sv\/wp-json\/wp\/v2\/media?parent=120"}],"curies":[{"name":"wp","href":"https:\/\/api.w.org\/{rel}","templated":true}]}}