{"id":123,"date":"2020-08-23T17:33:44","date_gmt":"2020-08-23T14:33:44","guid":{"rendered":"https:\/\/scanreal.fi\/tietoa-meista\/"},"modified":"2022-12-02T10:30:32","modified_gmt":"2022-12-02T08:30:32","slug":"om-oss","status":"publish","type":"page","link":"https:\/\/scanreal.fi\/sv\/om-oss\/","title":{"rendered":"Om oss"},"content":{"rendered":"\n<div>\n\t<div id=\"hero-block_5f46c9695746f\" class=\"wp-block block-hero image-text\">\n\t\t<div class=\"grid-container\">\n\t\t\t<div class=\"grid-x grid-padding-x align-center-middle\">\n\t\t\t\t\n\t\t\t\t\t\t\t\t\t<div class=\"cell medium-6 large-5 large-offset-1 text-content\">\n\t\t\t\t\t\t<h1>Personlig och professionell service<\/h1>\n<p>P\u00e5 ScanReal tror vi att nyckeln till framg\u00e5ng \u00e4r v\u00e5rt personliga engagemang. V\u00e5rt motto \u201dVi kommer inte ge upp f\u00f6rr\u00e4n vi har uppfyllt v\u00e5ra kunders \u00f6nskem\u00e5l\u201d styr allt vi g\u00f6r.<\/p>\n\t\t\t\t\t\t\t\t\t\t\t<\/div>\n\t\t\t\t\n\t\t\t\t\t\t\t\t\t<div class=\"cell medium-6 large-6\">\n\t\t\t\t\t\t<div class=\"hero-image\" style=\"background-image: url(https:\/\/scanreal.fi\/wp-content\/uploads\/2020\/09\/scanreal-team-1.jpg); background-size: cover; background-position: 52.58% 43.61%;\">\n\n\t\t\t\t\t\t<\/div>\n\t\t\t\t\t<\/div>\n\t\t\t\t\t\t\t<\/div>\n\t\t<\/div>\n\t\t<div class=\"hero-social flex-container align-center align-bottom\">\n\t\t\t\t\t<\/div>\n\t<\/div>\n\n\t\n<\/div>\n\n\n<div class=\"wp-block-columns are-vertically-aligned-center is-layout-flex wp-container-core-columns-is-layout-8f761849 wp-block-columns-is-layout-flex\">\n<div class=\"wp-block-column is-vertically-aligned-center is-style-column-narrow is-layout-flow wp-block-column-is-layout-flow\">\n<figure class=\"wp-block-image size-large\"><img loading=\"lazy\" decoding=\"async\" width=\"840\" height=\"648\" src=\"https:\/\/scanreal.fi\/wp-content\/uploads\/2020\/09\/scanreal-team-2.jpg\" alt=\"\" class=\"wp-image-98\" srcset=\"https:\/\/scanreal.fi\/wp-content\/uploads\/2020\/09\/scanreal-team-2.jpg 840w, https:\/\/scanreal.fi\/wp-content\/uploads\/2020\/09\/scanreal-team-2-720x555.jpg 720w, https:\/\/scanreal.fi\/wp-content\/uploads\/2020\/09\/scanreal-team-2-768x592.jpg 768w\" sizes=\"auto, (max-width: 840px) 100vw, 840px\" \/><\/figure>\n\n\n\n<p class=\"wp-block-paragraph\"><\/p>\n<\/div>\n\n\n\n<div class=\"wp-block-column is-vertically-aligned-center is-style-column-wide is-layout-flow wp-block-column-is-layout-flow\">\n<h2 class=\"wp-block-heading\">Mer \u00e4n 30 \u00e5rs kompetens<\/h2>\n\n\n\n<p class=\"wp-block-paragraph\">ScanReal grundades 1992 och \u00e4r ett f\u00f6retag med gedigen erfarenhet av att hyra och s\u00e4lja aff\u00e4rslokaler. V\u00e5rt erbjudande best\u00e5r av kontor, butiker, industri-, produktions-, lager- och logistikanl\u00e4ggningar i huvudstadsregionen samt i andra st\u00f6rre st\u00e4der.<\/p>\n\n\n\n<p class=\"cta wp-block-paragraph\"><a href=\"https:\/\/scanreal.fi\/sv\/kontakt\/\">Kontakta oss<\/a><\/p>\n<\/div>\n<\/div>\n","protected":false},"excerpt":{"rendered":"<p>Mer \u00e4n 30 \u00e5rs kompetens ScanReal grundades 1992 och \u00e4r ett f\u00f6retag med gedigen erfarenhet av att hyra och s\u00e4lja aff\u00e4rslokaler. V\u00e5rt erbjudande best\u00e5r av kontor, butiker, industri-, produktions-, lager- och logistikanl\u00e4ggningar i huvudstadsregionen samt&hellip;<\/p>\n","protected":false},"author":4,"featured_media":0,"parent":0,"menu_order":0,"comment_status":"closed","ping_status":"closed","template":"","meta":{"_crdt_document":"","footnotes":""},"class_list":["post-123","page","type-page","status-publish","hentry"],"yoast_head":"<!-- This site is optimized with the Yoast SEO plugin v27.2 - https:\/\/yoast.com\/product\/yoast-seo-wordpress\/ -->\n<title>Om oss - ScanReal toimitilat<\/title>\n<meta name=\"description\" content=\"ScanReal \u00e4r ett f\u00f6retag med gedigen erfarenhet av att hyra och s\u00e4lja aff\u00e4rslokaler. V\u00e5rt erbjudande best\u00e5r av kontor, butiker, industri-, produktions-, lager- och logistikanl\u00e4ggningar i huvudstadsregionen samt i andra st\u00f6rre st\u00e4der.\" \/>\n<meta name=\"robots\" content=\"index, follow, max-snippet:-1, max-image-preview:large, max-video-preview:-1\" \/>\n<link rel=\"canonical\" href=\"https:\/\/scanreal.fi\/sv\/om-oss\/\" \/>\n<meta property=\"og:locale\" content=\"sv_SE\" \/>\n<meta property=\"og:type\" content=\"article\" \/>\n<meta property=\"og:title\" content=\"Om oss - ScanReal toimitilat\" \/>\n<meta property=\"og:description\" content=\"ScanReal \u00e4r ett f\u00f6retag med gedigen erfarenhet av att hyra och s\u00e4lja aff\u00e4rslokaler. V\u00e5rt erbjudande best\u00e5r av kontor, butiker, industri-, produktions-, lager- och logistikanl\u00e4ggningar i huvudstadsregionen samt i andra st\u00f6rre st\u00e4der.\" \/>\n<meta property=\"og:url\" content=\"https:\/\/scanreal.fi\/sv\/om-oss\/\" \/>\n<meta property=\"og:site_name\" content=\"ScanReal toimitilat\" \/>\n<meta property=\"article:publisher\" content=\"https:\/\/www.facebook.com\/scanreal\" \/>\n<meta property=\"article:modified_time\" content=\"2022-12-02T08:30:32+00:00\" \/>\n<meta property=\"og:image\" content=\"https:\/\/scanreal.fi\/wp-content\/uploads\/2020\/09\/scanreal-team-2.jpg\" \/>\n<meta name=\"twitter:card\" content=\"summary_large_image\" \/>\n<meta name=\"twitter:label1\" content=\"Ber\u00e4knad l\u00e4stid\" \/>\n\t<meta name=\"twitter:data1\" content=\"1 minut\" \/>\n<script type=\"application\/ld+json\" class=\"yoast-schema-graph\">{\"@context\":\"https:\/\/schema.org\",\"@graph\":[{\"@type\":\"WebPage\",\"@id\":\"https:\/\/scanreal.fi\/sv\/om-oss\/\",\"url\":\"https:\/\/scanreal.fi\/sv\/om-oss\/\",\"name\":\"Om oss - ScanReal toimitilat\",\"isPartOf\":{\"@id\":\"https:\/\/scanreal.fi\/#website\"},\"primaryImageOfPage\":{\"@id\":\"https:\/\/scanreal.fi\/sv\/om-oss\/#primaryimage\"},\"image\":{\"@id\":\"https:\/\/scanreal.fi\/sv\/om-oss\/#primaryimage\"},\"thumbnailUrl\":\"https:\/\/scanreal.fi\/wp-content\/uploads\/2020\/09\/scanreal-team-2.jpg\",\"datePublished\":\"2020-08-23T14:33:44+00:00\",\"dateModified\":\"2022-12-02T08:30:32+00:00\",\"description\":\"ScanReal \u00e4r ett f\u00f6retag med gedigen erfarenhet av att hyra och s\u00e4lja aff\u00e4rslokaler. V\u00e5rt erbjudande best\u00e5r av kontor, butiker, industri-, produktions-, lager- och logistikanl\u00e4ggningar i huvudstadsregionen samt i andra st\u00f6rre st\u00e4der.\",\"breadcrumb\":{\"@id\":\"https:\/\/scanreal.fi\/sv\/om-oss\/#breadcrumb\"},\"inLanguage\":\"sv-SE\",\"potentialAction\":[{\"@type\":\"ReadAction\",\"target\":[\"https:\/\/scanreal.fi\/sv\/om-oss\/\"]}]},{\"@type\":\"ImageObject\",\"inLanguage\":\"sv-SE\",\"@id\":\"https:\/\/scanreal.fi\/sv\/om-oss\/#primaryimage\",\"url\":\"https:\/\/scanreal.fi\/wp-content\/uploads\/2020\/09\/scanreal-team-2.jpg\",\"contentUrl\":\"https:\/\/scanreal.fi\/wp-content\/uploads\/2020\/09\/scanreal-team-2.jpg\"},{\"@type\":\"BreadcrumbList\",\"@id\":\"https:\/\/scanreal.fi\/sv\/om-oss\/#breadcrumb\",\"itemListElement\":[{\"@type\":\"ListItem\",\"position\":1,\"name\":\"Etusivu\",\"item\":\"https:\/\/scanreal.fi\/sv\/\"},{\"@type\":\"ListItem\",\"position\":2,\"name\":\"Om oss\"}]},{\"@type\":\"WebSite\",\"@id\":\"https:\/\/scanreal.fi\/#website\",\"url\":\"https:\/\/scanreal.fi\/\",\"name\":\"ScanReal\",\"description\":\"Oikeanlaiset toimitilat yrityksellesi yhdell\u00e4 yhteydenotolla\",\"publisher\":{\"@id\":\"https:\/\/scanreal.fi\/#organization\"},\"potentialAction\":[{\"@type\":\"SearchAction\",\"target\":{\"@type\":\"EntryPoint\",\"urlTemplate\":\"https:\/\/scanreal.fi\/?s={search_term_string}\"},\"query-input\":{\"@type\":\"PropertyValueSpecification\",\"valueRequired\":true,\"valueName\":\"search_term_string\"}}],\"inLanguage\":\"sv-SE\"},{\"@type\":\"Organization\",\"@id\":\"https:\/\/scanreal.fi\/#organization\",\"name\":\"ScanReal Oy\",\"url\":\"https:\/\/scanreal.fi\/\",\"logo\":{\"@type\":\"ImageObject\",\"inLanguage\":\"sv-SE\",\"@id\":\"https:\/\/scanreal.fi\/#\/schema\/logo\/image\/\",\"url\":\"https:\/\/scanreal.fi\/wp-content\/uploads\/2020\/09\/Logo-Scanreal-sin-pohja-iso.png\",\"contentUrl\":\"https:\/\/scanreal.fi\/wp-content\/uploads\/2020\/09\/Logo-Scanreal-sin-pohja-iso.png\",\"width\":119,\"height\":55,\"caption\":\"ScanReal Oy\"},\"image\":{\"@id\":\"https:\/\/scanreal.fi\/#\/schema\/logo\/image\/\"},\"sameAs\":[\"https:\/\/www.facebook.com\/scanreal\",\"https:\/\/www.linkedin.com\/company\/scanreal-oy\/\"]}]}<\/script>\n<!-- \/ Yoast SEO plugin. -->","yoast_head_json":{"title":"Om oss - ScanReal toimitilat","description":"ScanReal \u00e4r ett f\u00f6retag med gedigen erfarenhet av att hyra och s\u00e4lja aff\u00e4rslokaler. V\u00e5rt erbjudande best\u00e5r av kontor, butiker, industri-, produktions-, lager- och logistikanl\u00e4ggningar i huvudstadsregionen samt i andra st\u00f6rre st\u00e4der.","robots":{"index":"index","follow":"follow","max-snippet":"max-snippet:-1","max-image-preview":"max-image-preview:large","max-video-preview":"max-video-preview:-1"},"canonical":"https:\/\/scanreal.fi\/sv\/om-oss\/","og_locale":"sv_SE","og_type":"article","og_title":"Om oss - ScanReal toimitilat","og_description":"ScanReal \u00e4r ett f\u00f6retag med gedigen erfarenhet av att hyra och s\u00e4lja aff\u00e4rslokaler. V\u00e5rt erbjudande best\u00e5r av kontor, butiker, industri-, produktions-, lager- och logistikanl\u00e4ggningar i huvudstadsregionen samt i andra st\u00f6rre st\u00e4der.","og_url":"https:\/\/scanreal.fi\/sv\/om-oss\/","og_site_name":"ScanReal toimitilat","article_publisher":"https:\/\/www.facebook.com\/scanreal","article_modified_time":"2022-12-02T08:30:32+00:00","og_image":[{"url":"https:\/\/scanreal.fi\/wp-content\/uploads\/2020\/09\/scanreal-team-2.jpg","type":"","width":"","height":""}],"twitter_card":"summary_large_image","twitter_misc":{"Ber\u00e4knad l\u00e4stid":"1 minut"},"schema":{"@context":"https:\/\/schema.org","@graph":[{"@type":"WebPage","@id":"https:\/\/scanreal.fi\/sv\/om-oss\/","url":"https:\/\/scanreal.fi\/sv\/om-oss\/","name":"Om oss - ScanReal toimitilat","isPartOf":{"@id":"https:\/\/scanreal.fi\/#website"},"primaryImageOfPage":{"@id":"https:\/\/scanreal.fi\/sv\/om-oss\/#primaryimage"},"image":{"@id":"https:\/\/scanreal.fi\/sv\/om-oss\/#primaryimage"},"thumbnailUrl":"https:\/\/scanreal.fi\/wp-content\/uploads\/2020\/09\/scanreal-team-2.jpg","datePublished":"2020-08-23T14:33:44+00:00","dateModified":"2022-12-02T08:30:32+00:00","description":"ScanReal \u00e4r ett f\u00f6retag med gedigen erfarenhet av att hyra och s\u00e4lja aff\u00e4rslokaler. V\u00e5rt erbjudande best\u00e5r av kontor, butiker, industri-, produktions-, lager- och logistikanl\u00e4ggningar i huvudstadsregionen samt i andra st\u00f6rre st\u00e4der.","breadcrumb":{"@id":"https:\/\/scanreal.fi\/sv\/om-oss\/#breadcrumb"},"inLanguage":"sv-SE","potentialAction":[{"@type":"ReadAction","target":["https:\/\/scanreal.fi\/sv\/om-oss\/"]}]},{"@type":"ImageObject","inLanguage":"sv-SE","@id":"https:\/\/scanreal.fi\/sv\/om-oss\/#primaryimage","url":"https:\/\/scanreal.fi\/wp-content\/uploads\/2020\/09\/scanreal-team-2.jpg","contentUrl":"https:\/\/scanreal.fi\/wp-content\/uploads\/2020\/09\/scanreal-team-2.jpg"},{"@type":"BreadcrumbList","@id":"https:\/\/scanreal.fi\/sv\/om-oss\/#breadcrumb","itemListElement":[{"@type":"ListItem","position":1,"name":"Etusivu","item":"https:\/\/scanreal.fi\/sv\/"},{"@type":"ListItem","position":2,"name":"Om oss"}]},{"@type":"WebSite","@id":"https:\/\/scanreal.fi\/#website","url":"https:\/\/scanreal.fi\/","name":"ScanReal","description":"Oikeanlaiset toimitilat yrityksellesi yhdell\u00e4 yhteydenotolla","publisher":{"@id":"https:\/\/scanreal.fi\/#organization"},"potentialAction":[{"@type":"SearchAction","target":{"@type":"EntryPoint","urlTemplate":"https:\/\/scanreal.fi\/?s={search_term_string}"},"query-input":{"@type":"PropertyValueSpecification","valueRequired":true,"valueName":"search_term_string"}}],"inLanguage":"sv-SE"},{"@type":"Organization","@id":"https:\/\/scanreal.fi\/#organization","name":"ScanReal Oy","url":"https:\/\/scanreal.fi\/","logo":{"@type":"ImageObject","inLanguage":"sv-SE","@id":"https:\/\/scanreal.fi\/#\/schema\/logo\/image\/","url":"https:\/\/scanreal.fi\/wp-content\/uploads\/2020\/09\/Logo-Scanreal-sin-pohja-iso.png","contentUrl":"https:\/\/scanreal.fi\/wp-content\/uploads\/2020\/09\/Logo-Scanreal-sin-pohja-iso.png","width":119,"height":55,"caption":"ScanReal Oy"},"image":{"@id":"https:\/\/scanreal.fi\/#\/schema\/logo\/image\/"},"sameAs":["https:\/\/www.facebook.com\/scanreal","https:\/\/www.linkedin.com\/company\/scanreal-oy\/"]}]}},"_links":{"self":[{"href":"https:\/\/scanreal.fi\/sv\/wp-json\/wp\/v2\/pages\/123","targetHints":{"allow":["GET"]}}],"collection":[{"href":"https:\/\/scanreal.fi\/sv\/wp-json\/wp\/v2\/pages"}],"about":[{"href":"https:\/\/scanreal.fi\/sv\/wp-json\/wp\/v2\/types\/page"}],"author":[{"embeddable":true,"href":"https:\/\/scanreal.fi\/sv\/wp-json\/wp\/v2\/users\/4"}],"replies":[{"embeddable":true,"href":"https:\/\/scanreal.fi\/sv\/wp-json\/wp\/v2\/comments?post=123"}],"version-history":[{"count":0,"href":"https:\/\/scanreal.fi\/sv\/wp-json\/wp\/v2\/pages\/123\/revisions"}],"wp:attachment":[{"href":"https:\/\/scanreal.fi\/sv\/wp-json\/wp\/v2\/media?parent=123"}],"curies":[{"name":"wp","href":"https:\/\/api.w.org\/{rel}","templated":true}]}}