{"id":149,"date":"2020-09-10T06:29:26","date_gmt":"2020-09-10T03:29:26","guid":{"rendered":"https:\/\/scanreal.fi\/?page_id=149"},"modified":"2024-04-04T15:45:16","modified_gmt":"2024-04-04T12:45:16","slug":"registerbeskrivning","status":"publish","type":"page","link":"https:\/\/scanreal.fi\/sv\/registerbeskrivning\/","title":{"rendered":"Registerbeskrivning"},"content":{"rendered":"\n<h1 class=\"wp-block-heading\">Rekisteriseloste<\/h1>\n\n\n\n<p class=\"wp-block-paragraph\">T\u00e4m\u00e4 on ScanReal Oy:n henkil\u00f6tietolain (10 ja 24 \u00a7) ja EU:n yleisen tietosuoja-asetuksen (GDPR) mukainen rekisteri- ja tietosuojaseloste.<\/p>\n\n\n\n<p class=\"wp-block-paragraph\"><strong>Rekisterinpit\u00e4j\u00e4:<\/strong> <\/p>\n\n\n\n<p class=\"wp-block-paragraph\">Scanreal Oy (Y-tunnus 0908128-1)<br>Hitsaajankatu 24<br>00810 Helsinki<\/p>\n\n\n\n<p class=\"wp-block-paragraph\"><strong>Yhteyshenkil\u00f6 rekisteri\u00e4 koskevissa asioissa:<\/strong><\/p>\n\n\n\n<p class=\"wp-block-paragraph\">Jan Nyberg<br>puh. 0400 544 646<br>jan.nyberg@scanreal.fi<\/p>\n\n\n\n<p class=\"wp-block-paragraph\"><strong>Rekisterin nimi:<\/strong><\/p>\n\n\n\n<p class=\"wp-block-paragraph\">ScanReal Oy:n asiakasrekisteri<\/p>\n\n\n\n<p class=\"wp-block-paragraph\"><strong>Henkil\u00f6tietojen k\u00e4sittelyn tarkoitus:<\/strong><\/p>\n\n\n\n<p class=\"wp-block-paragraph\">Rekisterin k\u00e4ytt\u00f6tarkoitus on yrityksen asiakasrekisterin yll\u00e4pit\u00e4minen, asiakkaiden tilausten hallinnointi, arkistointi ja k\u00e4sittely sek\u00e4 asiakassuhteen hoitaminen. Tietoja voidaan k\u00e4ytt\u00e4\u00e4 yrityksen toiminnan kehitt\u00e4miseen, tilastollisiin tarkoitukseen ja henkil\u00f6kohtaisemman kohdennetun sis\u00e4ll\u00f6n tuottamiseen verkkopalveluissamme. Henkil\u00f6tietoja k\u00e4sitell\u00e4\u00e4n henkil\u00f6tietolain sallimissa ja edellytt\u00e4miss\u00e4 rajoissa. Rekisterin tietoja voidaan k\u00e4ytt\u00e4\u00e4 yrityksen omissa rekistereiss\u00e4 esimerkiksi mainonnan kohdistamiseen luovuttamatta henkil\u00f6tietoja ulkopuolisille tahoille. Yritys saattaa k\u00e4ytt\u00e4\u00e4 asiakas- ja palvelusuhteen yll\u00e4pit\u00e4miseen yhteisty\u00f6kumppaneita, jolloin osia rekisteritiedoista saatetaan siirt\u00e4\u00e4 yhteisty\u00f6kumppanin palvelimille teknisten vaatimusten vuoksi. Tietoja k\u00e4sitell\u00e4\u00e4n ainoastaan yrityksen asiakassuhteen yll\u00e4pit\u00e4miseen teknisten rajapintojen kautta. Yrityksell\u00e4 on oikeus julkaista asiakasrekisterin sis\u00e4lt\u00e4mi\u00e4 tietoja s\u00e4hk\u00f6isen\u00e4 tai kirjallisena luettelona, ellei asiakas sit\u00e4 erityisesti kiell\u00e4. Luettelolla tarkoitetaan t\u00e4ss\u00e4 tapauksessa esim. postitustarroja suoramainoksiin tai vastaavia. Asiakkaalla on oikeus kielt\u00e4\u00e4tietojen julkaiseminen ilmoittamalla siit\u00e4 yrityksen asiakaspalveluun, s\u00e4hk\u00f6postitse (s-postiosoite) tai rekisterin yhteyshenkil\u00f6lle.<\/p>\n\n\n\n<p class=\"wp-block-paragraph\"><strong>Rekisterin tietosis\u00e4lt\u00f6:<\/strong><\/p>\n\n\n\n<p class=\"wp-block-paragraph\">Henkil\u00f6rekisteri voi sis\u00e4lt\u00e4\u00e4 seuraavia tietoja<\/p>\n\n\n\n<ul class=\"wp-block-list\">\n<li> Henkil\u00f6n etu- ja sukunimi<\/li>\n\n\n\n<li>Edustamansa yhteis\u00f6 tai yritys<\/li>\n\n\n\n<li>Y-tunnus \/ Henkil\u00f6tunnus<\/li>\n\n\n\n<li>Titteli<\/li>\n\n\n\n<li>S\u00e4hk\u00f6postiosoite<\/li>\n\n\n\n<li>Postiosoite<\/li>\n\n\n\n<li>Puhelinnumero<\/li>\n\n\n\n<li>Tietoja toimitiloihin liittyvist\u00e4 asioista<\/li>\n<\/ul>\n\n\n\n<p class=\"wp-block-paragraph\"><strong>S\u00e4\u00e4nn\u00f6nmukaiset tietol\u00e4hteet:<\/strong><\/p>\n\n\n\n<p class=\"wp-block-paragraph\">Tietoja saadaan asiakkaan tekemist\u00e4 yhteydenotoista verkkosivuilta, verkkopalvelussa tai puhelimitse sek\u00e4 palvelun k\u00e4yt\u00f6n aikana asiakasj\u00e4rjestelm\u00e4\u00e4n liittyvist\u00e4 ilmoituksista. Tietoja saadaan asiakkaan tekemist\u00e4 rekister\u00f6itymisist\u00e4 sek\u00e4 asiakassuhteen aikana asiakkaan tekemist\u00e4 ilmoituksista. Nimi- ja yhteystietojen p\u00e4ivityksi\u00e4 saadaan my\u00f6s p\u00e4ivityspalveluja tarjoavilta viranomaisilta ja yrityksilt\u00e4. Tietoja voidaan saada my\u00f6s alihankkijoilta, jotka liittyv\u00e4t palvelun k\u00e4ytt\u00e4miseen tai tuottamiseen. Asiakkaiden muista toimista digitaalisessa ymp\u00e4rist\u00f6ss\u00e4 voidaan saada tietoja yhteisty\u00f6kumppaneiden sivustoista, tietoj\u00e4rjestelmist\u00e4 tai muista digitaalisista l\u00e4hteist\u00e4, joihin kirjaudutaan s\u00e4hk\u00f6isen kutsun kautta (linkki), ev\u00e4steiden kautta tai k\u00e4ytt\u00e4m\u00e4ll\u00e4 asiakkaille annettuja tunnuksia. Asiakasrekisterin tiedot ovat ainoastaan yrityksen k\u00e4yt\u00f6ss\u00e4, paitsi<\/p>\n\n\n\n<p class=\"wp-block-paragraph\">k\u00e4ytt\u00e4ess\u00e4 ulkoista palveluntarjoajaa joko lis\u00e4arvopalvelun tuottamiseen tai luottop\u00e4\u00e4t\u00f6ksen tueksi. Tietoja ei luovuteta yrityksen ulkopuolelle tai sen yhteisty\u00f6kumppaneiden k\u00e4ytt\u00f6\u00f6n, paitsi luottohakemukseen, perint\u00e4\u00e4n tai laskutukseen liittyviss\u00e4 asioissa sek\u00e4 lains\u00e4\u00e4d\u00e4nn\u00f6n velvoittaessa. Rekister\u00f6ityneen henkil\u00f6tiedot h\u00e4vitet\u00e4\u00e4n k\u00e4ytt\u00e4j\u00e4n pyynn\u00f6st\u00e4 ellei lains\u00e4\u00e4d\u00e4nt\u00f6, avoimet laskut tai perint\u00e4toimet est\u00e4 tietojen poistamista.<\/p>\n\n\n\n<p class=\"wp-block-paragraph\"><strong>Tietojen s\u00e4\u00e4nn\u00f6nmukaiset luovutukset:<\/strong><\/p>\n\n\n\n<p class=\"wp-block-paragraph\">Asiakasrekisterin tiedot ovat ainoastaan yrityksen k\u00e4yt\u00f6ss\u00e4, paitsi k\u00e4ytt\u00e4ess\u00e4 ulkoista palveluntarjoajaa joko lis\u00e4arvopalvelun tuottamiseen tai luottop\u00e4\u00e4t\u00f6ksen tueksi. Tietoja ei luovuteta yrityksen ulkopuolelle tai sen yhteisty\u00f6kumppaneiden k\u00e4ytt\u00f6\u00f6n, paitsi luottohakemukseen, perint\u00e4\u00e4n tai laskutukseen liittyviss\u00e4 asioissa sek\u00e4 lains\u00e4\u00e4d\u00e4nn\u00f6n velvoittaessa. Rekister\u00f6ityneen henkil\u00f6tiedot h\u00e4vitet\u00e4\u00e4n k\u00e4ytt\u00e4j\u00e4n pyynn\u00f6st\u00e4 ellei lains\u00e4\u00e4d\u00e4nt\u00f6, avoimet laskut tai perint\u00e4toimet est\u00e4 tietojen poistamista.<\/p>\n\n\n\n<p class=\"wp-block-paragraph\"><strong>Tietojen siirto EU:n tai ETA:n ulkopuolelle:<\/strong><\/p>\n\n\n\n<p class=\"wp-block-paragraph\">Luovutamme tietoja viranomaisille lains\u00e4\u00e4d\u00e4nn\u00f6n niin vaatiessa.<\/p>\n\n\n\n<p class=\"wp-block-paragraph\">Emme luovuta tietoja EU\/ETA-maiden ulkopuolelle emmek\u00e4 suoramarkkinointitarkoituksiin.<\/p>\n\n\n\n<p class=\"wp-block-paragraph\"><strong>Rekisterin suojauksen periaatteet<\/strong><\/p>\n\n\n\n<p class=\"wp-block-paragraph\"><strong>Manuaalinen aineisto:<\/strong><\/p>\n\n\n\n<p class=\"wp-block-paragraph\">Manuaalisesti k\u00e4sitelt\u00e4v\u00e4t asiakastietoja sis\u00e4lt\u00e4v\u00e4t asiakirjat s\u00e4ilytet\u00e4\u00e4n alkuk\u00e4sittelyn j\u00e4lkeen yhti\u00f6n toimitiloissa tai ty\u00f6ntekij\u00f6iden hallussa kuitenkin huolellisesti ja asianmukaisesti s\u00e4il\u00f6ttyn\u00e4. Ainoastaan m\u00e4\u00e4r\u00e4tyill\u00e4, salassapitositoumuksen allekirjoittaneilla ty\u00f6ntekij\u00f6ill\u00e4 on oikeus k\u00e4sitell\u00e4 manuaalisesti tallennettuja asiakastietoja.<\/p>\n\n\n\n<p class=\"wp-block-paragraph\"><strong>S\u00e4hk\u00f6isesti<\/strong><strong> k\u00e4sitelt\u00e4v\u00e4t toiminnot:<\/strong><\/p>\n\n\n\n<p class=\"wp-block-paragraph\">Ainoastaan m\u00e4\u00e4r\u00e4tyill\u00e4 yrityksen ja sen lukuun toimivien yritysten ty\u00f6ntekij\u00f6ill\u00e4 on oikeus k\u00e4ytt\u00e4\u00e4 asiakasrekisteri\u00e4 ja yll\u00e4pit\u00e4\u00e4 sen tietoja. Kullakin m\u00e4\u00e4ritellyll\u00e4 k\u00e4ytt\u00e4j\u00e4ll\u00e4 on oma henkil\u00f6kohtainen k\u00e4ytt\u00e4j\u00e4tunnus ja salasana. Jokainen k\u00e4ytt\u00e4j\u00e4 on allekirjoittanut salassapitositoumuksen. J\u00e4rjestelm\u00e4t on suojattu palomuurilla, joka suojaa ulkopuolelta tulevia yhteydenottoja j\u00e4rjestelm\u00e4\u00e4n.<\/p>\n\n\n\n<p class=\"wp-block-paragraph\"><strong>Ev\u00e4steet:<\/strong><\/p>\n\n\n\n<p class=\"wp-block-paragraph\">K\u00e4vij\u00e4n tietokoneelle tai p\u00e4\u00e4telaitteelle voidaan siirt\u00e4\u00e4 ns. ev\u00e4steit\u00e4 (&#8221;cookies&#8221;). Ev\u00e4steill\u00e4 voidaan ker\u00e4t\u00e4 tietoja esimerkiksi milt\u00e4 sivulta olet siirtynyt osoitteeseen, mit\u00e4 www-sivujamme olet selannut ja milloin, mit\u00e4 selainta k\u00e4yt\u00e4t, mik\u00e4 on n\u00e4ytt\u00f6si resoluutio ja k\u00e4ytt\u00f6j\u00e4rjestelm\u00e4, sek\u00e4 mik\u00e4 on tietokoneesi IP -osoite eli mist\u00e4 Internet -osoitteesta l\u00e4hett\u00e4m\u00e4si tiedot tulevat ja minne ne vastaanotetaan. Ev\u00e4stetietojen avulla Palvelun k\u00e4vij\u00e4m\u00e4\u00e4ri\u00e4 voidaan seurata ScanReal Oy:n ja sen yhteisty\u00f6kumppaneiden toimesta sek\u00e4 analysoida ja kehitt\u00e4\u00e4 k\u00e4vij\u00f6it\u00e4 paremmin palvelevaksi. Lis\u00e4ksi ScanReal Oy:n yhteisty\u00f6kumppanit saattavat k\u00e4ytt\u00e4\u00e4 mainonnan kohdentamiseksi ev\u00e4steit\u00e4, joilla ker\u00e4t\u00e4\u00e4n tietoa k\u00e4vij\u00e4n vierailuista t\u00e4ll\u00e4 ja muilla sivustoilla. Ev\u00e4steiden avulla ker\u00e4tty\u00e4 tietoa k\u00e4ytet\u00e4\u00e4n k\u00e4vij\u00e4n kiinnostusten kohteiden perusteella kohdennetun mainonnan tuottamiseen. Ev\u00e4steiden avulla tehdyss\u00e4 mainonnan kohdentamisessa k\u00e4vij\u00e4\u00e4 ei yksil\u00f6id\u00e4 eik\u00e4 tietoja yhdistet\u00e4 k\u00e4vij\u00e4lt\u00e4 mahdollisesti muussa yhteydess\u00e4 saatuihin henkil\u00f6tietoihin. K\u00e4vij\u00e4ll\u00e4 on mahdollisuus est\u00e4\u00e4 ev\u00e4steiden k\u00e4ytt\u00f6 muuttamalla selaimensa asetuksia siten, ett\u00e4 selain ei salli ev\u00e4steiden tallentamista. K\u00e4vij\u00e4 hyv\u00e4ksyy, ett\u00e4 joidenkin palveluiden osalta ev\u00e4steiden k\u00e4yt\u00f6n est\u00e4minen saattaa kuitenkin vaikuttaa palvelun toiminnallisuuteen.<\/p>\n\n\n\n<p class=\"wp-block-paragraph\"><strong>Tarkastusoikeus:<\/strong><\/p>\n\n\n\n<p class=\"wp-block-paragraph\">Rekister\u00f6idyll\u00e4 on oikeus tarkistaa, mit\u00e4 tietoja h\u00e4nest\u00e4 on rekisteriss\u00e4. Tarkastuspyynt\u00f6 tulee tehd\u00e4 kirjallisena ottamalla yhteys yrityksen asiakaspalveluun tai rekisterin yhteyshenkil\u00f6\u00f6n suomeksi tai englanniksi.<\/p>\n\n\n\n<p class=\"wp-block-paragraph\">Tarkastuspyynt\u00f6 on allekirjoitettava. Rekister\u00f6idyll\u00e4 on oikeus kielt\u00e4\u00e4 tietojensa k\u00e4sittely ja luovuttaminen suoramainontaa, et\u00e4myynti\u00e4 ja suoramarkkinointia sek\u00e4 markkina- ja mielipidetutkimusta varten ottamalla yhteys yrityksen asiakaspalvelupisteeseen.<\/p>\n\n\n\n<p class=\"wp-block-paragraph\"><strong>Oikeus vaatia tiedon korjaamista:<\/strong><\/p>\n\n\n\n<p class=\"wp-block-paragraph\">Rekisteriss\u00e4 oleva, k\u00e4sittelyn tarkoituksen kannalta virheellinen, tarpeeton, puutteellinen tai vanhentunut henkil\u00f6tieto on oikaistava, poistettava tai t\u00e4ydennett\u00e4v\u00e4. Korjauspyynt\u00f6 tulee tehd\u00e4 omak\u00e4tisesti allekirjoitetulla kirjallisella pyynn\u00f6ll\u00e4 yrityksen asiakaspalveluun tai henkil\u00f6rekisterin yll\u00e4pit\u00e4j\u00e4lle. Pyynn\u00f6ss\u00e4 tulee yksil\u00f6id\u00e4 mit\u00e4 tietoja vaaditaan korjattavaksi ja mill\u00e4 perusteella. Korjaaminen toteutetaan viivytyksett\u00e4. Virheen korjaamisesta ilmoitetaan sille, jolta virheelliset tiedot on saatu tai jolle tiedot on luovutettu. Korjauspyynn\u00f6n ev\u00e4\u00e4misest\u00e4 rekisterin vastuuhenkil\u00f6 antaa kirjallisen todistuksen, jossa mainitaan syyt, joiden vuoksi korjauspyynt\u00f6 on ev\u00e4tty. Asianomainen voi saattaa ev\u00e4\u00e4misen tietosuojavaltuutetun ratkaistavaksi.<\/p>\n\n\n\n<p class=\"wp-block-paragraph\"><strong>Muut henkil\u00f6tietojen k\u00e4sittelyyn liittyv\u00e4t oikeudet:<\/strong><\/p>\n\n\n\n<p class=\"wp-block-paragraph\">Rekister\u00f6idyll\u00e4 on oikeus kielt\u00e4\u00e4 tietojensa luovuttaminen ja k\u00e4sittely suoramainontaa ja muuta markkinointia varten, vaatia tietojen anonymisointia soveltuvin osin sek\u00e4 oikeus tulla kokonaan unohdetuksi.<\/p>\n\n\n\n<p class=\"wp-block-paragraph\">Tietosuojaseloste on p\u00e4ivitetty viimeksi 26.8.2020.<\/p>\n","protected":false},"excerpt":{"rendered":"<p>Rekisteriseloste T\u00e4m\u00e4 on ScanReal Oy:n henkil\u00f6tietolain (10 ja 24 \u00a7) ja EU:n yleisen tietosuoja-asetuksen (GDPR) mukainen rekisteri- ja tietosuojaseloste. Rekisterinpit\u00e4j\u00e4: Scanreal Oy (Y-tunnus 0908128-1)Hitsaajankatu 2400810 Helsinki Yhteyshenkil\u00f6 rekisteri\u00e4 koskevissa asioissa: Jan Nybergpuh. 0400 544 646jan.nyberg@scanreal.fi&hellip;<\/p>\n","protected":false},"author":4,"featured_media":0,"parent":0,"menu_order":0,"comment_status":"closed","ping_status":"closed","template":"page-no-hero.php","meta":{"_crdt_document":"","footnotes":""},"class_list":["post-149","page","type-page","status-publish","hentry"],"yoast_head":"<!-- This site is optimized with the Yoast SEO plugin v27.4 - https:\/\/yoast.com\/product\/yoast-seo-wordpress\/ -->\n<title>Registerbeskrivning - ScanReal toimitilat<\/title>\n<meta name=\"robots\" content=\"index, follow, max-snippet:-1, max-image-preview:large, max-video-preview:-1\" \/>\n<link rel=\"canonical\" href=\"https:\/\/scanreal.fi\/sv\/registerbeskrivning\/\" \/>\n<meta property=\"og:locale\" content=\"sv_SE\" \/>\n<meta property=\"og:type\" content=\"article\" \/>\n<meta property=\"og:title\" content=\"Registerbeskrivning - ScanReal toimitilat\" \/>\n<meta property=\"og:description\" content=\"Rekisteriseloste T\u00e4m\u00e4 on ScanReal Oy:n henkil\u00f6tietolain (10 ja 24 \u00a7) ja EU:n yleisen tietosuoja-asetuksen (GDPR) mukainen rekisteri- ja tietosuojaseloste. Rekisterinpit\u00e4j\u00e4: Scanreal Oy (Y-tunnus 0908128-1)Hitsaajankatu 2400810 Helsinki Yhteyshenkil\u00f6 rekisteri\u00e4 koskevissa asioissa: Jan Nybergpuh. 0400 544 646jan.nyberg@scanreal.fi&hellip;\" \/>\n<meta property=\"og:url\" content=\"https:\/\/scanreal.fi\/sv\/registerbeskrivning\/\" \/>\n<meta property=\"og:site_name\" content=\"ScanReal toimitilat\" \/>\n<meta property=\"article:publisher\" content=\"https:\/\/www.facebook.com\/scanreal\" \/>\n<meta property=\"article:modified_time\" content=\"2024-04-04T12:45:16+00:00\" \/>\n<meta name=\"twitter:card\" content=\"summary_large_image\" \/>\n<meta name=\"twitter:label1\" content=\"Ber\u00e4knad l\u00e4stid\" \/>\n\t<meta name=\"twitter:data1\" content=\"5 minuter\" \/>\n<script type=\"application\/ld+json\" class=\"yoast-schema-graph\">{\"@context\":\"https:\\\/\\\/schema.org\",\"@graph\":[{\"@type\":\"WebPage\",\"@id\":\"https:\\\/\\\/scanreal.fi\\\/sv\\\/registerbeskrivning\\\/\",\"url\":\"https:\\\/\\\/scanreal.fi\\\/sv\\\/registerbeskrivning\\\/\",\"name\":\"Registerbeskrivning - ScanReal toimitilat\",\"isPartOf\":{\"@id\":\"https:\\\/\\\/scanreal.fi\\\/#website\"},\"datePublished\":\"2020-09-10T03:29:26+00:00\",\"dateModified\":\"2024-04-04T12:45:16+00:00\",\"breadcrumb\":{\"@id\":\"https:\\\/\\\/scanreal.fi\\\/sv\\\/registerbeskrivning\\\/#breadcrumb\"},\"inLanguage\":\"sv-SE\",\"potentialAction\":[{\"@type\":\"ReadAction\",\"target\":[\"https:\\\/\\\/scanreal.fi\\\/sv\\\/registerbeskrivning\\\/\"]}]},{\"@type\":\"BreadcrumbList\",\"@id\":\"https:\\\/\\\/scanreal.fi\\\/sv\\\/registerbeskrivning\\\/#breadcrumb\",\"itemListElement\":[{\"@type\":\"ListItem\",\"position\":1,\"name\":\"Etusivu\",\"item\":\"https:\\\/\\\/scanreal.fi\\\/sv\\\/\"},{\"@type\":\"ListItem\",\"position\":2,\"name\":\"Registerbeskrivning\"}]},{\"@type\":\"WebSite\",\"@id\":\"https:\\\/\\\/scanreal.fi\\\/#website\",\"url\":\"https:\\\/\\\/scanreal.fi\\\/\",\"name\":\"ScanReal\",\"description\":\"Oikeanlaiset toimitilat yrityksellesi yhdell\u00e4 yhteydenotolla\",\"publisher\":{\"@id\":\"https:\\\/\\\/scanreal.fi\\\/#organization\"},\"potentialAction\":[{\"@type\":\"SearchAction\",\"target\":{\"@type\":\"EntryPoint\",\"urlTemplate\":\"https:\\\/\\\/scanreal.fi\\\/?s={search_term_string}\"},\"query-input\":{\"@type\":\"PropertyValueSpecification\",\"valueRequired\":true,\"valueName\":\"search_term_string\"}}],\"inLanguage\":\"sv-SE\"},{\"@type\":\"Organization\",\"@id\":\"https:\\\/\\\/scanreal.fi\\\/#organization\",\"name\":\"ScanReal Oy\",\"url\":\"https:\\\/\\\/scanreal.fi\\\/\",\"logo\":{\"@type\":\"ImageObject\",\"inLanguage\":\"sv-SE\",\"@id\":\"https:\\\/\\\/scanreal.fi\\\/#\\\/schema\\\/logo\\\/image\\\/\",\"url\":\"https:\\\/\\\/scanreal.fi\\\/wp-content\\\/uploads\\\/2020\\\/09\\\/Logo-Scanreal-sin-pohja-iso.png\",\"contentUrl\":\"https:\\\/\\\/scanreal.fi\\\/wp-content\\\/uploads\\\/2020\\\/09\\\/Logo-Scanreal-sin-pohja-iso.png\",\"width\":119,\"height\":55,\"caption\":\"ScanReal Oy\"},\"image\":{\"@id\":\"https:\\\/\\\/scanreal.fi\\\/#\\\/schema\\\/logo\\\/image\\\/\"},\"sameAs\":[\"https:\\\/\\\/www.facebook.com\\\/scanreal\",\"https:\\\/\\\/www.linkedin.com\\\/company\\\/scanreal-oy\\\/\"]}]}<\/script>\n<!-- \/ Yoast SEO plugin. -->","yoast_head_json":{"title":"Registerbeskrivning - ScanReal toimitilat","robots":{"index":"index","follow":"follow","max-snippet":"max-snippet:-1","max-image-preview":"max-image-preview:large","max-video-preview":"max-video-preview:-1"},"canonical":"https:\/\/scanreal.fi\/sv\/registerbeskrivning\/","og_locale":"sv_SE","og_type":"article","og_title":"Registerbeskrivning - ScanReal toimitilat","og_description":"Rekisteriseloste T\u00e4m\u00e4 on ScanReal Oy:n henkil\u00f6tietolain (10 ja 24 \u00a7) ja EU:n yleisen tietosuoja-asetuksen (GDPR) mukainen rekisteri- ja tietosuojaseloste. Rekisterinpit\u00e4j\u00e4: Scanreal Oy (Y-tunnus 0908128-1)Hitsaajankatu 2400810 Helsinki Yhteyshenkil\u00f6 rekisteri\u00e4 koskevissa asioissa: Jan Nybergpuh. 0400 544 646jan.nyberg@scanreal.fi&hellip;","og_url":"https:\/\/scanreal.fi\/sv\/registerbeskrivning\/","og_site_name":"ScanReal toimitilat","article_publisher":"https:\/\/www.facebook.com\/scanreal","article_modified_time":"2024-04-04T12:45:16+00:00","twitter_card":"summary_large_image","twitter_misc":{"Ber\u00e4knad l\u00e4stid":"5 minuter"},"schema":{"@context":"https:\/\/schema.org","@graph":[{"@type":"WebPage","@id":"https:\/\/scanreal.fi\/sv\/registerbeskrivning\/","url":"https:\/\/scanreal.fi\/sv\/registerbeskrivning\/","name":"Registerbeskrivning - ScanReal toimitilat","isPartOf":{"@id":"https:\/\/scanreal.fi\/#website"},"datePublished":"2020-09-10T03:29:26+00:00","dateModified":"2024-04-04T12:45:16+00:00","breadcrumb":{"@id":"https:\/\/scanreal.fi\/sv\/registerbeskrivning\/#breadcrumb"},"inLanguage":"sv-SE","potentialAction":[{"@type":"ReadAction","target":["https:\/\/scanreal.fi\/sv\/registerbeskrivning\/"]}]},{"@type":"BreadcrumbList","@id":"https:\/\/scanreal.fi\/sv\/registerbeskrivning\/#breadcrumb","itemListElement":[{"@type":"ListItem","position":1,"name":"Etusivu","item":"https:\/\/scanreal.fi\/sv\/"},{"@type":"ListItem","position":2,"name":"Registerbeskrivning"}]},{"@type":"WebSite","@id":"https:\/\/scanreal.fi\/#website","url":"https:\/\/scanreal.fi\/","name":"ScanReal","description":"Oikeanlaiset toimitilat yrityksellesi yhdell\u00e4 yhteydenotolla","publisher":{"@id":"https:\/\/scanreal.fi\/#organization"},"potentialAction":[{"@type":"SearchAction","target":{"@type":"EntryPoint","urlTemplate":"https:\/\/scanreal.fi\/?s={search_term_string}"},"query-input":{"@type":"PropertyValueSpecification","valueRequired":true,"valueName":"search_term_string"}}],"inLanguage":"sv-SE"},{"@type":"Organization","@id":"https:\/\/scanreal.fi\/#organization","name":"ScanReal Oy","url":"https:\/\/scanreal.fi\/","logo":{"@type":"ImageObject","inLanguage":"sv-SE","@id":"https:\/\/scanreal.fi\/#\/schema\/logo\/image\/","url":"https:\/\/scanreal.fi\/wp-content\/uploads\/2020\/09\/Logo-Scanreal-sin-pohja-iso.png","contentUrl":"https:\/\/scanreal.fi\/wp-content\/uploads\/2020\/09\/Logo-Scanreal-sin-pohja-iso.png","width":119,"height":55,"caption":"ScanReal Oy"},"image":{"@id":"https:\/\/scanreal.fi\/#\/schema\/logo\/image\/"},"sameAs":["https:\/\/www.facebook.com\/scanreal","https:\/\/www.linkedin.com\/company\/scanreal-oy\/"]}]}},"_links":{"self":[{"href":"https:\/\/scanreal.fi\/sv\/wp-json\/wp\/v2\/pages\/149","targetHints":{"allow":["GET"]}}],"collection":[{"href":"https:\/\/scanreal.fi\/sv\/wp-json\/wp\/v2\/pages"}],"about":[{"href":"https:\/\/scanreal.fi\/sv\/wp-json\/wp\/v2\/types\/page"}],"author":[{"embeddable":true,"href":"https:\/\/scanreal.fi\/sv\/wp-json\/wp\/v2\/users\/4"}],"replies":[{"embeddable":true,"href":"https:\/\/scanreal.fi\/sv\/wp-json\/wp\/v2\/comments?post=149"}],"version-history":[{"count":0,"href":"https:\/\/scanreal.fi\/sv\/wp-json\/wp\/v2\/pages\/149\/revisions"}],"wp:attachment":[{"href":"https:\/\/scanreal.fi\/sv\/wp-json\/wp\/v2\/media?parent=149"}],"curies":[{"name":"wp","href":"https:\/\/api.w.org\/{rel}","templated":true}]}}