{"id":308,"date":"2021-08-25T10:16:33","date_gmt":"2021-08-25T07:16:33","guid":{"rendered":"https:\/\/scanreal.fi\/?page_id=308"},"modified":"2021-08-25T10:34:47","modified_gmt":"2021-08-25T07:34:47","slug":"case-carl_hansen","status":"publish","type":"page","link":"https:\/\/scanreal.fi\/sv\/case-carl_hansen\/","title":{"rendered":"CASE Carl Hansen &#038; S\u00f8n"},"content":{"rendered":"\n<div>\n\t<div id=\"hero-block_5f46c9695746f\" class=\"wp-block block-hero image-text\">\n\t\t<div class=\"grid-container\">\n\t\t\t<div class=\"grid-x grid-padding-x align-center-middle\">\n\t\t\t\t\n\t\t\t\t\t\t\t\t\t<div class=\"cell medium-6 large-5 large-offset-1 text-content\">\n\t\t\t\t\t\t<h3><b>CASE<br \/>\n<span style=\"color: #6cb9ff;\">Carl Hansen &amp; S\u00f8n<\/span><\/b><br \/>\n<b>Flagship Store Helsinki<\/b><\/h3>\n<h4>Flaggskeppsbutiken har ocks\u00e5 en positiv inverkan p\u00e5 \u00e5terf\u00f6rs\u00e4ljare<\/h4>\n<p><b><i>\u201dV\u00e5ra flaggskeppsbutiker har visat sig vara ett fantastiskt aff\u00e4rsinitiativ som inte bara genererar tillv\u00e4xt, men som ocks\u00e5 har en positiv knock-on effekt p\u00e5 alla \u00e5terf\u00f6rs\u00e4ljare som s\u00e4ljer m\u00f6bler fr\u00e5n Carl Hansen &amp; S\u00f8n.<\/i><\/b><b><i>\u201d<\/i><\/b><\/p>\n<p style=\"text-align: right;\"><b><i>VD <\/i><\/b><b><i>Knud<\/i><\/b><b><i> Erik Hansen<\/i><\/b><\/p>\n\t\t\t\t\t\t\t\t\t\t\t<\/div>\n\t\t\t\t\n\t\t\t\t\t\t\t\t\t<div class=\"cell medium-6 large-6\">\n\t\t\t\t\t\t<div class=\"hero-image\" style=\"background-image: url(https:\/\/scanreal.fi\/wp-content\/uploads\/2021\/08\/fss_helsinki-1440x960.jpeg); background-size: cover; background-position: 54.56% 45.24%;\">\n\n\t\t\t\t\t\t<\/div>\n\t\t\t\t\t<\/div>\n\t\t\t\t\t\t\t<\/div>\n\t\t<\/div>\n\t\t<div class=\"hero-social flex-container align-center align-bottom\">\n\t\t\t\t\t<\/div>\n\t<\/div>\n\n\t\n<\/div>\n\n\n<div class=\"wp-block-columns are-vertically-aligned-center is-layout-flex wp-container-core-columns-is-layout-8f761849 wp-block-columns-is-layout-flex\">\n<div class=\"wp-block-column is-vertically-aligned-center is-style-column-narrow is-layout-flow wp-block-column-is-layout-flow\">\n<figure class=\"wp-block-image size-full\"><img loading=\"lazy\" decoding=\"async\" width=\"996\" height=\"663\" src=\"https:\/\/scanreal.fi\/wp-content\/uploads\/2021\/08\/helsinkifss004-web.jpg\" alt=\"Carl Hansen &amp; S\u00f8n Helsinki Flagship Store interior\" class=\"wp-image-318\" srcset=\"https:\/\/scanreal.fi\/wp-content\/uploads\/2021\/08\/helsinkifss004-web.jpg 996w, https:\/\/scanreal.fi\/wp-content\/uploads\/2021\/08\/helsinkifss004-web-720x479.jpg 720w, https:\/\/scanreal.fi\/wp-content\/uploads\/2021\/08\/helsinkifss004-web-768x511.jpg 768w\" sizes=\"auto, (max-width: 996px) 100vw, 996px\" \/><\/figure>\n\n\n\n<p class=\"wp-block-paragraph\"><\/p>\n<\/div>\n\n\n\n<div class=\"wp-block-column is-vertically-aligned-center is-style-column-wide is-layout-flow wp-block-column-is-layout-flow\">\n<p class=\"wp-block-paragraph\"><\/p>\n\n\n\n<p class=\"wp-block-paragraph\"><a href=\"https:\/\/www.carlhansen.com\/en\" target=\"_blank\" rel=\"noreferrer noopener\">Carl Hansen &amp; S\u00f8n<\/a>  \u00e4r ett familje\u00e4gt danskt m\u00f6belf\u00f6retag med r\u00f6tter p\u00e5 Fyn. F\u00f6retaget \u00e4r k\u00e4nt som en tillverkare av m\u00e5nga klassiska och h\u00f6gkvalitativa m\u00f6belmodeller vars ikoniska design \u00e4r en kombination av enkelhet, estetik och funktionalitet.<\/p>\n\n\n\n<p class=\"wp-block-paragraph\">Utvecklingen av Carl Hansen &amp; S\u00f8n har p\u00e5verkats djupt av ett l\u00e5ngsiktigt f\u00f6rh\u00e5llande med Hans J. Wegner, en av de st\u00f6rsta formgivarna genom tiderna, som blev drivkraften bakom den danska moderna designr\u00f6relsens internationella framg\u00e5ngar. R\u00f6relsens mest k\u00e4nda namn \u00e4r Kaare Klint, Arne Jacobsen, Ole Wanscher, B\u00f8rge Mogensen och Poul Kj\u00e6rholm. F\u00f6retaget samarbetar ocks\u00e5 med nya designers, som inkluderar t.ex. Tadao Ando, \u200b\u200bEOOS, Naja Utzon Popov, Anker Bak och Brad Ascalon.<\/p>\n\n\n\n<p class=\"wp-block-paragraph\"><\/p>\n\n\n\n<p class=\"wp-block-paragraph\"><\/p>\n\n\n\n<p class=\"cta wp-block-paragraph\"><\/p>\n<\/div>\n<\/div>\n\n\n\n<h4 class=\"wp-block-heading\"><strong>B\u00e4sta l\u00e4get mitt i allt<\/strong><\/h4>\n\n\n\n<div class=\"wp-block-columns is-layout-flex wp-container-core-columns-is-layout-8f761849 wp-block-columns-is-layout-flex\">\n<div class=\"wp-block-column is-layout-flow wp-block-column-is-layout-flow\">\n<p class=\"wp-block-paragraph\">\u00d6ppnandet av en flaggskeppsbutik i Finland k\u00e4ndes sj\u00e4lvklart, eftersom vi har en mycket liknande smak n\u00e4r det g\u00e4ller design och material\u00a0 \u2013 enkel design och tidsbest\u00e4ndiga naturmaterial. I flaggskeppsbutiken kan man, f\u00f6rutom att vi erbjuder ett bredare urval, uppleva och prova m\u00f6bler i en hemliknande milj\u00f6 d\u00e4r de kommer \u00e4nnu n\u00e4rmare historien bakom m\u00f6blerna, s\u00e4ger <strong>Martin Leth<\/strong>, Flagship Store Project Manager.<\/p>\n<\/div>\n\n\n\n<div class=\"wp-block-column is-layout-flow wp-block-column-is-layout-flow\">\n<figure class=\"wp-block-image size-full\"><img loading=\"lazy\" decoding=\"async\" width=\"518\" height=\"292\" src=\"https:\/\/scanreal.fi\/wp-content\/uploads\/2021\/08\/Martin-Leth.jpg\" alt=\"Martin Leth\" class=\"wp-image-324\"\/><\/figure>\n<\/div>\n<\/div>\n\n\n\n<p class=\"wp-block-paragraph\"><meta charset=\"utf-8\">Som i andra st\u00e4der ville vi \u00f6ppna en flaggskeppsbutik i hj\u00e4rtat av Helsingfors p\u00e5 ett centralt och h\u00f6gkvalitativt l\u00e4ge. Vi best\u00e4mde oss f\u00f6r att kartl\u00e4gga l\u00e4mpliga butiksutrymmen i b\u00f6rjan av 2021 och vi blev rekommenderade ScanReal. De imponerade oss omedelbart med deras professionella touch och med att st\u00e4lla r\u00e4tt fr\u00e5gor. De kunde f\u00f6resl\u00e5 flera butiksutrymmen i hj\u00e4rtat av Helsingfors som uppfyllde v\u00e5ra behov, och det tog inte l\u00e5ng tid att hitta en l\u00e4mplig butik i Girs\u00e9ns hus, i h\u00f6rnet av S\u00f6dra Esplanaden och Skillnadsgatan, som uppfyllde alla krav f\u00f6r en flaggskeppsbutik, till\u00e4gger Martin Leth.<\/p>\n\n\n\n<h4 class=\"wp-block-heading\"><strong>Vi talade samma spr\u00e5k fr\u00e5n b\u00f6rjan<\/strong><\/h4>\n\n\n\n<p class=\"wp-block-paragraph\"><\/p>\n\n\n\n<p class=\"wp-block-paragraph\">Samarbetet med ScanReal gick j\u00e4ttebra, eftersom en gemensam melodi direkt uppstod med v\u00e5r kontakt <meta charset=\"utf-8\"><strong><a href=\"https:\/\/scanreal.fi\/sv\/kontaktuppgifter\/\">Jan Nyberg<\/a><\/strong>. Han f\u00f6rstod kriterierna f\u00f6r flaggskeppskonceptet n\u00e4r det g\u00e4ller l\u00e4ge och aff\u00e4rsutrymme, och det var d\u00e4rf\u00f6r saker och ting gick fram\u00e5t i en snabb takt. Jan \u00e4r en typisk finl\u00e4ndare i \u00f6gonen p\u00e5 en dansk, tidtabellerna h\u00e5lls och det som lovats g\u00f6rs. D\u00e5 butiksutrymmet ocks\u00e5 renoverades i snabb takt p\u00e5 bara tre veckor kunde vi fira invigningen i juni 2021, kommenterar Martin Leth.<\/p>\n\n\n\n<p class=\"is-style-default has-white-color has-dark-blue-background-color has-text-color has-background wp-block-paragraph\"><strong><span style=\"color: #6cb9ff;\">CASE Carl Hansen &amp; S\u00f8n Flagship Store Helsinki<\/span><\/strong> <br><br>UTMANING<br>Hitta ett utrymme som uppfyller kraven p\u00e5 en flaggskeppsbutik p\u00e5 den b\u00e4sta platsen i stan.<br><br>L\u00d6SNING<br>L\u00e4mplig lokal hittades i Girs\u00e9ns hus i h\u00f6rnet av S\u00f6dra Esplanadxe och Skillnadsgatan. Lokalerna renoverades i enlighet med kundens flaggskeppsbutikskoncept.<br><br>UYRYMMETS STORLEK<br>279 m\u00b2 (+ lager 38 m\u00b2)<br><br>UTRYMMETS TYP<br>Butiksutrymme<\/p>\n\n\n\n<p class=\"wp-block-paragraph\"><\/p>\n\n\n\n<p class=\"wp-block-paragraph\"><\/p>\n","protected":false},"excerpt":{"rendered":"<p>Carl Hansen &amp; S\u00f8n \u00e4r ett familje\u00e4gt danskt m\u00f6belf\u00f6retag med r\u00f6tter p\u00e5 Fyn. F\u00f6retaget \u00e4r k\u00e4nt som en tillverkare av m\u00e5nga klassiska och h\u00f6gkvalitativa m\u00f6belmodeller vars ikoniska design \u00e4r en kombination av enkelhet, estetik och&hellip;<\/p>\n","protected":false},"author":4,"featured_media":0,"parent":0,"menu_order":0,"comment_status":"closed","ping_status":"closed","template":"","meta":{"_crdt_document":"","footnotes":""},"class_list":["post-308","page","type-page","status-publish","hentry"],"yoast_head":"<!-- This site is optimized with the Yoast SEO plugin v27.4 - https:\/\/yoast.com\/product\/yoast-seo-wordpress\/ -->\n<title>CASE Carl Hansen &amp; S\u00f8n - ScanReal toimitilat<\/title>\n<meta name=\"description\" content=\"Carl Hansen &amp; S\u00f8n l\u00f6ysi ScanRealin avulla uudet toimitilat lippulaivamyym\u00e4l\u00e4lleen Erottajan ja Etel\u00e4esplanadin kulmasta. Carl Hansen &amp; S\u00f8n on perheomisteinen tanskalainen huonekaluyhti\u00f6, jonka juuret sijaitsevat Fynin saarella.\" \/>\n<meta name=\"robots\" content=\"index, follow, max-snippet:-1, max-image-preview:large, max-video-preview:-1\" \/>\n<link rel=\"canonical\" href=\"https:\/\/scanreal.fi\/sv\/case-carl_hansen\/\" \/>\n<meta property=\"og:locale\" content=\"sv_SE\" \/>\n<meta property=\"og:type\" content=\"article\" \/>\n<meta property=\"og:title\" content=\"CASE Carl Hansen &amp; S\u00f8n - ScanReal toimitilat\" \/>\n<meta property=\"og:description\" content=\"Carl Hansen &amp; S\u00f8n l\u00f6ysi ScanRealin avulla uudet toimitilat lippulaivamyym\u00e4l\u00e4lleen Erottajan ja Etel\u00e4esplanadin kulmasta. Carl Hansen &amp; S\u00f8n on perheomisteinen tanskalainen huonekaluyhti\u00f6, jonka juuret sijaitsevat Fynin saarella.\" \/>\n<meta property=\"og:url\" content=\"https:\/\/scanreal.fi\/sv\/case-carl_hansen\/\" \/>\n<meta property=\"og:site_name\" content=\"ScanReal toimitilat\" \/>\n<meta property=\"article:publisher\" content=\"https:\/\/www.facebook.com\/scanreal\" \/>\n<meta property=\"article:modified_time\" content=\"2021-08-25T07:34:47+00:00\" \/>\n<meta property=\"og:image\" content=\"https:\/\/scanreal.fi\/wp-content\/uploads\/2021\/08\/helsinkifss004-web.jpg\" \/>\n<meta name=\"twitter:card\" content=\"summary_large_image\" \/>\n<meta name=\"twitter:label1\" content=\"Ber\u00e4knad l\u00e4stid\" \/>\n\t<meta name=\"twitter:data1\" content=\"3 minuter\" \/>\n<script type=\"application\/ld+json\" class=\"yoast-schema-graph\">{\"@context\":\"https:\\\/\\\/schema.org\",\"@graph\":[{\"@type\":\"WebPage\",\"@id\":\"https:\\\/\\\/scanreal.fi\\\/sv\\\/case-carl_hansen\\\/\",\"url\":\"https:\\\/\\\/scanreal.fi\\\/sv\\\/case-carl_hansen\\\/\",\"name\":\"CASE Carl Hansen & S\u00f8n - ScanReal toimitilat\",\"isPartOf\":{\"@id\":\"https:\\\/\\\/scanreal.fi\\\/#website\"},\"primaryImageOfPage\":{\"@id\":\"https:\\\/\\\/scanreal.fi\\\/sv\\\/case-carl_hansen\\\/#primaryimage\"},\"image\":{\"@id\":\"https:\\\/\\\/scanreal.fi\\\/sv\\\/case-carl_hansen\\\/#primaryimage\"},\"thumbnailUrl\":\"https:\\\/\\\/scanreal.fi\\\/wp-content\\\/uploads\\\/2021\\\/08\\\/helsinkifss004-web.jpg\",\"datePublished\":\"2021-08-25T07:16:33+00:00\",\"dateModified\":\"2021-08-25T07:34:47+00:00\",\"description\":\"Carl Hansen & S\u00f8n l\u00f6ysi ScanRealin avulla uudet toimitilat lippulaivamyym\u00e4l\u00e4lleen Erottajan ja Etel\u00e4esplanadin kulmasta. Carl Hansen & S\u00f8n on perheomisteinen tanskalainen huonekaluyhti\u00f6, jonka juuret sijaitsevat Fynin saarella.\",\"breadcrumb\":{\"@id\":\"https:\\\/\\\/scanreal.fi\\\/sv\\\/case-carl_hansen\\\/#breadcrumb\"},\"inLanguage\":\"sv-SE\",\"potentialAction\":[{\"@type\":\"ReadAction\",\"target\":[\"https:\\\/\\\/scanreal.fi\\\/sv\\\/case-carl_hansen\\\/\"]}]},{\"@type\":\"ImageObject\",\"inLanguage\":\"sv-SE\",\"@id\":\"https:\\\/\\\/scanreal.fi\\\/sv\\\/case-carl_hansen\\\/#primaryimage\",\"url\":\"https:\\\/\\\/scanreal.fi\\\/wp-content\\\/uploads\\\/2021\\\/08\\\/helsinkifss004-web.jpg\",\"contentUrl\":\"https:\\\/\\\/scanreal.fi\\\/wp-content\\\/uploads\\\/2021\\\/08\\\/helsinkifss004-web.jpg\"},{\"@type\":\"BreadcrumbList\",\"@id\":\"https:\\\/\\\/scanreal.fi\\\/sv\\\/case-carl_hansen\\\/#breadcrumb\",\"itemListElement\":[{\"@type\":\"ListItem\",\"position\":1,\"name\":\"Etusivu\",\"item\":\"https:\\\/\\\/scanreal.fi\\\/sv\\\/\"},{\"@type\":\"ListItem\",\"position\":2,\"name\":\"CASE Carl Hansen &#038; S\u00f8n\"}]},{\"@type\":\"WebSite\",\"@id\":\"https:\\\/\\\/scanreal.fi\\\/#website\",\"url\":\"https:\\\/\\\/scanreal.fi\\\/\",\"name\":\"ScanReal\",\"description\":\"Oikeanlaiset toimitilat yrityksellesi yhdell\u00e4 yhteydenotolla\",\"publisher\":{\"@id\":\"https:\\\/\\\/scanreal.fi\\\/#organization\"},\"potentialAction\":[{\"@type\":\"SearchAction\",\"target\":{\"@type\":\"EntryPoint\",\"urlTemplate\":\"https:\\\/\\\/scanreal.fi\\\/?s={search_term_string}\"},\"query-input\":{\"@type\":\"PropertyValueSpecification\",\"valueRequired\":true,\"valueName\":\"search_term_string\"}}],\"inLanguage\":\"sv-SE\"},{\"@type\":\"Organization\",\"@id\":\"https:\\\/\\\/scanreal.fi\\\/#organization\",\"name\":\"ScanReal Oy\",\"url\":\"https:\\\/\\\/scanreal.fi\\\/\",\"logo\":{\"@type\":\"ImageObject\",\"inLanguage\":\"sv-SE\",\"@id\":\"https:\\\/\\\/scanreal.fi\\\/#\\\/schema\\\/logo\\\/image\\\/\",\"url\":\"https:\\\/\\\/scanreal.fi\\\/wp-content\\\/uploads\\\/2020\\\/09\\\/Logo-Scanreal-sin-pohja-iso.png\",\"contentUrl\":\"https:\\\/\\\/scanreal.fi\\\/wp-content\\\/uploads\\\/2020\\\/09\\\/Logo-Scanreal-sin-pohja-iso.png\",\"width\":119,\"height\":55,\"caption\":\"ScanReal Oy\"},\"image\":{\"@id\":\"https:\\\/\\\/scanreal.fi\\\/#\\\/schema\\\/logo\\\/image\\\/\"},\"sameAs\":[\"https:\\\/\\\/www.facebook.com\\\/scanreal\",\"https:\\\/\\\/www.linkedin.com\\\/company\\\/scanreal-oy\\\/\"]}]}<\/script>\n<!-- \/ Yoast SEO plugin. -->","yoast_head_json":{"title":"CASE Carl Hansen & S\u00f8n - ScanReal toimitilat","description":"Carl Hansen & S\u00f8n l\u00f6ysi ScanRealin avulla uudet toimitilat lippulaivamyym\u00e4l\u00e4lleen Erottajan ja Etel\u00e4esplanadin kulmasta. Carl Hansen & S\u00f8n on perheomisteinen tanskalainen huonekaluyhti\u00f6, jonka juuret sijaitsevat Fynin saarella.","robots":{"index":"index","follow":"follow","max-snippet":"max-snippet:-1","max-image-preview":"max-image-preview:large","max-video-preview":"max-video-preview:-1"},"canonical":"https:\/\/scanreal.fi\/sv\/case-carl_hansen\/","og_locale":"sv_SE","og_type":"article","og_title":"CASE Carl Hansen & S\u00f8n - ScanReal toimitilat","og_description":"Carl Hansen & S\u00f8n l\u00f6ysi ScanRealin avulla uudet toimitilat lippulaivamyym\u00e4l\u00e4lleen Erottajan ja Etel\u00e4esplanadin kulmasta. Carl Hansen & S\u00f8n on perheomisteinen tanskalainen huonekaluyhti\u00f6, jonka juuret sijaitsevat Fynin saarella.","og_url":"https:\/\/scanreal.fi\/sv\/case-carl_hansen\/","og_site_name":"ScanReal toimitilat","article_publisher":"https:\/\/www.facebook.com\/scanreal","article_modified_time":"2021-08-25T07:34:47+00:00","og_image":[{"url":"https:\/\/scanreal.fi\/wp-content\/uploads\/2021\/08\/helsinkifss004-web.jpg","type":"","width":"","height":""}],"twitter_card":"summary_large_image","twitter_misc":{"Ber\u00e4knad l\u00e4stid":"3 minuter"},"schema":{"@context":"https:\/\/schema.org","@graph":[{"@type":"WebPage","@id":"https:\/\/scanreal.fi\/sv\/case-carl_hansen\/","url":"https:\/\/scanreal.fi\/sv\/case-carl_hansen\/","name":"CASE Carl Hansen & S\u00f8n - ScanReal toimitilat","isPartOf":{"@id":"https:\/\/scanreal.fi\/#website"},"primaryImageOfPage":{"@id":"https:\/\/scanreal.fi\/sv\/case-carl_hansen\/#primaryimage"},"image":{"@id":"https:\/\/scanreal.fi\/sv\/case-carl_hansen\/#primaryimage"},"thumbnailUrl":"https:\/\/scanreal.fi\/wp-content\/uploads\/2021\/08\/helsinkifss004-web.jpg","datePublished":"2021-08-25T07:16:33+00:00","dateModified":"2021-08-25T07:34:47+00:00","description":"Carl Hansen & S\u00f8n l\u00f6ysi ScanRealin avulla uudet toimitilat lippulaivamyym\u00e4l\u00e4lleen Erottajan ja Etel\u00e4esplanadin kulmasta. Carl Hansen & S\u00f8n on perheomisteinen tanskalainen huonekaluyhti\u00f6, jonka juuret sijaitsevat Fynin saarella.","breadcrumb":{"@id":"https:\/\/scanreal.fi\/sv\/case-carl_hansen\/#breadcrumb"},"inLanguage":"sv-SE","potentialAction":[{"@type":"ReadAction","target":["https:\/\/scanreal.fi\/sv\/case-carl_hansen\/"]}]},{"@type":"ImageObject","inLanguage":"sv-SE","@id":"https:\/\/scanreal.fi\/sv\/case-carl_hansen\/#primaryimage","url":"https:\/\/scanreal.fi\/wp-content\/uploads\/2021\/08\/helsinkifss004-web.jpg","contentUrl":"https:\/\/scanreal.fi\/wp-content\/uploads\/2021\/08\/helsinkifss004-web.jpg"},{"@type":"BreadcrumbList","@id":"https:\/\/scanreal.fi\/sv\/case-carl_hansen\/#breadcrumb","itemListElement":[{"@type":"ListItem","position":1,"name":"Etusivu","item":"https:\/\/scanreal.fi\/sv\/"},{"@type":"ListItem","position":2,"name":"CASE Carl Hansen &#038; S\u00f8n"}]},{"@type":"WebSite","@id":"https:\/\/scanreal.fi\/#website","url":"https:\/\/scanreal.fi\/","name":"ScanReal","description":"Oikeanlaiset toimitilat yrityksellesi yhdell\u00e4 yhteydenotolla","publisher":{"@id":"https:\/\/scanreal.fi\/#organization"},"potentialAction":[{"@type":"SearchAction","target":{"@type":"EntryPoint","urlTemplate":"https:\/\/scanreal.fi\/?s={search_term_string}"},"query-input":{"@type":"PropertyValueSpecification","valueRequired":true,"valueName":"search_term_string"}}],"inLanguage":"sv-SE"},{"@type":"Organization","@id":"https:\/\/scanreal.fi\/#organization","name":"ScanReal Oy","url":"https:\/\/scanreal.fi\/","logo":{"@type":"ImageObject","inLanguage":"sv-SE","@id":"https:\/\/scanreal.fi\/#\/schema\/logo\/image\/","url":"https:\/\/scanreal.fi\/wp-content\/uploads\/2020\/09\/Logo-Scanreal-sin-pohja-iso.png","contentUrl":"https:\/\/scanreal.fi\/wp-content\/uploads\/2020\/09\/Logo-Scanreal-sin-pohja-iso.png","width":119,"height":55,"caption":"ScanReal Oy"},"image":{"@id":"https:\/\/scanreal.fi\/#\/schema\/logo\/image\/"},"sameAs":["https:\/\/www.facebook.com\/scanreal","https:\/\/www.linkedin.com\/company\/scanreal-oy\/"]}]}},"_links":{"self":[{"href":"https:\/\/scanreal.fi\/sv\/wp-json\/wp\/v2\/pages\/308","targetHints":{"allow":["GET"]}}],"collection":[{"href":"https:\/\/scanreal.fi\/sv\/wp-json\/wp\/v2\/pages"}],"about":[{"href":"https:\/\/scanreal.fi\/sv\/wp-json\/wp\/v2\/types\/page"}],"author":[{"embeddable":true,"href":"https:\/\/scanreal.fi\/sv\/wp-json\/wp\/v2\/users\/4"}],"replies":[{"embeddable":true,"href":"https:\/\/scanreal.fi\/sv\/wp-json\/wp\/v2\/comments?post=308"}],"version-history":[{"count":0,"href":"https:\/\/scanreal.fi\/sv\/wp-json\/wp\/v2\/pages\/308\/revisions"}],"wp:attachment":[{"href":"https:\/\/scanreal.fi\/sv\/wp-json\/wp\/v2\/media?parent=308"}],"curies":[{"name":"wp","href":"https:\/\/api.w.org\/{rel}","templated":true}]}}