{"id":387,"date":"2021-10-07T22:09:18","date_gmt":"2021-10-07T19:09:18","guid":{"rendered":"https:\/\/scanreal.fi\/?page_id=387"},"modified":"2021-10-07T22:09:20","modified_gmt":"2021-10-07T19:09:20","slug":"case-qvio_branding","status":"publish","type":"page","link":"https:\/\/scanreal.fi\/sv\/case-qvio_branding\/","title":{"rendered":"Case Q-VIO Branding"},"content":{"rendered":"\n<div>\n\t<div id=\"hero-block_5f46c9695746f\" class=\"wp-block block-hero image-text\">\n\t\t<div class=\"grid-container\">\n\t\t\t<div class=\"grid-x grid-padding-x align-center-middle\">\n\t\t\t\t\n\t\t\t\t\t\t\t\t\t<div class=\"cell medium-6 large-5 large-offset-1 text-content\">\n\t\t\t\t\t\t<h3><b>CASE<br \/>\n<span style=\"color: #6cb9ff;\">Q-VIO Branding<\/span><br \/>\n<b>Helsinki<\/b><\/b><\/h3>\n<p><b>De f\u00f6rstod oss och kunde erbjuda en fungerande l\u00f6sning<\/b><\/p>\n<p><b><i>\u201dDe ljusa utrymmena gl\u00e4djande f\u00f6r \u00f6gat hittades sedan snabbt av dem och de uppfyllde fullt ut v\u00e5ra \u00f6nskem\u00e5l.<\/i><\/b><b><i>\u201d<\/i><\/b><\/p>\n<p style=\"text-align: right;\"><b><i>Eira Hovi<br \/>\nVD<\/i><\/b><\/p>\n\t\t\t\t\t\t\t\t\t\t\t<\/div>\n\t\t\t\t\n\t\t\t\t\t\t\t\t\t<div class=\"cell medium-6 large-6\">\n\t\t\t\t\t\t<div class=\"hero-image\" style=\"background-image: url(https:\/\/scanreal.fi\/wp-content\/uploads\/2021\/10\/DSC0036-1440x960.jpg); background-size: cover; background-position: 54.56% 45.24%;\">\n\n\t\t\t\t\t\t<\/div>\n\t\t\t\t\t<\/div>\n\t\t\t\t\t\t\t<\/div>\n\t\t<\/div>\n\t\t<div class=\"hero-social flex-container align-center align-bottom\">\n\t\t\t\t\t<\/div>\n\t<\/div>\n\n\t\n<\/div>\n\n\n<div class=\"wp-block-columns are-vertically-aligned-center is-layout-flex wp-container-core-columns-is-layout-8f761849 wp-block-columns-is-layout-flex\">\n<div class=\"wp-block-column is-vertically-aligned-center is-style-column-narrow is-layout-flow wp-block-column-is-layout-flow\">\n<figure class=\"wp-block-image size-large\"><img loading=\"lazy\" decoding=\"async\" width=\"1440\" height=\"1209\" src=\"https:\/\/scanreal.fi\/wp-content\/uploads\/2021\/10\/q-vio24878-1440x1209.jpg\" alt=\"Q-Vio Branding samples\" class=\"wp-image-391\" srcset=\"https:\/\/scanreal.fi\/wp-content\/uploads\/2021\/10\/q-vio24878-1440x1209.jpg 1440w, https:\/\/scanreal.fi\/wp-content\/uploads\/2021\/10\/q-vio24878-720x605.jpg 720w, https:\/\/scanreal.fi\/wp-content\/uploads\/2021\/10\/q-vio24878-768x645.jpg 768w, https:\/\/scanreal.fi\/wp-content\/uploads\/2021\/10\/q-vio24878-1536x1290.jpg 1536w, https:\/\/scanreal.fi\/wp-content\/uploads\/2021\/10\/q-vio24878-2048x1720.jpg 2048w\" sizes=\"auto, (max-width: 1440px) 100vw, 1440px\" \/><\/figure>\n\n\n\n<p class=\"wp-block-paragraph\"><\/p>\n<\/div>\n\n\n\n<div class=\"wp-block-column is-vertically-aligned-center is-style-column-wide is-layout-flow wp-block-column-is-layout-flow\">\n<p class=\"wp-block-paragraph\"><\/p>\n\n\n\n<p class=\"wp-block-paragraph\"><a href=\"https:\/\/qvio.fi\/\">Q-VIO Branding Oy<\/a> <strong>erbjuder sina kunder marknadsf\u00f6ringsprodukter och f\u00f6retagskl\u00e4der som st\u00f6der deras varum\u00e4rke. Individuellt utformade h\u00f6gkvalitativa produktl\u00f6sningar \u00e4r en integrerad del av effektiv marknadsf\u00f6ring, som syftar till att \u00f6ka varum\u00e4rkets synlighet och leverera \u00f6nskat budskap till en vald m\u00e5lgrupp.<\/strong><\/p>\n\n\n\n<p class=\"wp-block-paragraph\">Utg\u00e5ngspunkten \u00e4r alltid kundens m\u00e5l, vad som efterstr\u00e4vas, vad de vill kommunicera och till vem. Varje projekt \u00e4r unikt: det kan till exempel vara intressentkommunikation eller genomf\u00f6randet av en spektakul\u00e4r butikskampanj. Uppgiften \u00e4r att hitta en l\u00f6sning f\u00f6r kunden som b\u00e4st skulle uppn\u00e5 det uppsatta m\u00e5let &#8211; och detta underl\u00e4ttas av en stark f\u00f6rst\u00e5else f\u00f6r kundens m\u00e5l, varum\u00e4rke och m\u00e5lgrupper.<\/p>\n\n\n\n<p class=\"wp-block-paragraph\"><\/p>\n\n\n\n<p class=\"wp-block-paragraph\"><\/p>\n\n\n\n<p class=\"cta wp-block-paragraph\"><\/p>\n<\/div>\n<\/div>\n\n\n\n<h4 class=\"wp-block-heading\"><strong><strong>Att hitta de utrymmen som uppfyllde \u00f6nskem\u00e5len verkade som en om\u00f6jlig ekvation<\/strong><\/strong><\/h4>\n\n\n\n<div class=\"wp-block-columns is-layout-flex wp-container-core-columns-is-layout-8f761849 wp-block-columns-is-layout-flex\">\n<div class=\"wp-block-column is-layout-flow wp-block-column-is-layout-flow\">\n<p class=\"wp-block-paragraph\">V\u00e5rt f\u00f6retag l\u00e5g tidigare i Vallg\u00e5rd i 250 m\u00b2 bekv\u00e4ma och spektakul\u00e4ra lokaler, men p\u00e5 tio \u00e5r b\u00f6rjade v\u00e4ggarna komma emot helt konkret. V\u00e5rt m\u00e5l \u00e4r att f\u00e5 varor levererade direkt fr\u00e5n tillverkare till v\u00e5ra kunder, men i takt med att e-handelsf\u00f6rs\u00e4ljningen \u00f6kade s\u00e5 \u00f6kade kraven p\u00e5 v\u00e5rt egna lagerutrymme. Situationen komplicerades ocks\u00e5 av avsaknaden av en lastbrygga i samband med lagret. Ut\u00f6ver detta l\u00e5g kontoret och lagret p\u00e5 olika v\u00e5ningar, vilket innebar en massa spring fram och tillbaka.<\/p>\n\n\n\n<p class=\"wp-block-paragraph\">\u00d6nskan var att hitta dubbelt s\u00e5 m\u00e5nga kvadratmeter, ett kombinerat lager med ett kontor och en lastbrygga p\u00e5 en plan, i \u00f6stra Helsingfors, d\u00e4r de flesta medarbetare ocks\u00e5 bor. V\u00e5r bransch lever och andas varum\u00e4rken, s\u00e5 att ta h\u00e4nsyn till estetik \u00e4r en integrerad del av v\u00e5rt dagliga liv n\u00e4r vi designar produkter och tj\u00e4nster f\u00f6r v\u00e5ra kunder. Detsamma g\u00e4ller arbetsutrymmen, de m\u00e5ste vara s\u00e5dana att de inspirerar oss i designarbete f\u00f6r att kunna tillgodose v\u00e5ra kunders behov.<\/p>\n\n\n\n<p class=\"wp-block-paragraph\">Vi gav oss iv\u00e4g med en \u00f6nskelista och det blev snabbt klart att det inte skulle vara l\u00e4tt att hitta utrymmen som skulle uppfylla v\u00e5ra \u00f6nskem\u00e5l. Vi tr\u00e4ffade ett par m\u00e4klare f\u00f6r att se n\u00e5gra lokaler, men de uppfyllde inte v\u00e5ra f\u00f6rv\u00e4ntningar, s\u00e4ger vd <strong>Eira Hovi<\/strong>.<\/p>\n\n\n\n<h4 class=\"wp-block-heading\"><meta charset=\"utf-8\"><strong>ScanReal f\u00f6rstod sig ocks\u00e5 p\u00e5 estetiken<\/strong><\/h4>\n\n\n\n<p class=\"wp-block-paragraph\"><meta charset=\"utf-8\"><a href=\"https:\/\/scanreal.fi\/sv\/kontaktuppgifter\/\">ScanReal<\/a> rekommenderades f\u00f6r oss och de f\u00f6rstod f\u00f6rutom  \u00f6nskem\u00e5len g\u00e4llande storlek och v\u00e5ning ocks\u00e5 v\u00e5ra k\u00e4nslom\u00e4ssiga behov n\u00e4r de kartlade de lediga utrymmen som passar oss. De ljusa och i\u00f6gonfallande utrymmena p\u00e5 Svarvaregatan i Herton\u00e4s hittades sedan snabbt av dem och utrymmena uppfyllde helt v\u00e5ra \u00f6nskem\u00e5l.<\/p>\n<\/div>\n\n\n\n<div class=\"wp-block-column is-layout-flow wp-block-column-is-layout-flow\">\n<figure class=\"wp-block-image size-large\"><img loading=\"lazy\" decoding=\"async\" width=\"961\" height=\"1440\" src=\"https:\/\/scanreal.fi\/wp-content\/uploads\/2021\/10\/1.EIRA_-961x1440.jpg\" alt=\"Eira Hovi\" class=\"wp-image-394\" srcset=\"https:\/\/scanreal.fi\/wp-content\/uploads\/2021\/10\/1.EIRA_-961x1440.jpg 961w, https:\/\/scanreal.fi\/wp-content\/uploads\/2021\/10\/1.EIRA_-480x720.jpg 480w, https:\/\/scanreal.fi\/wp-content\/uploads\/2021\/10\/1.EIRA_-768x1151.jpg 768w, https:\/\/scanreal.fi\/wp-content\/uploads\/2021\/10\/1.EIRA_.jpg 1001w\" sizes=\"auto, (max-width: 961px) 100vw, 961px\" \/><\/figure>\n<\/div>\n<\/div>\n\n\n\n<p class=\"wp-block-paragraph\">De rymliga utrymmena k\u00e4nns bekv\u00e4ma och i utst\u00e4llningslokalen kommer produkterna till sin r\u00e4tt och dessutom \u00e4r lagret p\u00e5 samma niv\u00e5 bara en d\u00f6rr fr\u00e5n kontoret. Som gr\u00e4dde p\u00e5 moset och en inspirationsk\u00e4lla ligger Marimekko och deras outletbutik och den h\u00f6gkvalitativa lunchrestaurangen Maritori som granne. Utrymmena \u00e4r ocks\u00e5 optimala i den meningen att de ocks\u00e5 m\u00f6jligg\u00f6r expansion i samma fastighet om det beh\u00f6vs, kvitterar Eira Hovi.\u00a0<\/p>\n\n\n\n<p class=\"is-style-default has-white-color has-dark-blue-background-color has-text-color has-background wp-block-paragraph\"><strong><span style=\"color: #6cb9ff;\">CASE <\/span><\/strong><span style=\"color: #6cb9ff;\"><strong>Q-VIO Branding, Helsinki<\/strong><\/span><br><br>UTMANING<br>Att hitta kontors- och lagerutrymmen p\u00e5 en niv\u00e5 i \u00f6stra Helsingfors som inspirerar designers.<br><br>L\u00d6SNING<br>Ljusa lokaler i Herton\u00e4s p\u00e5 Svarvaregatan 11 a.<br><br>LOKALENS STORLEK<br>Kontor 250 m\u00b2 + lager 200 m\u00b2<br><br>LOKALENS TYP<br>Kontor \/ showroom \/ lager<\/p>\n\n\n\n<p class=\"wp-block-paragraph\"><\/p>\n\n\n\n<p class=\"wp-block-paragraph\"><\/p>\n","protected":false},"excerpt":{"rendered":"<p>Q-VIO Branding Oy erbjuder sina kunder marknadsf\u00f6ringsprodukter och f\u00f6retagskl\u00e4der som st\u00f6der deras varum\u00e4rke. Individuellt utformade h\u00f6gkvalitativa produktl\u00f6sningar \u00e4r en integrerad del av effektiv marknadsf\u00f6ring, som syftar till att \u00f6ka varum\u00e4rkets synlighet och leverera \u00f6nskat budskap&hellip;<\/p>\n","protected":false},"author":4,"featured_media":0,"parent":0,"menu_order":0,"comment_status":"closed","ping_status":"closed","template":"","meta":{"_crdt_document":"","footnotes":""},"class_list":["post-387","page","type-page","status-publish","hentry"],"yoast_head":"<!-- This site is optimized with the Yoast SEO plugin v27.4 - https:\/\/yoast.com\/product\/yoast-seo-wordpress\/ -->\n<title>Case Q-VIO Branding - ScanReal toimitilat<\/title>\n<meta name=\"description\" content=\"Med hj\u00e4lp av ScanReal hittade Q-VIO Branding nya lokaler i Herton\u00e4s. Q-VIO Branding Oy erbjuder sina kunder marknadsf\u00f6ringsprodukter och f\u00f6retagskl\u00e4der som st\u00f6der deras varum\u00e4rke.\" \/>\n<meta name=\"robots\" content=\"index, follow, max-snippet:-1, max-image-preview:large, max-video-preview:-1\" \/>\n<link rel=\"canonical\" href=\"https:\/\/scanreal.fi\/sv\/case-qvio_branding\/\" \/>\n<meta property=\"og:locale\" content=\"sv_SE\" \/>\n<meta property=\"og:type\" content=\"article\" \/>\n<meta property=\"og:title\" content=\"Case Q-VIO Branding - ScanReal toimitilat\" \/>\n<meta property=\"og:description\" content=\"Med hj\u00e4lp av ScanReal hittade Q-VIO Branding nya lokaler i Herton\u00e4s. Q-VIO Branding Oy erbjuder sina kunder marknadsf\u00f6ringsprodukter och f\u00f6retagskl\u00e4der som st\u00f6der deras varum\u00e4rke.\" \/>\n<meta property=\"og:url\" content=\"https:\/\/scanreal.fi\/sv\/case-qvio_branding\/\" \/>\n<meta property=\"og:site_name\" content=\"ScanReal toimitilat\" \/>\n<meta property=\"article:publisher\" content=\"https:\/\/www.facebook.com\/scanreal\" \/>\n<meta property=\"article:modified_time\" content=\"2021-10-07T19:09:20+00:00\" \/>\n<meta property=\"og:image\" content=\"https:\/\/scanreal.fi\/wp-content\/uploads\/2021\/10\/q-vio24878-1440x1209.jpg\" \/>\n<meta name=\"twitter:card\" content=\"summary_large_image\" \/>\n<meta name=\"twitter:label1\" content=\"Ber\u00e4knad l\u00e4stid\" \/>\n\t<meta name=\"twitter:data1\" content=\"3 minuter\" \/>\n<script type=\"application\/ld+json\" class=\"yoast-schema-graph\">{\"@context\":\"https:\\\/\\\/schema.org\",\"@graph\":[{\"@type\":\"WebPage\",\"@id\":\"https:\\\/\\\/scanreal.fi\\\/sv\\\/case-qvio_branding\\\/\",\"url\":\"https:\\\/\\\/scanreal.fi\\\/sv\\\/case-qvio_branding\\\/\",\"name\":\"Case Q-VIO Branding - ScanReal toimitilat\",\"isPartOf\":{\"@id\":\"https:\\\/\\\/scanreal.fi\\\/#website\"},\"primaryImageOfPage\":{\"@id\":\"https:\\\/\\\/scanreal.fi\\\/sv\\\/case-qvio_branding\\\/#primaryimage\"},\"image\":{\"@id\":\"https:\\\/\\\/scanreal.fi\\\/sv\\\/case-qvio_branding\\\/#primaryimage\"},\"thumbnailUrl\":\"https:\\\/\\\/scanreal.fi\\\/wp-content\\\/uploads\\\/2021\\\/10\\\/q-vio24878-1440x1209.jpg\",\"datePublished\":\"2021-10-07T19:09:18+00:00\",\"dateModified\":\"2021-10-07T19:09:20+00:00\",\"description\":\"Med hj\u00e4lp av ScanReal hittade Q-VIO Branding nya lokaler i Herton\u00e4s. Q-VIO Branding Oy erbjuder sina kunder marknadsf\u00f6ringsprodukter och f\u00f6retagskl\u00e4der som st\u00f6der deras varum\u00e4rke.\",\"breadcrumb\":{\"@id\":\"https:\\\/\\\/scanreal.fi\\\/sv\\\/case-qvio_branding\\\/#breadcrumb\"},\"inLanguage\":\"sv-SE\",\"potentialAction\":[{\"@type\":\"ReadAction\",\"target\":[\"https:\\\/\\\/scanreal.fi\\\/sv\\\/case-qvio_branding\\\/\"]}]},{\"@type\":\"ImageObject\",\"inLanguage\":\"sv-SE\",\"@id\":\"https:\\\/\\\/scanreal.fi\\\/sv\\\/case-qvio_branding\\\/#primaryimage\",\"url\":\"https:\\\/\\\/scanreal.fi\\\/wp-content\\\/uploads\\\/2021\\\/10\\\/q-vio24878-1440x1209.jpg\",\"contentUrl\":\"https:\\\/\\\/scanreal.fi\\\/wp-content\\\/uploads\\\/2021\\\/10\\\/q-vio24878-1440x1209.jpg\"},{\"@type\":\"BreadcrumbList\",\"@id\":\"https:\\\/\\\/scanreal.fi\\\/sv\\\/case-qvio_branding\\\/#breadcrumb\",\"itemListElement\":[{\"@type\":\"ListItem\",\"position\":1,\"name\":\"Etusivu\",\"item\":\"https:\\\/\\\/scanreal.fi\\\/sv\\\/\"},{\"@type\":\"ListItem\",\"position\":2,\"name\":\"Case Q-VIO Branding\"}]},{\"@type\":\"WebSite\",\"@id\":\"https:\\\/\\\/scanreal.fi\\\/#website\",\"url\":\"https:\\\/\\\/scanreal.fi\\\/\",\"name\":\"ScanReal\",\"description\":\"Oikeanlaiset toimitilat yrityksellesi yhdell\u00e4 yhteydenotolla\",\"publisher\":{\"@id\":\"https:\\\/\\\/scanreal.fi\\\/#organization\"},\"potentialAction\":[{\"@type\":\"SearchAction\",\"target\":{\"@type\":\"EntryPoint\",\"urlTemplate\":\"https:\\\/\\\/scanreal.fi\\\/?s={search_term_string}\"},\"query-input\":{\"@type\":\"PropertyValueSpecification\",\"valueRequired\":true,\"valueName\":\"search_term_string\"}}],\"inLanguage\":\"sv-SE\"},{\"@type\":\"Organization\",\"@id\":\"https:\\\/\\\/scanreal.fi\\\/#organization\",\"name\":\"ScanReal Oy\",\"url\":\"https:\\\/\\\/scanreal.fi\\\/\",\"logo\":{\"@type\":\"ImageObject\",\"inLanguage\":\"sv-SE\",\"@id\":\"https:\\\/\\\/scanreal.fi\\\/#\\\/schema\\\/logo\\\/image\\\/\",\"url\":\"https:\\\/\\\/scanreal.fi\\\/wp-content\\\/uploads\\\/2020\\\/09\\\/Logo-Scanreal-sin-pohja-iso.png\",\"contentUrl\":\"https:\\\/\\\/scanreal.fi\\\/wp-content\\\/uploads\\\/2020\\\/09\\\/Logo-Scanreal-sin-pohja-iso.png\",\"width\":119,\"height\":55,\"caption\":\"ScanReal Oy\"},\"image\":{\"@id\":\"https:\\\/\\\/scanreal.fi\\\/#\\\/schema\\\/logo\\\/image\\\/\"},\"sameAs\":[\"https:\\\/\\\/www.facebook.com\\\/scanreal\",\"https:\\\/\\\/www.linkedin.com\\\/company\\\/scanreal-oy\\\/\"]}]}<\/script>\n<!-- \/ Yoast SEO plugin. -->","yoast_head_json":{"title":"Case Q-VIO Branding - ScanReal toimitilat","description":"Med hj\u00e4lp av ScanReal hittade Q-VIO Branding nya lokaler i Herton\u00e4s. Q-VIO Branding Oy erbjuder sina kunder marknadsf\u00f6ringsprodukter och f\u00f6retagskl\u00e4der som st\u00f6der deras varum\u00e4rke.","robots":{"index":"index","follow":"follow","max-snippet":"max-snippet:-1","max-image-preview":"max-image-preview:large","max-video-preview":"max-video-preview:-1"},"canonical":"https:\/\/scanreal.fi\/sv\/case-qvio_branding\/","og_locale":"sv_SE","og_type":"article","og_title":"Case Q-VIO Branding - ScanReal toimitilat","og_description":"Med hj\u00e4lp av ScanReal hittade Q-VIO Branding nya lokaler i Herton\u00e4s. Q-VIO Branding Oy erbjuder sina kunder marknadsf\u00f6ringsprodukter och f\u00f6retagskl\u00e4der som st\u00f6der deras varum\u00e4rke.","og_url":"https:\/\/scanreal.fi\/sv\/case-qvio_branding\/","og_site_name":"ScanReal toimitilat","article_publisher":"https:\/\/www.facebook.com\/scanreal","article_modified_time":"2021-10-07T19:09:20+00:00","og_image":[{"url":"https:\/\/scanreal.fi\/wp-content\/uploads\/2021\/10\/q-vio24878-1440x1209.jpg","type":"","width":"","height":""}],"twitter_card":"summary_large_image","twitter_misc":{"Ber\u00e4knad l\u00e4stid":"3 minuter"},"schema":{"@context":"https:\/\/schema.org","@graph":[{"@type":"WebPage","@id":"https:\/\/scanreal.fi\/sv\/case-qvio_branding\/","url":"https:\/\/scanreal.fi\/sv\/case-qvio_branding\/","name":"Case Q-VIO Branding - ScanReal toimitilat","isPartOf":{"@id":"https:\/\/scanreal.fi\/#website"},"primaryImageOfPage":{"@id":"https:\/\/scanreal.fi\/sv\/case-qvio_branding\/#primaryimage"},"image":{"@id":"https:\/\/scanreal.fi\/sv\/case-qvio_branding\/#primaryimage"},"thumbnailUrl":"https:\/\/scanreal.fi\/wp-content\/uploads\/2021\/10\/q-vio24878-1440x1209.jpg","datePublished":"2021-10-07T19:09:18+00:00","dateModified":"2021-10-07T19:09:20+00:00","description":"Med hj\u00e4lp av ScanReal hittade Q-VIO Branding nya lokaler i Herton\u00e4s. Q-VIO Branding Oy erbjuder sina kunder marknadsf\u00f6ringsprodukter och f\u00f6retagskl\u00e4der som st\u00f6der deras varum\u00e4rke.","breadcrumb":{"@id":"https:\/\/scanreal.fi\/sv\/case-qvio_branding\/#breadcrumb"},"inLanguage":"sv-SE","potentialAction":[{"@type":"ReadAction","target":["https:\/\/scanreal.fi\/sv\/case-qvio_branding\/"]}]},{"@type":"ImageObject","inLanguage":"sv-SE","@id":"https:\/\/scanreal.fi\/sv\/case-qvio_branding\/#primaryimage","url":"https:\/\/scanreal.fi\/wp-content\/uploads\/2021\/10\/q-vio24878-1440x1209.jpg","contentUrl":"https:\/\/scanreal.fi\/wp-content\/uploads\/2021\/10\/q-vio24878-1440x1209.jpg"},{"@type":"BreadcrumbList","@id":"https:\/\/scanreal.fi\/sv\/case-qvio_branding\/#breadcrumb","itemListElement":[{"@type":"ListItem","position":1,"name":"Etusivu","item":"https:\/\/scanreal.fi\/sv\/"},{"@type":"ListItem","position":2,"name":"Case Q-VIO Branding"}]},{"@type":"WebSite","@id":"https:\/\/scanreal.fi\/#website","url":"https:\/\/scanreal.fi\/","name":"ScanReal","description":"Oikeanlaiset toimitilat yrityksellesi yhdell\u00e4 yhteydenotolla","publisher":{"@id":"https:\/\/scanreal.fi\/#organization"},"potentialAction":[{"@type":"SearchAction","target":{"@type":"EntryPoint","urlTemplate":"https:\/\/scanreal.fi\/?s={search_term_string}"},"query-input":{"@type":"PropertyValueSpecification","valueRequired":true,"valueName":"search_term_string"}}],"inLanguage":"sv-SE"},{"@type":"Organization","@id":"https:\/\/scanreal.fi\/#organization","name":"ScanReal Oy","url":"https:\/\/scanreal.fi\/","logo":{"@type":"ImageObject","inLanguage":"sv-SE","@id":"https:\/\/scanreal.fi\/#\/schema\/logo\/image\/","url":"https:\/\/scanreal.fi\/wp-content\/uploads\/2020\/09\/Logo-Scanreal-sin-pohja-iso.png","contentUrl":"https:\/\/scanreal.fi\/wp-content\/uploads\/2020\/09\/Logo-Scanreal-sin-pohja-iso.png","width":119,"height":55,"caption":"ScanReal Oy"},"image":{"@id":"https:\/\/scanreal.fi\/#\/schema\/logo\/image\/"},"sameAs":["https:\/\/www.facebook.com\/scanreal","https:\/\/www.linkedin.com\/company\/scanreal-oy\/"]}]}},"_links":{"self":[{"href":"https:\/\/scanreal.fi\/sv\/wp-json\/wp\/v2\/pages\/387","targetHints":{"allow":["GET"]}}],"collection":[{"href":"https:\/\/scanreal.fi\/sv\/wp-json\/wp\/v2\/pages"}],"about":[{"href":"https:\/\/scanreal.fi\/sv\/wp-json\/wp\/v2\/types\/page"}],"author":[{"embeddable":true,"href":"https:\/\/scanreal.fi\/sv\/wp-json\/wp\/v2\/users\/4"}],"replies":[{"embeddable":true,"href":"https:\/\/scanreal.fi\/sv\/wp-json\/wp\/v2\/comments?post=387"}],"version-history":[{"count":0,"href":"https:\/\/scanreal.fi\/sv\/wp-json\/wp\/v2\/pages\/387\/revisions"}],"wp:attachment":[{"href":"https:\/\/scanreal.fi\/sv\/wp-json\/wp\/v2\/media?parent=387"}],"curies":[{"name":"wp","href":"https:\/\/api.w.org\/{rel}","templated":true}]}}