{"id":410,"date":"2022-03-08T13:58:39","date_gmt":"2022-03-08T11:58:39","guid":{"rendered":"https:\/\/scanreal.fi\/?page_id=410"},"modified":"2022-03-08T13:58:40","modified_gmt":"2022-03-08T11:58:40","slug":"case-gapps","status":"publish","type":"page","link":"https:\/\/scanreal.fi\/sv\/case-gapps\/","title":{"rendered":"Case Gapps"},"content":{"rendered":"\n<div>\n\t<div id=\"hero-block_5f46c9695746f\" class=\"wp-block block-hero image-text\">\n\t\t<div class=\"grid-container\">\n\t\t\t<div class=\"grid-x grid-padding-x align-center-middle\">\n\t\t\t\t\n\t\t\t\t\t\t\t\t\t<div class=\"cell medium-6 large-5 large-offset-1 text-content\">\n\t\t\t\t\t\t<h3><b>CASE<br \/>\n<span style=\"color: #6cb9ff;\">Gapps<\/span><br \/>\n<b>Helsingfors<\/b><\/b><\/h3>\n<p><b>Vi kunde ge en bra anledning att komma tillbaka till kontoret<\/b><\/p>\n<p><b><i>\u201d\u00c4ven om Covid-19-tiden har fortsatt, gav flytten oss en verklig energiinjektion och vi kunde hoppa in i en ny era. Andan att hj\u00e4lpa och flytta till nya landskap var en riktigt stor sak f\u00f6r oss och m\u00e4nniskor har varit mycket mer p\u00e5 plats sedan dess.<\/i><\/b><b><i>\u201d<\/i><\/b><\/p>\n<p style=\"text-align: right;\"><b><i><strong>Juha Hannulabacka<\/strong><br \/>\nCFO<br \/>\nGapps Oy<\/i><\/b><\/p>\n\t\t\t\t\t\t\t\t\t\t\t<\/div>\n\t\t\t\t\n\t\t\t\t\t\t\t\t\t<div class=\"cell medium-6 large-6\">\n\t\t\t\t\t\t<div class=\"hero-image\" style=\"background-image: url(https:\/\/scanreal.fi\/wp-content\/uploads\/2022\/02\/Gapps-sammalseina\u0308-1.jpg); background-size: cover; background-position: 54.37% 57.04%;\">\n\n\t\t\t\t\t\t<\/div>\n\t\t\t\t\t<\/div>\n\t\t\t\t\t\t\t<\/div>\n\t\t<\/div>\n\t\t<div class=\"hero-social flex-container align-center align-bottom\">\n\t\t\t\t\t<\/div>\n\t<\/div>\n\n\t\n<\/div>\n\n\n<div class=\"wp-block-columns are-vertically-aligned-center is-layout-flex wp-container-core-columns-is-layout-8f761849 wp-block-columns-is-layout-flex\">\n<div class=\"wp-block-column is-vertically-aligned-center is-style-column-narrow is-layout-flow wp-block-column-is-layout-flow\">\n<figure class=\"wp-block-image size-large\"><img loading=\"lazy\" decoding=\"async\" width=\"1440\" height=\"961\" src=\"https:\/\/scanreal.fi\/wp-content\/uploads\/2022\/03\/Gapps-toimisto-1440x961.jpg\" alt=\"Gapps toimisto\" class=\"wp-image-428\" srcset=\"https:\/\/scanreal.fi\/wp-content\/uploads\/2022\/03\/Gapps-toimisto-1440x961.jpg 1440w, https:\/\/scanreal.fi\/wp-content\/uploads\/2022\/03\/Gapps-toimisto-720x480.jpg 720w, https:\/\/scanreal.fi\/wp-content\/uploads\/2022\/03\/Gapps-toimisto-768x512.jpg 768w, https:\/\/scanreal.fi\/wp-content\/uploads\/2022\/03\/Gapps-toimisto-1536x1025.jpg 1536w, https:\/\/scanreal.fi\/wp-content\/uploads\/2022\/03\/Gapps-toimisto-2048x1366.jpg 2048w\" sizes=\"auto, (max-width: 1440px) 100vw, 1440px\" \/><\/figure>\n\n\n\n<p class=\"wp-block-paragraph\"><\/p>\n<\/div>\n\n\n\n<div class=\"wp-block-column is-vertically-aligned-center is-style-column-wide is-layout-flow wp-block-column-is-layout-flow\">\n<p class=\"wp-block-paragraph\"><\/p>\n\n\n\n<p class=\"wp-block-paragraph\"><strong><a href=\"https:\/\/www.gapps.fi\/sv\/\" target=\"_blank\" rel=\"noreferrer noopener\">Gapps Oy,<\/a> grundat 2010, \u00e4r en digital arbetspartner till nordiska f\u00f6retag som grundades 2010.<\/strong><\/p>\n\n\n\n<p class=\"wp-block-paragraph\">F\u00f6retaget har sina r\u00f6tter i Google Cloud -expertis och \u00e5terf\u00f6rs\u00e4ljning. F\u00f6r Gapps \u00e4r det centralt att m\u00f6ta kundens behov och som ett resultat av detta inkluderar erbjudandet nu Slack, den egenutvecklade produkten Happeo och andra tj\u00e4nster och l\u00f6sningar som st\u00f6djer digitalt arbete. Gapps har genomf\u00f6rt mer \u00e4n tusen digitala transformationsprojekt och servar f\u00f6r n\u00e4rvarande mer \u00e4n femhundra kunder. Organisationen med 40 g\u00e4ppsare har vuxit kraftigt de senaste \u00e5ren och detta f\u00f6rv\u00e4ntas forts\u00e4tta \u00e4nnu starkare i framtiden.<\/p>\n\n\n\n<p class=\"wp-block-paragraph\"><\/p>\n\n\n\n<p class=\"wp-block-paragraph\"><\/p>\n\n\n\n<p class=\"cta wp-block-paragraph\"><\/p>\n<\/div>\n<\/div>\n\n\n\n<h4 class=\"wp-block-heading\" id=\"i-takt-med-att-personalen-vaxte-och-livssituationen-forandrades-var-laget-i-centrum-inte-langre-grejen\"><strong><strong>I takt med att personalen v\u00e4xte och livssituationen f\u00f6r\u00e4ndrades var l\u00e4get i centrum inte l\u00e4ngre grejen<\/strong><\/strong><\/h4>\n\n\n\n<div class=\"wp-block-columns is-layout-flex wp-container-core-columns-is-layout-8f761849 wp-block-columns-is-layout-flex\">\n<div class=\"wp-block-column is-layout-flow wp-block-column-is-layout-flow\">\n<p class=\"wp-block-paragraph\">Covid-19 -pandemin innebar sina egna utmaningar; hur man g\u00f6r och var man ska jobba. Redan innan pandemin fick de anst\u00e4llda v\u00e4lja var de skulle arbeta \u2013 vi har personer som arbetar utanf\u00f6r huvudstadsregionen, som Tammerfors, \u00c5bo, Tavastehus och Lahtis. En del har d\u00e4remot gillat att jobba p\u00e5 kontoret och p\u00e5 fredagar brukade vi \u00e4ven ha en cateringlunch som syftade till att locka folk att komma till kontoret f\u00f6r att tr\u00e4ffa varandra. Men p\u00e5 grund av covid-19 saktade organiseringen av dessa gemensamma m\u00f6ten ner p\u00e5 grund av restriktioner, p\u00e5minner <strong>Juha Hannulabacka<\/strong>.<\/p>\n\n\n\n<p class=\"wp-block-paragraph\">Sedan etableringen 2010 har Gapps legat p\u00e5 axeln R\u00f6dbergen-Bulevarden, men i takt med att start-upen v\u00e4xte har ocks\u00e5 m\u00e4nniskor vuxit, bildat familjer och flyttat l\u00e4ngre bort fr\u00e5n stadsk\u00e4rnan, vilket har f\u00f6rsv\u00e5rat vardagen. Sv\u00e5ra transportf\u00f6rbindelser gjorde det ocks\u00e5 sv\u00e5rt att rekrytera nya medarbetare.<\/p>\n\n\n\n<h4 class=\"wp-block-heading\" id=\"ska-vi-osterut-eller-vasterut-eller-stanna-i-centrum\"><meta charset=\"utf-8\"><strong>Ska vi \u00f6sterut eller v\u00e4sterut eller stanna i centrum?<\/strong><\/h4>\n\n\n\n<p class=\"wp-block-paragraph\"><\/p>\n<\/div>\n\n\n\n<div class=\"wp-block-column is-layout-flow wp-block-column-is-layout-flow\">\n<figure class=\"wp-block-image size-full\"><img loading=\"lazy\" decoding=\"async\" width=\"800\" height=\"560\" src=\"https:\/\/scanreal.fi\/wp-content\/uploads\/2022\/03\/Juha-Hannulabacka_800x560.jpg\" alt=\"Juha Hannulabacka\" class=\"wp-image-431\" srcset=\"https:\/\/scanreal.fi\/wp-content\/uploads\/2022\/03\/Juha-Hannulabacka_800x560.jpg 800w, https:\/\/scanreal.fi\/wp-content\/uploads\/2022\/03\/Juha-Hannulabacka_800x560-720x504.jpg 720w, https:\/\/scanreal.fi\/wp-content\/uploads\/2022\/03\/Juha-Hannulabacka_800x560-768x538.jpg 768w\" sizes=\"auto, (max-width: 800px) 100vw, 800px\" \/><\/figure>\n<\/div>\n<\/div>\n\n\n\n<p class=\"wp-block-paragraph\">Med dessa \u00f6verv\u00e4ganden i \u00e5tanke b\u00f6rjade Gapps i b\u00f6rjan av 2021 \u00f6verv\u00e4ga alternativa utrymmen f\u00f6r att ta itu med ovanst\u00e5ende utmaningar. Arbetet b\u00f6rjade med att kartl\u00e4gga lokaliseringen av kontoreta med hj\u00e4lp av f\u00f6ljande kriterier; platsen b\u00f6r ligga mellan Gr\u00e4sholmen och Fiskehamnen, h\u00f6gst 1 km fr\u00e5n tunnelbanan eller n\u00e4ra centralstationen. St\u00f6rre utrymmen som skulle m\u00f6jligg\u00f6ra tillv\u00e4xt.<\/p>\n\n\n\n<p class=\"wp-block-paragraph\">Med dessa kriterier kontaktade vi i maj 2021 <a href=\"https:\/\/scanreal.fi\/sv\/kontaktuppgifter\/\">ScanReals Toni Aulo<\/a>, som jag redan hade goda erfarenheter av fr\u00e5n tidigare uppdrag. Vi valde Toni som samarbetspartner inte bara p\u00e5 grund av hans kompetens utan framf\u00f6r allt f\u00f6r att han har goda relationer med \u00e4garna till lokalerna i omr\u00e5det. Det hade inte varit praktiskt m\u00f6jligt f\u00f6r oss att ha direkt kontakt med \u00e4garna av s\u00e5 m\u00e5nga fastigheter f\u00f6r att f\u00e5 tillg\u00e5ng till s\u00e5 m\u00e5nga alternativ, kommenterar Juha Hannulabacka.<\/p>\n\n\n\n<h4 class=\"wp-block-heading\" id=\"personalen-fick-rosta-pa-sina-favoriter\">Personalen fick r\u00f6sta p\u00e5 sina favoriter<\/h4>\n\n\n\n<p class=\"wp-block-paragraph\">\u00a0<\/p>\n\n\n\n<p class=\"wp-block-paragraph\">Efter att ha f\u00e5tt uppdraget kavlade Toni upp \u00e4rmarna och levererade oss snabbt 30 alternativ som uppfyllde kriterierna. Listan reducerades till 15 lokaler som vi bes\u00f6kte p\u00e5 plats, koordinerade av Toni. Av dessa valde vi ut fyra lokaler av vilka personalen fick r\u00f6sta p\u00e5 sina favoriter. Utrymmena i Kalasataman Ty\u00f6paja, som \u00e4gs av Keva, bredvid Redi och tunnelbanestationen, fick mer \u00e4n h\u00e4lften av r\u00f6sterna i den f\u00f6rsta omr\u00f6stningen, s\u00e5 beslutet om de nya kontorutrymmena var enkelt. Ut\u00f6ver faciliteterna p\u00e5verkades valet av Ty\u00f6paja av de tj\u00e4nster som huset tillhandah\u00e5ller, s\u00e5som en lobbyservice, tv\u00e5 lunchrestauranger, ett gym och en badmintonbana. Intresset f\u00f6r Fiskehamnen som en utvecklingsregion p\u00e5verkade ocks\u00e5 n\u00e4r m\u00e4nniskor valde sina favoriter.<\/p>\n\n\n\n<p class=\"wp-block-paragraph\">Lokalerna var i gott grundskick, men de renoverades fortfarande f\u00f6r att m\u00f6ta v\u00e5ra behov. WakaWakaDesigns stod f\u00f6r designen av lokalerna, d\u00e4r den mossbekl\u00e4dda Gapps-bokstaven byggd av InnoGreen f\u00e5r den uppm\u00e4rksamhet den f\u00f6rtj\u00e4nar. Lokalerna \u00e4r \u00e5tskilda av en remsa av konferensrum, som \u00e4r \u00e5tkomliga fr\u00e5n b\u00e5da sidor. Lokalen togs i bruk i november 2021, s\u00e5 det tog ungef\u00e4r ett halv\u00e5r fr\u00e5n unders\u00f6kning till flytt, avslutar Juha Hannulabacka.<\/p>\n\n\n\n<p class=\"is-style-default has-white-color has-dark-blue-background-color has-text-color has-background wp-block-paragraph\"><strong><span style=\"color: #6cb9ff;\">CASE <\/span><\/strong><span style=\"color: #6cb9ff;\"><strong>Gapps, Helsinki<\/strong><\/span><br><br>UTMANING<br>Lokaler d\u00e4r det \u00e4r l\u00e4tt att komma fr\u00e5n alla h\u00e5ll och ger en god anledning att komma till kontoret f\u00f6r att jobba och tr\u00e4ffa kollegor.<br><br>L\u00d6SNING<br>Ljusa lokaler p\u00e5 ett plan i Kalasataman Ty\u00f6paja alldeles intill tunnelbanestationen.<br><br>LOKALENS STORLEK<br>Kontor 452 m\u00b2<br><\/p>\n\n\n\n<p class=\"wp-block-paragraph\"><\/p>\n\n\n\n<p class=\"wp-block-paragraph\"><\/p>\n","protected":false},"excerpt":{"rendered":"<p>Gapps Oy, grundat 2010, \u00e4r en digital arbetspartner till nordiska f\u00f6retag som grundades 2010. F\u00f6retaget har sina r\u00f6tter i Google Cloud -expertis och \u00e5terf\u00f6rs\u00e4ljning. F\u00f6r Gapps \u00e4r det centralt att m\u00f6ta kundens behov och som&hellip;<\/p>\n","protected":false},"author":4,"featured_media":0,"parent":0,"menu_order":0,"comment_status":"closed","ping_status":"closed","template":"","meta":{"_crdt_document":"","footnotes":""},"class_list":["post-410","page","type-page","status-publish","hentry"],"yoast_head":"<!-- This site is optimized with the Yoast SEO plugin v27.2 - https:\/\/yoast.com\/product\/yoast-seo-wordpress\/ -->\n<title>Case Gapps - ScanReal toimitilat<\/title>\n<meta name=\"description\" content=\"Med hj\u00e4lp av ScanReal hittade Gapps nytt kontor i Helsingfors. Gapps Oy, \u00e4r en digital arbetspartner till nordiska f\u00f6retag. Gapps valde ScanReal som samarbetspartner inte bara p\u00e5 grund av deras kompetens utan framf\u00f6r allt f\u00f6r att de har goda relationer med \u00e4garna till lokalerna i omr\u00e5det.\" \/>\n<meta name=\"robots\" content=\"index, follow, max-snippet:-1, max-image-preview:large, max-video-preview:-1\" \/>\n<link rel=\"canonical\" href=\"https:\/\/scanreal.fi\/sv\/case-gapps\/\" \/>\n<meta property=\"og:locale\" content=\"sv_SE\" \/>\n<meta property=\"og:type\" content=\"article\" \/>\n<meta property=\"og:title\" content=\"Case Gapps - ScanReal toimitilat\" \/>\n<meta property=\"og:description\" content=\"Med hj\u00e4lp av ScanReal hittade Gapps nytt kontor i Helsingfors. Gapps Oy, \u00e4r en digital arbetspartner till nordiska f\u00f6retag. Gapps valde ScanReal som samarbetspartner inte bara p\u00e5 grund av deras kompetens utan framf\u00f6r allt f\u00f6r att de har goda relationer med \u00e4garna till lokalerna i omr\u00e5det.\" \/>\n<meta property=\"og:url\" content=\"https:\/\/scanreal.fi\/sv\/case-gapps\/\" \/>\n<meta property=\"og:site_name\" content=\"ScanReal toimitilat\" \/>\n<meta property=\"article:publisher\" content=\"https:\/\/www.facebook.com\/scanreal\" \/>\n<meta property=\"article:modified_time\" content=\"2022-03-08T11:58:40+00:00\" \/>\n<meta property=\"og:image\" content=\"https:\/\/scanreal.fi\/wp-content\/uploads\/2022\/03\/Gapps-toimisto-1440x961.jpg\" \/>\n<meta name=\"twitter:card\" content=\"summary_large_image\" \/>\n<meta name=\"twitter:label1\" content=\"Ber\u00e4knad l\u00e4stid\" \/>\n\t<meta name=\"twitter:data1\" content=\"5 minuter\" \/>\n<script type=\"application\/ld+json\" class=\"yoast-schema-graph\">{\"@context\":\"https:\/\/schema.org\",\"@graph\":[{\"@type\":\"WebPage\",\"@id\":\"https:\/\/scanreal.fi\/sv\/case-gapps\/\",\"url\":\"https:\/\/scanreal.fi\/sv\/case-gapps\/\",\"name\":\"Case Gapps - ScanReal toimitilat\",\"isPartOf\":{\"@id\":\"https:\/\/scanreal.fi\/#website\"},\"primaryImageOfPage\":{\"@id\":\"https:\/\/scanreal.fi\/sv\/case-gapps\/#primaryimage\"},\"image\":{\"@id\":\"https:\/\/scanreal.fi\/sv\/case-gapps\/#primaryimage\"},\"thumbnailUrl\":\"https:\/\/scanreal.fi\/wp-content\/uploads\/2022\/03\/Gapps-toimisto-1440x961.jpg\",\"datePublished\":\"2022-03-08T11:58:39+00:00\",\"dateModified\":\"2022-03-08T11:58:40+00:00\",\"description\":\"Med hj\u00e4lp av ScanReal hittade Gapps nytt kontor i Helsingfors. Gapps Oy, \u00e4r en digital arbetspartner till nordiska f\u00f6retag. Gapps valde ScanReal som samarbetspartner inte bara p\u00e5 grund av deras kompetens utan framf\u00f6r allt f\u00f6r att de har goda relationer med \u00e4garna till lokalerna i omr\u00e5det.\",\"breadcrumb\":{\"@id\":\"https:\/\/scanreal.fi\/sv\/case-gapps\/#breadcrumb\"},\"inLanguage\":\"sv-SE\",\"potentialAction\":[{\"@type\":\"ReadAction\",\"target\":[\"https:\/\/scanreal.fi\/sv\/case-gapps\/\"]}]},{\"@type\":\"ImageObject\",\"inLanguage\":\"sv-SE\",\"@id\":\"https:\/\/scanreal.fi\/sv\/case-gapps\/#primaryimage\",\"url\":\"https:\/\/scanreal.fi\/wp-content\/uploads\/2022\/03\/Gapps-toimisto-1440x961.jpg\",\"contentUrl\":\"https:\/\/scanreal.fi\/wp-content\/uploads\/2022\/03\/Gapps-toimisto-1440x961.jpg\"},{\"@type\":\"BreadcrumbList\",\"@id\":\"https:\/\/scanreal.fi\/sv\/case-gapps\/#breadcrumb\",\"itemListElement\":[{\"@type\":\"ListItem\",\"position\":1,\"name\":\"Etusivu\",\"item\":\"https:\/\/scanreal.fi\/sv\/\"},{\"@type\":\"ListItem\",\"position\":2,\"name\":\"Case Gapps\"}]},{\"@type\":\"WebSite\",\"@id\":\"https:\/\/scanreal.fi\/#website\",\"url\":\"https:\/\/scanreal.fi\/\",\"name\":\"ScanReal\",\"description\":\"Oikeanlaiset toimitilat yrityksellesi yhdell\u00e4 yhteydenotolla\",\"publisher\":{\"@id\":\"https:\/\/scanreal.fi\/#organization\"},\"potentialAction\":[{\"@type\":\"SearchAction\",\"target\":{\"@type\":\"EntryPoint\",\"urlTemplate\":\"https:\/\/scanreal.fi\/?s={search_term_string}\"},\"query-input\":{\"@type\":\"PropertyValueSpecification\",\"valueRequired\":true,\"valueName\":\"search_term_string\"}}],\"inLanguage\":\"sv-SE\"},{\"@type\":\"Organization\",\"@id\":\"https:\/\/scanreal.fi\/#organization\",\"name\":\"ScanReal Oy\",\"url\":\"https:\/\/scanreal.fi\/\",\"logo\":{\"@type\":\"ImageObject\",\"inLanguage\":\"sv-SE\",\"@id\":\"https:\/\/scanreal.fi\/#\/schema\/logo\/image\/\",\"url\":\"https:\/\/scanreal.fi\/wp-content\/uploads\/2020\/09\/Logo-Scanreal-sin-pohja-iso.png\",\"contentUrl\":\"https:\/\/scanreal.fi\/wp-content\/uploads\/2020\/09\/Logo-Scanreal-sin-pohja-iso.png\",\"width\":119,\"height\":55,\"caption\":\"ScanReal Oy\"},\"image\":{\"@id\":\"https:\/\/scanreal.fi\/#\/schema\/logo\/image\/\"},\"sameAs\":[\"https:\/\/www.facebook.com\/scanreal\",\"https:\/\/www.linkedin.com\/company\/scanreal-oy\/\"]}]}<\/script>\n<!-- \/ Yoast SEO plugin. -->","yoast_head_json":{"title":"Case Gapps - ScanReal toimitilat","description":"Med hj\u00e4lp av ScanReal hittade Gapps nytt kontor i Helsingfors. Gapps Oy, \u00e4r en digital arbetspartner till nordiska f\u00f6retag. Gapps valde ScanReal som samarbetspartner inte bara p\u00e5 grund av deras kompetens utan framf\u00f6r allt f\u00f6r att de har goda relationer med \u00e4garna till lokalerna i omr\u00e5det.","robots":{"index":"index","follow":"follow","max-snippet":"max-snippet:-1","max-image-preview":"max-image-preview:large","max-video-preview":"max-video-preview:-1"},"canonical":"https:\/\/scanreal.fi\/sv\/case-gapps\/","og_locale":"sv_SE","og_type":"article","og_title":"Case Gapps - ScanReal toimitilat","og_description":"Med hj\u00e4lp av ScanReal hittade Gapps nytt kontor i Helsingfors. Gapps Oy, \u00e4r en digital arbetspartner till nordiska f\u00f6retag. Gapps valde ScanReal som samarbetspartner inte bara p\u00e5 grund av deras kompetens utan framf\u00f6r allt f\u00f6r att de har goda relationer med \u00e4garna till lokalerna i omr\u00e5det.","og_url":"https:\/\/scanreal.fi\/sv\/case-gapps\/","og_site_name":"ScanReal toimitilat","article_publisher":"https:\/\/www.facebook.com\/scanreal","article_modified_time":"2022-03-08T11:58:40+00:00","og_image":[{"url":"https:\/\/scanreal.fi\/wp-content\/uploads\/2022\/03\/Gapps-toimisto-1440x961.jpg","type":"","width":"","height":""}],"twitter_card":"summary_large_image","twitter_misc":{"Ber\u00e4knad l\u00e4stid":"5 minuter"},"schema":{"@context":"https:\/\/schema.org","@graph":[{"@type":"WebPage","@id":"https:\/\/scanreal.fi\/sv\/case-gapps\/","url":"https:\/\/scanreal.fi\/sv\/case-gapps\/","name":"Case Gapps - ScanReal toimitilat","isPartOf":{"@id":"https:\/\/scanreal.fi\/#website"},"primaryImageOfPage":{"@id":"https:\/\/scanreal.fi\/sv\/case-gapps\/#primaryimage"},"image":{"@id":"https:\/\/scanreal.fi\/sv\/case-gapps\/#primaryimage"},"thumbnailUrl":"https:\/\/scanreal.fi\/wp-content\/uploads\/2022\/03\/Gapps-toimisto-1440x961.jpg","datePublished":"2022-03-08T11:58:39+00:00","dateModified":"2022-03-08T11:58:40+00:00","description":"Med hj\u00e4lp av ScanReal hittade Gapps nytt kontor i Helsingfors. Gapps Oy, \u00e4r en digital arbetspartner till nordiska f\u00f6retag. Gapps valde ScanReal som samarbetspartner inte bara p\u00e5 grund av deras kompetens utan framf\u00f6r allt f\u00f6r att de har goda relationer med \u00e4garna till lokalerna i omr\u00e5det.","breadcrumb":{"@id":"https:\/\/scanreal.fi\/sv\/case-gapps\/#breadcrumb"},"inLanguage":"sv-SE","potentialAction":[{"@type":"ReadAction","target":["https:\/\/scanreal.fi\/sv\/case-gapps\/"]}]},{"@type":"ImageObject","inLanguage":"sv-SE","@id":"https:\/\/scanreal.fi\/sv\/case-gapps\/#primaryimage","url":"https:\/\/scanreal.fi\/wp-content\/uploads\/2022\/03\/Gapps-toimisto-1440x961.jpg","contentUrl":"https:\/\/scanreal.fi\/wp-content\/uploads\/2022\/03\/Gapps-toimisto-1440x961.jpg"},{"@type":"BreadcrumbList","@id":"https:\/\/scanreal.fi\/sv\/case-gapps\/#breadcrumb","itemListElement":[{"@type":"ListItem","position":1,"name":"Etusivu","item":"https:\/\/scanreal.fi\/sv\/"},{"@type":"ListItem","position":2,"name":"Case Gapps"}]},{"@type":"WebSite","@id":"https:\/\/scanreal.fi\/#website","url":"https:\/\/scanreal.fi\/","name":"ScanReal","description":"Oikeanlaiset toimitilat yrityksellesi yhdell\u00e4 yhteydenotolla","publisher":{"@id":"https:\/\/scanreal.fi\/#organization"},"potentialAction":[{"@type":"SearchAction","target":{"@type":"EntryPoint","urlTemplate":"https:\/\/scanreal.fi\/?s={search_term_string}"},"query-input":{"@type":"PropertyValueSpecification","valueRequired":true,"valueName":"search_term_string"}}],"inLanguage":"sv-SE"},{"@type":"Organization","@id":"https:\/\/scanreal.fi\/#organization","name":"ScanReal Oy","url":"https:\/\/scanreal.fi\/","logo":{"@type":"ImageObject","inLanguage":"sv-SE","@id":"https:\/\/scanreal.fi\/#\/schema\/logo\/image\/","url":"https:\/\/scanreal.fi\/wp-content\/uploads\/2020\/09\/Logo-Scanreal-sin-pohja-iso.png","contentUrl":"https:\/\/scanreal.fi\/wp-content\/uploads\/2020\/09\/Logo-Scanreal-sin-pohja-iso.png","width":119,"height":55,"caption":"ScanReal Oy"},"image":{"@id":"https:\/\/scanreal.fi\/#\/schema\/logo\/image\/"},"sameAs":["https:\/\/www.facebook.com\/scanreal","https:\/\/www.linkedin.com\/company\/scanreal-oy\/"]}]}},"_links":{"self":[{"href":"https:\/\/scanreal.fi\/sv\/wp-json\/wp\/v2\/pages\/410","targetHints":{"allow":["GET"]}}],"collection":[{"href":"https:\/\/scanreal.fi\/sv\/wp-json\/wp\/v2\/pages"}],"about":[{"href":"https:\/\/scanreal.fi\/sv\/wp-json\/wp\/v2\/types\/page"}],"author":[{"embeddable":true,"href":"https:\/\/scanreal.fi\/sv\/wp-json\/wp\/v2\/users\/4"}],"replies":[{"embeddable":true,"href":"https:\/\/scanreal.fi\/sv\/wp-json\/wp\/v2\/comments?post=410"}],"version-history":[{"count":0,"href":"https:\/\/scanreal.fi\/sv\/wp-json\/wp\/v2\/pages\/410\/revisions"}],"wp:attachment":[{"href":"https:\/\/scanreal.fi\/sv\/wp-json\/wp\/v2\/media?parent=410"}],"curies":[{"name":"wp","href":"https:\/\/api.w.org\/{rel}","templated":true}]}}